{"id":6497,"date":"2022-03-07T14:09:56","date_gmt":"2022-03-07T13:09:56","guid":{"rendered":"https:\/\/pmhouse.sk\/wintergaerten\/"},"modified":"2023-03-15T08:27:29","modified_gmt":"2023-03-15T07:27:29","slug":"wintergaerten","status":"publish","type":"page","link":"https:\/\/pmhouse.sk\/de\/wintergaerten\/","title":{"rendered":"Winterg\u00e4rten"},"content":{"rendered":"<p>[et_pb_section fb_built=&#8220;1&#8243; _builder_version=&#8220;4.16&#8243; _module_preset=&#8220;default&#8220; custom_padding=&#8220;20px||14px|||&#8220; global_colors_info=&#8220;{}&#8220;][et_pb_row column_structure=&#8220;1_6,1_6,1_6,1_6,1_6,1_6&#8243; disabled_on=&#8220;off|off|off&#8220; _builder_version=&#8220;4.16&#8243; _module_preset=&#8220;default&#8220; transform_scale=&#8220;80%|80%&#8220; locked=&#8220;off&#8220; global_colors_info=&#8220;{}&#8220;][et_pb_column type=&#8220;1_6&#8243; _builder_version=&#8220;4.16&#8243; _module_preset=&#8220;default&#8220; animation_style=&#8220;zoom&#8220; box_shadow_style=&#8220;preset2&#8243; global_colors_info=&#8220;{}&#8220;][et_pb_button button_url=&#8220;https:\/\/pmhouse.sk\/de\/wintergaerten\/&#8220; button_text=&#8220;Winterg\u00e4rten&#8220; button_alignment=&#8220;center&#8220; _builder_version=&#8220;4.19.1&#8243; _module_preset=&#8220;default&#8220; transform_scale=&#8220;120%|120%&#8220; locked=&#8220;off&#8220; global_colors_info=&#8220;{}&#8220;][\/et_pb_button][\/et_pb_column][et_pb_column type=&#8220;1_6&#8243; _builder_version=&#8220;4.16&#8243; _module_preset=&#8220;default&#8220; animation_style=&#8220;zoom&#8220; box_shadow_style=&#8220;preset2&#8243; global_colors_info=&#8220;{}&#8220;][et_pb_button button_url=&#8220;https:\/\/pmhouse.sk\/de\/kunststoff-fenster\/&#8220; button_text=&#8220;Kunststoff-Fenster&#8220; button_alignment=&#8220;center&#8220; _builder_version=&#8220;4.19.1&#8243; _module_preset=&#8220;default&#8220; locked=&#8220;off&#8220; global_colors_info=&#8220;{}&#8220;][\/et_pb_button][\/et_pb_column][et_pb_column type=&#8220;1_6&#8243; _builder_version=&#8220;4.16&#8243; _module_preset=&#8220;default&#8220; animation_style=&#8220;zoom&#8220; box_shadow_style=&#8220;preset2&#8243; global_colors_info=&#8220;{}&#8220;][et_pb_button button_url=&#8220;https:\/\/pmhouse.sk\/de\/aluminium-fenster\/&#8220; button_text=&#8220;Aluminium-Fenster&#8220; button_alignment=&#8220;center&#8220; _builder_version=&#8220;4.19.1&#8243; _module_preset=&#8220;default&#8220; locked=&#8220;off&#8220; global_colors_info=&#8220;{}&#8220;][\/et_pb_button][\/et_pb_column][et_pb_column type=&#8220;1_6&#8243; _builder_version=&#8220;4.16&#8243; _module_preset=&#8220;default&#8220; animation_style=&#8220;zoom&#8220; box_shadow_style=&#8220;preset2&#8243; global_colors_info=&#8220;{}&#8220;][et_pb_button button_url=&#8220;https:\/\/pmhouse.sk\/de\/aeussere-tueren\/&#8220; button_text=&#8220;\u00c4u\u00dfere T\u00fcren&#8220; button_alignment=&#8220;center&#8220; _builder_version=&#8220;4.19.1&#8243; _module_preset=&#8220;default&#8220; locked=&#8220;off&#8220; global_colors_info=&#8220;{}&#8220;][\/et_pb_button][\/et_pb_column][et_pb_column type=&#8220;1_6&#8243; _builder_version=&#8220;4.16&#8243; _module_preset=&#8220;default&#8220; animation_style=&#8220;zoom&#8220; box_shadow_style=&#8220;preset2&#8243; global_colors_info=&#8220;{}&#8220;][et_pb_button button_url=&#8220;https:\/\/pmhouse.sk\/de\/garagentore\/&#8220; button_text=&#8220;Garagentore&#8220; button_alignment=&#8220;center&#8220; _builder_version=&#8220;4.19.1&#8243; _module_preset=&#8220;default&#8220; locked=&#8220;off&#8220; global_colors_info=&#8220;{}&#8220;][\/et_pb_button][\/et_pb_column][et_pb_column type=&#8220;1_6&#8243; _builder_version=&#8220;4.16&#8243; _module_preset=&#8220;default&#8220; animation_style=&#8220;zoom&#8220; box_shadow_style=&#8220;preset2&#8243; global_colors_info=&#8220;{}&#8220;][et_pb_button button_url=&#8220;https:\/\/pmhouse.sk\/de\/jalousien-und-rollos\/&#8220; button_text=&#8220;Jalousien und Rollos&#8220; button_alignment=&#8220;center&#8220; _builder_version=&#8220;4.19.1&#8243; _module_preset=&#8220;default&#8220; locked=&#8220;off&#8220; global_colors_info=&#8220;{}&#8220;][\/et_pb_button][\/et_pb_column][\/et_pb_row][et_pb_row _builder_version=&#8220;4.16&#8243; _module_preset=&#8220;default&#8220; global_colors_info=&#8220;{}&#8220;][et_pb_column type=&#8220;4_4&#8243; _builder_version=&#8220;4.16&#8243; _module_preset=&#8220;default&#8220; global_colors_info=&#8220;{}&#8220;][et_pb_image src=&#8220;https:\/\/pmhouse.sk\/wp-content\/uploads\/2022\/10\/ZIMNE-ZAHRADY.png&#8220; title_text=&#8220;WINTERG\u00c4RTEN&#8220; _builder_version=&#8220;4.16&#8243; _module_preset=&#8220;default&#8220; global_colors_info=&#8220;{}&#8220;][\/et_pb_image][\/et_pb_column][\/et_pb_row][et_pb_row _builder_version=&#8220;4.16&#8243; _module_preset=&#8220;default&#8220; global_colors_info=&#8220;{}&#8220;][et_pb_column type=&#8220;4_4&#8243; _builder_version=&#8220;4.16&#8243; _module_preset=&#8220;default&#8220; global_colors_info=&#8220;{}&#8220;][et_pb_button button_url=&#8220;https:\/\/pmhouse.sk\/de\/kontakt\/&#8220; button_text=&#8220;Preisangebot&#8220; button_alignment=&#8220;center&#8220; _builder_version=&#8220;4.19.1&#8243; _module_preset=&#8220;default&#8220; locked=&#8220;off&#8220; global_colors_info=&#8220;{}&#8220;][\/et_pb_button][\/et_pb_column][\/et_pb_row][et_pb_row column_structure=&#8220;1_2,1_2&#8243; _builder_version=&#8220;4.16&#8243; _module_preset=&#8220;default&#8220; global_colors_info=&#8220;{}&#8220;][et_pb_column type=&#8220;1_2&#8243; _builder_version=&#8220;4.16&#8243; _module_preset=&#8220;default&#8220; global_colors_info=&#8220;{}&#8220;][et_pb_text _builder_version=&#8220;4.19.1&#8243; _module_preset=&#8220;default&#8220; text_font=&#8220;ISOCPEUR||||||||&#8220; text_font_size=&#8220;18px&#8220; custom_margin=&#8220;196px|-239px|||false|false&#8220; hover_enabled=&#8220;0&#8243; global_colors_info=&#8220;{}&#8220; sticky_enabled=&#8220;0&#8243;]<\/p>\n<p style=\"text-align: center;\"><strong>WINTERG\u00c4RTEN<\/strong><\/p>\n<p style=\"text-align: center;\"><strong><\/strong><\/p>\n<p style=\"text-align: justify;\">Winterg\u00e4rten sind in Europa seit Jahrhunderten bekannt, erleben aber derzeit eine gro\u00dfe Renaissance. Dies ist sowohl auf ihre Attraktivit\u00e4t als auch auf ihre zunehmende Verf\u00fcgbarkeit zur\u00fcckzuf\u00fchren.<\/p>\n<p style=\"text-align: justify;\">Ein weiterer Grund f\u00fcr ihre Beliebtheit ist ihre F\u00e4higkeit, die W\u00e4rmed\u00e4mmung eines Geb\u00e4udes im Einklang mit dem aktuellen Trend zum energieeffizienten Bauen zu verbessern. Angrenzende G\u00e4rten, deren W\u00e4nde eine zus\u00e4tzliche \u00e4u\u00dfere Barriere darstellen, wirken zudem als unterst\u00fctzender Sonnenschutz.<\/p>\n<p style=\"text-align: justify;\">Ein moderner Wintergarten kann eine Reihe von Funktionen erf\u00fcllen. Daher lohnt es sich, bei der Entscheidung f\u00fcr eine bestimmte L\u00f6sung die Erwartungen, die wir an diesen spektakul\u00e4ren, aber auch praktischen Innenraum kn\u00fcpfen, zu analysieren.<\/p>\n<p>[\/et_pb_text][\/et_pb_column][et_pb_column type=&#8220;1_2&#8243; _builder_version=&#8220;4.16&#8243; _module_preset=&#8220;default&#8220; global_colors_info=&#8220;{}&#8220;][et_pb_image src=&#8220;https:\/\/pmhouse.sk\/wp-content\/uploads\/2022\/10\/Snimka-obrazovky-2022-10-25-o-11.20.48.jpg&#8220; title_text=&#8220;Bildschirmfoto 2022-10-25 um 11.20.48&#8243; _builder_version=&#8220;4.16&#8243; _module_preset=&#8220;default&#8220; width=&#8220;54%&#8220; module_alignment=&#8220;right&#8220; global_colors_info=&#8220;{}&#8220;][\/et_pb_image][\/et_pb_column][\/et_pb_row][et_pb_row _builder_version=&#8220;4.16&#8243; _module_preset=&#8220;default&#8220; global_colors_info=&#8220;{}&#8220;][et_pb_column type=&#8220;4_4&#8243; _builder_version=&#8220;4.16&#8243; _module_preset=&#8220;default&#8220; global_colors_info=&#8220;{}&#8220;][et_pb_text _builder_version=&#8220;4.16&#8243; _module_preset=&#8220;default&#8220; text_font=&#8220;ISOCPEUR||||||||&#8220; text_font_size=&#8220;18px&#8220; global_colors_info=&#8220;{}&#8220;]<\/p>\n<p style=\"text-align: center;\"><strong>Winterg\u00e4rten im Angebot<\/strong><\/p>\n<p><span>Die Wintergartenkonstruktionen sind aus Aluminium, mit oder ohne W\u00e4rmebr\u00fccke, in jeder RAL-Farbe, sowie Lackierungen oder <\/span><span>Furniere<\/span><span>  \u00e4hnlich wie Holz. Die G\u00e4rten werden auf der Grundlage eines Standardangebots oder individueller Kundenprojekte mit den folgenden Voraussetzungen angelegt:<\/span><\/p>\n<p style=\"text-align: center;\"><span>&#8211; f\u00fcr jede Breite mit einer Tiefe von bis zu 5500 mm<\/span><\/p>\n<p style=\"text-align: center;\"><span>&#8211; je nach Art des Daches sind Neigungen von 5 bis 35 Grad m\u00f6glich<\/span><\/p>\n<p style=\"text-align: center;\"><span>&#8211; Das Dach und die W\u00e4nde k\u00f6nnen mit beliebigen Glas- und Plattens\u00e4tzen von 4 mm bis 40 mm Dicke gef\u00fcllt werden.<\/span><\/p>\n<p>[\/et_pb_text][\/et_pb_column][\/et_pb_row][et_pb_row _builder_version=&#8220;4.16&#8243; _module_preset=&#8220;default&#8220; global_colors_info=&#8220;{}&#8220;][et_pb_column type=&#8220;4_4&#8243; _builder_version=&#8220;4.16&#8243; _module_preset=&#8220;default&#8220; global_colors_info=&#8220;{}&#8220;][et_pb_text _builder_version=&#8220;4.19.1&#8243; _module_preset=&#8220;default&#8220; text_font=&#8220;ISOCPEUR||||||||&#8220; text_font_size=&#8220;18px&#8220; global_colors_info=&#8220;{}&#8220;]<\/p>\n<p style=\"text-align: center;\">WINTERG\u00c4RTEN SIND MIT EINER F\u00dcNFJ\u00c4HRIGEN GARANTIE AUSGESTATTET.<\/p>\n<p style=\"text-align: center;\">Alle G\u00e4rten werden in Bezug auf die Wind- und Schneelasten f\u00fcr jede Klimazone berechnet. Der Kunde erh\u00e4lt die f\u00fcr den Bau erforderlichen Unterlagen zu den oben genannten Berechnungen.<\/p>\n<p>[\/et_pb_text][\/et_pb_column][\/et_pb_row][et_pb_row _builder_version=&#8220;4.16&#8243; _module_preset=&#8220;default&#8220; global_colors_info=&#8220;{}&#8220;][et_pb_column type=&#8220;4_4&#8243; _builder_version=&#8220;4.16&#8243; _module_preset=&#8220;default&#8220; global_colors_info=&#8220;{}&#8220;][et_pb_image src=&#8220;https:\/\/pmhouse.sk\/wp-content\/uploads\/2022\/10\/Snimka-obrazovky-2022-10-25-o-11.21.16.jpg&#8220; title_text=&#8220;Bildschirmfoto 2022-10-25 um 11.21.16&#8243; _builder_version=&#8220;4.16&#8243; _module_preset=&#8220;default&#8220; global_colors_info=&#8220;{}&#8220;][\/et_pb_image][\/et_pb_column][\/et_pb_row][\/et_pb_section]<\/p>\n","protected":false},"excerpt":{"rendered":"<p>WINTERG\u00c4RTEN Winterg\u00e4rten sind in Europa seit Jahrhunderten bekannt, erleben aber derzeit eine gro\u00dfe Renaissance. Dies ist sowohl auf ihre Attraktivit\u00e4t als auch auf ihre zunehmende Verf\u00fcgbarkeit zur\u00fcckzuf\u00fchren. Ein weiterer Grund f\u00fcr ihre Beliebtheit ist ihre F\u00e4higkeit, die W\u00e4rmed\u00e4mmung eines Geb\u00e4udes im Einklang mit dem aktuellen Trend zum energieeffizienten Bauen zu verbessern. Angrenzende G\u00e4rten, deren W\u00e4nde [&hellip;]<\/p>\n","protected":false},"author":1,"featured_media":0,"parent":0,"menu_order":0,"comment_status":"closed","ping_status":"closed","template":"","meta":{"_et_pb_use_builder":"on","_et_pb_old_content":"","_et_gb_content_width":"","inline_featured_image":false,"_monsterinsights_skip_tracking":false,"_monsterinsights_sitenote_active":false,"_monsterinsights_sitenote_note":"","_monsterinsights_sitenote_category":0,"_uf_show_specific_survey":0,"_uf_disable_surveys":false,"footnotes":""},"class_list":["post-6497","page","type-page","status-publish","hentry"],"aioseo_notices":[],"yoast_head":"<!-- This site is optimized with the Yoast SEO plugin v27.5 - https:\/\/yoast.com\/product\/yoast-seo-wordpress\/ -->\n<title>Winterg\u00e4rten - Pmhouse<\/title>\n<meta name=\"robots\" content=\"index, follow, max-snippet:-1, max-image-preview:large, max-video-preview:-1\" \/>\n<link rel=\"canonical\" href=\"https:\/\/pmhouse.sk\/de\/wintergaerten\/\" \/>\n<meta property=\"og:locale\" content=\"de_DE\" \/>\n<meta property=\"og:type\" content=\"article\" \/>\n<meta property=\"og:title\" content=\"Winterg\u00e4rten - Pmhouse\" \/>\n<meta property=\"og:description\" content=\"WINTERG\u00c4RTEN Winterg\u00e4rten sind in Europa seit Jahrhunderten bekannt, erleben aber derzeit eine gro\u00dfe Renaissance. Dies ist sowohl auf ihre Attraktivit\u00e4t als auch auf ihre zunehmende Verf\u00fcgbarkeit zur\u00fcckzuf\u00fchren. Ein weiterer Grund f\u00fcr ihre Beliebtheit ist ihre F\u00e4higkeit, die W\u00e4rmed\u00e4mmung eines Geb\u00e4udes im Einklang mit dem aktuellen Trend zum energieeffizienten Bauen zu verbessern. Angrenzende G\u00e4rten, deren W\u00e4nde [&hellip;]\" \/>\n<meta property=\"og:url\" content=\"https:\/\/pmhouse.sk\/de\/wintergaerten\/\" \/>\n<meta property=\"og:site_name\" content=\"Pmhouse\" \/>\n<meta property=\"article:modified_time\" content=\"2023-03-15T07:27:29+00:00\" \/>\n<meta name=\"twitter:card\" content=\"summary_large_image\" \/>\n<meta name=\"twitter:label1\" content=\"Gesch\u00e4tzte Lesezeit\" \/>\n\t<meta name=\"twitter:data1\" content=\"5\u00a0Minuten\" \/>\n<script type=\"application\/ld+json\" class=\"yoast-schema-graph\">{\"@context\":\"https:\\\/\\\/schema.org\",\"@graph\":[{\"@type\":\"WebPage\",\"@id\":\"https:\\\/\\\/pmhouse.sk\\\/de\\\/wintergaerten\\\/\",\"url\":\"https:\\\/\\\/pmhouse.sk\\\/de\\\/wintergaerten\\\/\",\"name\":\"Winterg\u00e4rten - Pmhouse\",\"isPartOf\":{\"@id\":\"https:\\\/\\\/pmhouse.sk\\\/de\\\/#website\"},\"datePublished\":\"2022-03-07T13:09:56+00:00\",\"dateModified\":\"2023-03-15T07:27:29+00:00\",\"breadcrumb\":{\"@id\":\"https:\\\/\\\/pmhouse.sk\\\/de\\\/wintergaerten\\\/#breadcrumb\"},\"inLanguage\":\"de\",\"potentialAction\":[{\"@type\":\"ReadAction\",\"target\":[\"https:\\\/\\\/pmhouse.sk\\\/de\\\/wintergaerten\\\/\"]}]},{\"@type\":\"BreadcrumbList\",\"@id\":\"https:\\\/\\\/pmhouse.sk\\\/de\\\/wintergaerten\\\/#breadcrumb\",\"itemListElement\":[{\"@type\":\"ListItem\",\"position\":1,\"name\":\"Home\",\"item\":\"https:\\\/\\\/pmhouse.sk\\\/de\\\/\"},{\"@type\":\"ListItem\",\"position\":2,\"name\":\"Winterg\u00e4rten\"}]},{\"@type\":\"WebSite\",\"@id\":\"https:\\\/\\\/pmhouse.sk\\\/de\\\/#website\",\"url\":\"https:\\\/\\\/pmhouse.sk\\\/de\\\/\",\"name\":\"Pmhouse\",\"description\":\"Modul\u00e1rne domy\",\"potentialAction\":[{\"@type\":\"SearchAction\",\"target\":{\"@type\":\"EntryPoint\",\"urlTemplate\":\"https:\\\/\\\/pmhouse.sk\\\/de\\\/?s={search_term_string}\"},\"query-input\":{\"@type\":\"PropertyValueSpecification\",\"valueRequired\":true,\"valueName\":\"search_term_string\"}}],\"inLanguage\":\"de\"}]}<\/script>\n<!-- \/ Yoast SEO plugin. -->","yoast_head_json":{"title":"Winterg\u00e4rten - Pmhouse","robots":{"index":"index","follow":"follow","max-snippet":"max-snippet:-1","max-image-preview":"max-image-preview:large","max-video-preview":"max-video-preview:-1"},"canonical":"https:\/\/pmhouse.sk\/de\/wintergaerten\/","og_locale":"de_DE","og_type":"article","og_title":"Winterg\u00e4rten - Pmhouse","og_description":"WINTERG\u00c4RTEN Winterg\u00e4rten sind in Europa seit Jahrhunderten bekannt, erleben aber derzeit eine gro\u00dfe Renaissance. Dies ist sowohl auf ihre Attraktivit\u00e4t als auch auf ihre zunehmende Verf\u00fcgbarkeit zur\u00fcckzuf\u00fchren. Ein weiterer Grund f\u00fcr ihre Beliebtheit ist ihre F\u00e4higkeit, die W\u00e4rmed\u00e4mmung eines Geb\u00e4udes im Einklang mit dem aktuellen Trend zum energieeffizienten Bauen zu verbessern. Angrenzende G\u00e4rten, deren W\u00e4nde [&hellip;]","og_url":"https:\/\/pmhouse.sk\/de\/wintergaerten\/","og_site_name":"Pmhouse","article_modified_time":"2023-03-15T07:27:29+00:00","twitter_card":"summary_large_image","twitter_misc":{"Gesch\u00e4tzte Lesezeit":"5\u00a0Minuten"},"schema":{"@context":"https:\/\/schema.org","@graph":[{"@type":"WebPage","@id":"https:\/\/pmhouse.sk\/de\/wintergaerten\/","url":"https:\/\/pmhouse.sk\/de\/wintergaerten\/","name":"Winterg\u00e4rten - Pmhouse","isPartOf":{"@id":"https:\/\/pmhouse.sk\/de\/#website"},"datePublished":"2022-03-07T13:09:56+00:00","dateModified":"2023-03-15T07:27:29+00:00","breadcrumb":{"@id":"https:\/\/pmhouse.sk\/de\/wintergaerten\/#breadcrumb"},"inLanguage":"de","potentialAction":[{"@type":"ReadAction","target":["https:\/\/pmhouse.sk\/de\/wintergaerten\/"]}]},{"@type":"BreadcrumbList","@id":"https:\/\/pmhouse.sk\/de\/wintergaerten\/#breadcrumb","itemListElement":[{"@type":"ListItem","position":1,"name":"Home","item":"https:\/\/pmhouse.sk\/de\/"},{"@type":"ListItem","position":2,"name":"Winterg\u00e4rten"}]},{"@type":"WebSite","@id":"https:\/\/pmhouse.sk\/de\/#website","url":"https:\/\/pmhouse.sk\/de\/","name":"Pmhouse","description":"Modul\u00e1rne domy","potentialAction":[{"@type":"SearchAction","target":{"@type":"EntryPoint","urlTemplate":"https:\/\/pmhouse.sk\/de\/?s={search_term_string}"},"query-input":{"@type":"PropertyValueSpecification","valueRequired":true,"valueName":"search_term_string"}}],"inLanguage":"de"}]}},"_links":{"self":[{"href":"https:\/\/pmhouse.sk\/de\/wp-json\/wp\/v2\/pages\/6497","targetHints":{"allow":["GET"]}}],"collection":[{"href":"https:\/\/pmhouse.sk\/de\/wp-json\/wp\/v2\/pages"}],"about":[{"href":"https:\/\/pmhouse.sk\/de\/wp-json\/wp\/v2\/types\/page"}],"author":[{"embeddable":true,"href":"https:\/\/pmhouse.sk\/de\/wp-json\/wp\/v2\/users\/1"}],"replies":[{"embeddable":true,"href":"https:\/\/pmhouse.sk\/de\/wp-json\/wp\/v2\/comments?post=6497"}],"version-history":[{"count":6,"href":"https:\/\/pmhouse.sk\/de\/wp-json\/wp\/v2\/pages\/6497\/revisions"}],"predecessor-version":[{"id":11442,"href":"https:\/\/pmhouse.sk\/de\/wp-json\/wp\/v2\/pages\/6497\/revisions\/11442"}],"wp:attachment":[{"href":"https:\/\/pmhouse.sk\/de\/wp-json\/wp\/v2\/media?parent=6497"}],"curies":[{"name":"wp","href":"https:\/\/api.w.org\/{rel}","templated":true}]}}