{"id":6439,"date":"2022-03-07T14:09:56","date_gmt":"2022-03-07T13:09:56","guid":{"rendered":"https:\/\/pmhouse.sk\/garagentore\/"},"modified":"2023-01-30T12:50:05","modified_gmt":"2023-01-30T11:50:05","slug":"garagentore","status":"publish","type":"page","link":"https:\/\/pmhouse.sk\/de\/garagentore\/","title":{"rendered":"Garagentore"},"content":{"rendered":"<p>[et_pb_section fb_built=&#8220;1&#8243; _builder_version=&#8220;4.16&#8243; _module_preset=&#8220;default&#8220; custom_padding=&#8220;20px||14px|||&#8220; global_colors_info=&#8220;{}&#8220;][et_pb_row column_structure=&#8220;1_6,1_6,1_6,1_6,1_6,1_6&#8243; disabled_on=&#8220;off|off|off&#8220; _builder_version=&#8220;4.16&#8243; _module_preset=&#8220;default&#8220; transform_scale=&#8220;80%|80%&#8220; locked=&#8220;off&#8220; global_colors_info=&#8220;{}&#8220;][et_pb_column type=&#8220;1_6&#8243; _builder_version=&#8220;4.16&#8243; _module_preset=&#8220;default&#8220; animation_style=&#8220;zoom&#8220; box_shadow_style=&#8220;preset2&#8243; global_colors_info=&#8220;{}&#8220;][et_pb_button button_url=&#8220;https:\/\/pmhouse.sk\/de\/garagentore\/&#8220; button_text=&#8220;Garagentore&#8220; button_alignment=&#8220;center&#8220; _builder_version=&#8220;4.19.1&#8243; _module_preset=&#8220;default&#8220; transform_scale=&#8220;120%|120%&#8220; hover_enabled=&#8220;0&#8243; locked=&#8220;off&#8220; global_colors_info=&#8220;{}&#8220; sticky_enabled=&#8220;0&#8243;][\/et_pb_button][\/et_pb_column][et_pb_column type=&#8220;1_6&#8243; _builder_version=&#8220;4.16&#8243; _module_preset=&#8220;default&#8220; animation_style=&#8220;zoom&#8220; box_shadow_style=&#8220;preset2&#8243; global_colors_info=&#8220;{}&#8220;][et_pb_button button_url=&#8220;https:\/\/pmhouse.sk\/de\/jalousien-und-rollos\/&#8220; button_text=&#8220;Jalousien und Rollos&#8220; button_alignment=&#8220;center&#8220; _builder_version=&#8220;4.19.1&#8243; _module_preset=&#8220;default&#8220; hover_enabled=&#8220;0&#8243; locked=&#8220;off&#8220; global_colors_info=&#8220;{}&#8220; sticky_enabled=&#8220;0&#8243;][\/et_pb_button][\/et_pb_column][et_pb_column type=&#8220;1_6&#8243; _builder_version=&#8220;4.16&#8243; _module_preset=&#8220;default&#8220; animation_style=&#8220;zoom&#8220; box_shadow_style=&#8220;preset2&#8243; global_colors_info=&#8220;{}&#8220;][et_pb_button button_url=&#8220;https:\/\/pmhouse.sk\/de\/wintergaerten\/&#8220; button_text=&#8220;Winterg\u00e4rten&#8220; button_alignment=&#8220;center&#8220; _builder_version=&#8220;4.19.1&#8243; _module_preset=&#8220;default&#8220; hover_enabled=&#8220;0&#8243; locked=&#8220;off&#8220; global_colors_info=&#8220;{}&#8220; sticky_enabled=&#8220;0&#8243;][\/et_pb_button][\/et_pb_column][et_pb_column type=&#8220;1_6&#8243; _builder_version=&#8220;4.16&#8243; _module_preset=&#8220;default&#8220; animation_style=&#8220;zoom&#8220; box_shadow_style=&#8220;preset2&#8243; global_colors_info=&#8220;{}&#8220;][et_pb_button button_url=&#8220;https:\/\/pmhouse.sk\/de\/kunststoff-fenster\/&#8220; button_text=&#8220;Kunststoff-Fenster&#8220; button_alignment=&#8220;center&#8220; _builder_version=&#8220;4.19.1&#8243; _module_preset=&#8220;default&#8220; hover_enabled=&#8220;0&#8243; locked=&#8220;off&#8220; global_colors_info=&#8220;{}&#8220; sticky_enabled=&#8220;0&#8243;][\/et_pb_button][\/et_pb_column][et_pb_column type=&#8220;1_6&#8243; _builder_version=&#8220;4.16&#8243; _module_preset=&#8220;default&#8220; animation_style=&#8220;zoom&#8220; box_shadow_style=&#8220;preset2&#8243; global_colors_info=&#8220;{}&#8220;][et_pb_button button_url=&#8220;https:\/\/pmhouse.sk\/de\/aluminium-fenster\/&#8220; button_text=&#8220;Aluminium-Fenster&#8220; button_alignment=&#8220;center&#8220; _builder_version=&#8220;4.19.1&#8243; _module_preset=&#8220;default&#8220; hover_enabled=&#8220;0&#8243; locked=&#8220;off&#8220; global_colors_info=&#8220;{}&#8220; sticky_enabled=&#8220;0&#8243;][\/et_pb_button][\/et_pb_column][et_pb_column type=&#8220;1_6&#8243; _builder_version=&#8220;4.16&#8243; _module_preset=&#8220;default&#8220; animation_style=&#8220;zoom&#8220; box_shadow_style=&#8220;preset2&#8243; global_colors_info=&#8220;{}&#8220;][et_pb_button button_url=&#8220;https:\/\/pmhouse.sk\/de\/aeussere-tueren\/&#8220; button_text=&#8220;\u00c4u\u00dfere T\u00fcren&#8220; button_alignment=&#8220;center&#8220; _builder_version=&#8220;4.19.1&#8243; _module_preset=&#8220;default&#8220; hover_enabled=&#8220;0&#8243; locked=&#8220;off&#8220; global_colors_info=&#8220;{}&#8220; sticky_enabled=&#8220;0&#8243;][\/et_pb_button][\/et_pb_column][\/et_pb_row][et_pb_row _builder_version=&#8220;4.16&#8243; _module_preset=&#8220;default&#8220; global_colors_info=&#8220;{}&#8220;][et_pb_column type=&#8220;4_4&#8243; _builder_version=&#8220;4.16&#8243; _module_preset=&#8220;default&#8220; global_colors_info=&#8220;{}&#8220;][et_pb_image src=&#8220;https:\/\/pmhouse.sk\/wp-content\/uploads\/2022\/10\/GARAZOVE-BRANY.png&#8220; title_text=&#8220;GARAGEN-TOREN&#8220; _builder_version=&#8220;4.16&#8243; _module_preset=&#8220;default&#8220; global_colors_info=&#8220;{}&#8220;][\/et_pb_image][\/et_pb_column][\/et_pb_row][et_pb_row _builder_version=&#8220;4.16&#8243; _module_preset=&#8220;default&#8220; global_colors_info=&#8220;{}&#8220;][et_pb_column type=&#8220;4_4&#8243; _builder_version=&#8220;4.16&#8243; _module_preset=&#8220;default&#8220; global_colors_info=&#8220;{}&#8220;][et_pb_button button_url=&#8220;https:\/\/pmhouse.sk\/de\/kontakt\/&#8220; button_text=&#8220;Preisangebot&#8220; button_alignment=&#8220;center&#8220; _builder_version=&#8220;4.19.1&#8243; _module_preset=&#8220;default&#8220; hover_enabled=&#8220;0&#8243; locked=&#8220;off&#8220; global_colors_info=&#8220;{}&#8220; sticky_enabled=&#8220;0&#8243;][\/et_pb_button][\/et_pb_column][\/et_pb_row][et_pb_row column_structure=&#8220;1_2,1_2&#8243; _builder_version=&#8220;4.16&#8243; _module_preset=&#8220;default&#8220; global_colors_info=&#8220;{}&#8220;][et_pb_column type=&#8220;1_2&#8243; _builder_version=&#8220;4.16&#8243; _module_preset=&#8220;default&#8220; global_colors_info=&#8220;{}&#8220;][et_pb_image src=&#8220;https:\/\/pmhouse.sk\/wp-content\/uploads\/2022\/10\/Snimka-obrazovky-2022-10-25-o-11.12.12.jpg&#8220; title_text=&#8220;Bildschirmfoto 2022-10-25 o 11.12.12&#8243; _builder_version=&#8220;4.16&#8243; _module_preset=&#8220;default&#8220; width=&#8220;84%&#8220; global_colors_info=&#8220;{}&#8220;][\/et_pb_image][\/et_pb_column][et_pb_column type=&#8220;1_2&#8243; _builder_version=&#8220;4.16&#8243; _module_preset=&#8220;default&#8220; global_colors_info=&#8220;{}&#8220;][et_pb_text _builder_version=&#8220;4.16&#8243; _module_preset=&#8220;default&#8220; text_font=&#8220;ISOCPEUR||||||||&#8220; text_font_size=&#8220;18px&#8220; global_colors_info=&#8220;{}&#8220;]<\/p>\n<p style=\"text-align: center;\"><strong><\/strong><\/p>\n<p style=\"text-align: center;\"><strong><\/strong><\/p>\n<p style=\"text-align: center;\"><strong><\/strong><\/p>\n<p style=\"text-align: center;\"><strong><\/strong><\/p>\n<p style=\"text-align: right;\"><strong><\/strong><\/p>\n<p style=\"text-align: right;\"><strong><\/strong><\/p>\n<p style=\"text-align: right;\"><strong>PRODUKTE F\u00dcR EINZELNE KUNDEN<\/strong><\/p>\n<p style=\"text-align: center;\"><strong><\/strong><\/p>\n<p style=\"text-align: right;\"><span>&#8211; Garagenschwingtore, Sektionaltore und Rolltore<\/span><\/p>\n<p style=\"text-align: right;\"><span>&#8211; T\u00fcren &#8211; au\u00dfen, innen, technische R\u00e4ume (Keller, Garage, Heizungsraum)<\/span><\/p>\n<p style=\"text-align: right;\"><span>&#8211; Antriebe und Steuerungen &#8211; Garagentore, Haust\u00fcren<\/span><\/p>\n<p>[\/et_pb_text][\/et_pb_column][\/et_pb_row][et_pb_row column_structure=&#8220;1_2,1_2&#8243; _builder_version=&#8220;4.16&#8243; _module_preset=&#8220;default&#8220; min_height=&#8220;606px&#8220; custom_margin=&#8220;58px||||false|false&#8220; global_colors_info=&#8220;{}&#8220;][et_pb_column type=&#8220;1_2&#8243; _builder_version=&#8220;4.16&#8243; _module_preset=&#8220;default&#8220; global_colors_info=&#8220;{}&#8220;][et_pb_text _builder_version=&#8220;4.16&#8243; _module_preset=&#8220;default&#8220; text_font=&#8220;ISOCPEUR||||||||&#8220; text_font_size=&#8220;18px&#8220; global_colors_info=&#8220;{}&#8220;]<\/p>\n<p style=\"text-align: center;\"><strong><\/strong><\/p>\n<p style=\"text-align: center;\"><strong><\/strong><\/p>\n<p style=\"text-align: center;\"><strong><\/strong><\/p>\n<p style=\"text-align: center;\"><strong><\/strong><\/p>\n<p style=\"text-align: center;\"><strong><\/strong><\/p>\n<p style=\"text-align: center;\"><strong><\/strong><\/p>\n<p style=\"text-align: left;\"><strong>PRODUKTE F\u00dcR INDUSTRIE UND INSTITUTIONEN<\/strong><\/p>\n<p style=\"text-align: center;\"><strong><\/strong><\/p>\n<p style=\"text-align: center;\"><strong><\/strong><\/p>\n<p><span>&#8211; Rahmen &#8211; segmentiert, gerollt, gleitend<\/span><\/p>\n<p><span>&#8211; Logistikl\u00f6sungen &#8211; Rampen, Dichtungen<\/span><\/p>\n<p><span>&#8211; Spezialtore &#8211; Brandschutzt\u00fcren, <\/span><span>schnelles Rollen<\/span><span>Gro\u00dfgaragen<\/span><\/p>\n<p><span>&#8211; Brandschutzt\u00fcren und -abschl\u00fcsse<\/span><\/p>\n<p><span>&#8211; technische und spezielle T\u00fcren<\/span><\/p>\n<p><span>&#8211; Automatisierung von Toren und T\u00fcren<\/span><\/p>\n<p>[\/et_pb_text][\/et_pb_column][et_pb_column type=&#8220;1_2&#8243; _builder_version=&#8220;4.16&#8243; _module_preset=&#8220;default&#8220; global_colors_info=&#8220;{}&#8220;][et_pb_image src=&#8220;https:\/\/pmhouse.sk\/wp-content\/uploads\/2022\/10\/Snimka-obrazovky-2022-10-25-o-11.12.31-2.jpg&#8220; title_text=&#8220;Snimka-obrazovky-2022-10-25-o-11.12.31&#8243; _builder_version=&#8220;4.16&#8243; _module_preset=&#8220;default&#8220; global_colors_info=&#8220;{}&#8220;][\/et_pb_image][\/et_pb_column][\/et_pb_row][et_pb_row _builder_version=&#8220;4.16&#8243; _module_preset=&#8220;default&#8220; global_colors_info=&#8220;{}&#8220;][et_pb_column type=&#8220;4_4&#8243; _builder_version=&#8220;4.16&#8243; _module_preset=&#8220;default&#8220; global_colors_info=&#8220;{}&#8220;][et_pb_divider _builder_version=&#8220;4.16&#8243; _module_preset=&#8220;default&#8220; global_colors_info=&#8220;{}&#8220;][\/et_pb_divider][\/et_pb_column][\/et_pb_row][\/et_pb_section]<\/p>\n","protected":false},"excerpt":{"rendered":"<p>PRODUKTE F\u00dcR EINZELNE KUNDEN &#8211; Garagenschwingtore, Sektionaltore und Rolltore &#8211; T\u00fcren &#8211; au\u00dfen, innen, technische R\u00e4ume (Keller, Garage, Heizungsraum) &#8211; Antriebe und Steuerungen &#8211; Garagentore, Haust\u00fcren PRODUKTE F\u00dcR INDUSTRIE UND INSTITUTIONEN &#8211; Rahmen &#8211; segmentiert, gerollt, gleitend &#8211; Logistikl\u00f6sungen &#8211; Rampen, Dichtungen &#8211; Spezialtore &#8211; Brandschutzt\u00fcren, schnelles RollenGro\u00dfgaragen &#8211; Brandschutzt\u00fcren und -abschl\u00fcsse &#8211; technische und [&hellip;]<\/p>\n","protected":false},"author":1,"featured_media":0,"parent":0,"menu_order":0,"comment_status":"closed","ping_status":"closed","template":"","meta":{"_et_pb_use_builder":"on","_et_pb_old_content":"","_et_gb_content_width":"","inline_featured_image":false,"_monsterinsights_skip_tracking":false,"_monsterinsights_sitenote_active":false,"_monsterinsights_sitenote_note":"","_monsterinsights_sitenote_category":0,"_uf_show_specific_survey":0,"_uf_disable_surveys":false,"footnotes":""},"class_list":["post-6439","page","type-page","status-publish","hentry"],"aioseo_notices":[],"yoast_head":"<!-- This site is optimized with the Yoast SEO plugin v26.8 - https:\/\/yoast.com\/product\/yoast-seo-wordpress\/ -->\n<title>Garagentore - Pmhouse<\/title>\n<meta name=\"robots\" content=\"index, follow, max-snippet:-1, max-image-preview:large, max-video-preview:-1\" \/>\n<link rel=\"canonical\" href=\"https:\/\/pmhouse.sk\/de\/garagentore\/\" \/>\n<meta property=\"og:locale\" content=\"de_DE\" \/>\n<meta property=\"og:type\" content=\"article\" \/>\n<meta property=\"og:title\" content=\"Garagentore - Pmhouse\" \/>\n<meta property=\"og:description\" content=\"PRODUKTE F\u00dcR EINZELNE KUNDEN - Garagenschwingtore, Sektionaltore und Rolltore - T\u00fcren - au\u00dfen, innen, technische R\u00e4ume (Keller, Garage, Heizungsraum) - Antriebe und Steuerungen - Garagentore, Haust\u00fcren PRODUKTE F\u00dcR INDUSTRIE UND INSTITUTIONEN - Rahmen - segmentiert, gerollt, gleitend - Logistikl\u00f6sungen - Rampen, Dichtungen - Spezialtore - Brandschutzt\u00fcren, schnelles RollenGro\u00dfgaragen - Brandschutzt\u00fcren und -abschl\u00fcsse - technische und [&hellip;]\" \/>\n<meta property=\"og:url\" content=\"https:\/\/pmhouse.sk\/de\/garagentore\/\" \/>\n<meta property=\"og:site_name\" content=\"Pmhouse\" \/>\n<meta property=\"article:modified_time\" content=\"2023-01-30T11:50:05+00:00\" \/>\n<meta name=\"twitter:card\" content=\"summary_large_image\" \/>\n<meta name=\"twitter:label1\" content=\"Gesch\u00e4tzte Lesezeit\" \/>\n\t<meta name=\"twitter:data1\" content=\"4\u00a0Minuten\" \/>\n<script type=\"application\/ld+json\" class=\"yoast-schema-graph\">{\"@context\":\"https:\/\/schema.org\",\"@graph\":[{\"@type\":\"WebPage\",\"@id\":\"https:\/\/pmhouse.sk\/de\/garagentore\/\",\"url\":\"https:\/\/pmhouse.sk\/de\/garagentore\/\",\"name\":\"Garagentore - Pmhouse\",\"isPartOf\":{\"@id\":\"https:\/\/pmhouse.sk\/de\/#website\"},\"datePublished\":\"2022-03-07T13:09:56+00:00\",\"dateModified\":\"2023-01-30T11:50:05+00:00\",\"breadcrumb\":{\"@id\":\"https:\/\/pmhouse.sk\/de\/garagentore\/#breadcrumb\"},\"inLanguage\":\"de\",\"potentialAction\":[{\"@type\":\"ReadAction\",\"target\":[\"https:\/\/pmhouse.sk\/de\/garagentore\/\"]}]},{\"@type\":\"BreadcrumbList\",\"@id\":\"https:\/\/pmhouse.sk\/de\/garagentore\/#breadcrumb\",\"itemListElement\":[{\"@type\":\"ListItem\",\"position\":1,\"name\":\"Home\",\"item\":\"https:\/\/pmhouse.sk\/de\/\"},{\"@type\":\"ListItem\",\"position\":2,\"name\":\"Garagentore\"}]},{\"@type\":\"WebSite\",\"@id\":\"https:\/\/pmhouse.sk\/de\/#website\",\"url\":\"https:\/\/pmhouse.sk\/de\/\",\"name\":\"Pmhouse\",\"description\":\"Modul\u00e1rne domy\",\"potentialAction\":[{\"@type\":\"SearchAction\",\"target\":{\"@type\":\"EntryPoint\",\"urlTemplate\":\"https:\/\/pmhouse.sk\/de\/?s={search_term_string}\"},\"query-input\":{\"@type\":\"PropertyValueSpecification\",\"valueRequired\":true,\"valueName\":\"search_term_string\"}}],\"inLanguage\":\"de\"}]}<\/script>\n<!-- \/ Yoast SEO plugin. -->","yoast_head_json":{"title":"Garagentore - Pmhouse","robots":{"index":"index","follow":"follow","max-snippet":"max-snippet:-1","max-image-preview":"max-image-preview:large","max-video-preview":"max-video-preview:-1"},"canonical":"https:\/\/pmhouse.sk\/de\/garagentore\/","og_locale":"de_DE","og_type":"article","og_title":"Garagentore - Pmhouse","og_description":"PRODUKTE F\u00dcR EINZELNE KUNDEN - Garagenschwingtore, Sektionaltore und Rolltore - T\u00fcren - au\u00dfen, innen, technische R\u00e4ume (Keller, Garage, Heizungsraum) - Antriebe und Steuerungen - Garagentore, Haust\u00fcren PRODUKTE F\u00dcR INDUSTRIE UND INSTITUTIONEN - Rahmen - segmentiert, gerollt, gleitend - Logistikl\u00f6sungen - Rampen, Dichtungen - Spezialtore - Brandschutzt\u00fcren, schnelles RollenGro\u00dfgaragen - Brandschutzt\u00fcren und -abschl\u00fcsse - technische und [&hellip;]","og_url":"https:\/\/pmhouse.sk\/de\/garagentore\/","og_site_name":"Pmhouse","article_modified_time":"2023-01-30T11:50:05+00:00","twitter_card":"summary_large_image","twitter_misc":{"Gesch\u00e4tzte Lesezeit":"4\u00a0Minuten"},"schema":{"@context":"https:\/\/schema.org","@graph":[{"@type":"WebPage","@id":"https:\/\/pmhouse.sk\/de\/garagentore\/","url":"https:\/\/pmhouse.sk\/de\/garagentore\/","name":"Garagentore - Pmhouse","isPartOf":{"@id":"https:\/\/pmhouse.sk\/de\/#website"},"datePublished":"2022-03-07T13:09:56+00:00","dateModified":"2023-01-30T11:50:05+00:00","breadcrumb":{"@id":"https:\/\/pmhouse.sk\/de\/garagentore\/#breadcrumb"},"inLanguage":"de","potentialAction":[{"@type":"ReadAction","target":["https:\/\/pmhouse.sk\/de\/garagentore\/"]}]},{"@type":"BreadcrumbList","@id":"https:\/\/pmhouse.sk\/de\/garagentore\/#breadcrumb","itemListElement":[{"@type":"ListItem","position":1,"name":"Home","item":"https:\/\/pmhouse.sk\/de\/"},{"@type":"ListItem","position":2,"name":"Garagentore"}]},{"@type":"WebSite","@id":"https:\/\/pmhouse.sk\/de\/#website","url":"https:\/\/pmhouse.sk\/de\/","name":"Pmhouse","description":"Modul\u00e1rne domy","potentialAction":[{"@type":"SearchAction","target":{"@type":"EntryPoint","urlTemplate":"https:\/\/pmhouse.sk\/de\/?s={search_term_string}"},"query-input":{"@type":"PropertyValueSpecification","valueRequired":true,"valueName":"search_term_string"}}],"inLanguage":"de"}]}},"_links":{"self":[{"href":"https:\/\/pmhouse.sk\/de\/wp-json\/wp\/v2\/pages\/6439","targetHints":{"allow":["GET"]}}],"collection":[{"href":"https:\/\/pmhouse.sk\/de\/wp-json\/wp\/v2\/pages"}],"about":[{"href":"https:\/\/pmhouse.sk\/de\/wp-json\/wp\/v2\/types\/page"}],"author":[{"embeddable":true,"href":"https:\/\/pmhouse.sk\/de\/wp-json\/wp\/v2\/users\/1"}],"replies":[{"embeddable":true,"href":"https:\/\/pmhouse.sk\/de\/wp-json\/wp\/v2\/comments?post=6439"}],"version-history":[{"count":5,"href":"https:\/\/pmhouse.sk\/de\/wp-json\/wp\/v2\/pages\/6439\/revisions"}],"predecessor-version":[{"id":10367,"href":"https:\/\/pmhouse.sk\/de\/wp-json\/wp\/v2\/pages\/6439\/revisions\/10367"}],"wp:attachment":[{"href":"https:\/\/pmhouse.sk\/de\/wp-json\/wp\/v2\/media?parent=6439"}],"curies":[{"name":"wp","href":"https:\/\/api.w.org\/{rel}","templated":true}]}}