{"id":5993,"date":"2022-06-02T11:58:59","date_gmt":"2022-06-02T09:58:59","guid":{"rendered":"https:\/\/pmhouse.sk\/bedingungen-und-konditionen\/"},"modified":"2023-01-31T16:24:00","modified_gmt":"2023-01-31T15:24:00","slug":"bedingungen-und-konditionen","status":"publish","type":"page","link":"https:\/\/pmhouse.sk\/de\/bedingungen-und-konditionen\/","title":{"rendered":"Bedingungen und Konditionen"},"content":{"rendered":"<p>[et_pb_section fb_built=&#8220;1&#8243; _builder_version=&#8220;4.16&#8243; _module_preset=&#8220;default&#8220; custom_padding=&#8220;20px||14px|||&#8220; global_colors_info=&#8220;{}&#8220;][et_pb_row _builder_version=&#8220;4.16&#8243; _module_preset=&#8220;default&#8220; global_colors_info=&#8220;{}&#8220;][et_pb_column type=&#8220;4_4&#8243; _builder_version=&#8220;4.16&#8243; _module_preset=&#8220;default&#8220; global_colors_info=&#8220;{}&#8220;][et_pb_text _builder_version=&#8220;4.16&#8243; _module_preset=&#8220;default&#8220; header_font=&#8220;|700|||||||&#8220; background_color=&#8220;#f6f7fc&#8220; custom_padding=&#8220;46px|56px|46px|56px|true|true&#8220; border_radii=&#8220;on|16px|16px|16px|16px&#8220; global_colors_info=&#8220;{}&#8220;]<\/p>\n<h1>Faq<\/h1>\n<p>[\/et_pb_text][et_pb_text _builder_version=&#8220;4.16&#8243; _module_preset=&#8220;default&#8220; header_font=&#8220;|700|||||||&#8220; background_color=&#8220;#f6f7fc&#8220; custom_padding=&#8220;46px|56px|46px|56px|true|true&#8220; border_radii=&#8220;on|16px|16px|16px|16px&#8220; global_colors_info=&#8220;{}&#8220;]<\/p>\n<p><span>Modulares Bauen und insbesondere Wohncontainer stellen eine neue Alternative im Bauwesen dar. Wenn Sie sich entscheiden, dass Sie schnell (in ein paar Wochen) Ihr Haus bauen wollen, aber auch z.B. ein kleines Caf\u00e9, ein Wochenendhaus oder Einrichtungen f\u00fcr Arbeiter, ist ein Wohncontainer die ideale L\u00f6sung.<\/span><\/p>\n<p>[\/et_pb_text][\/et_pb_column][\/et_pb_row][\/et_pb_section]<\/p>\n","protected":false},"excerpt":{"rendered":"<p>FaqModulares Bauen und insbesondere Wohncontainer stellen eine neue Alternative im Bauwesen dar. Wenn Sie sich entscheiden, dass Sie schnell (in ein paar Wochen) Ihr Haus bauen wollen, aber auch z.B. ein kleines Caf\u00e9, ein Wochenendhaus oder Einrichtungen f\u00fcr Arbeiter, ist ein Wohncontainer die ideale L\u00f6sung.<\/p>\n","protected":false},"author":1,"featured_media":0,"parent":0,"menu_order":0,"comment_status":"closed","ping_status":"closed","template":"","meta":{"_et_pb_use_builder":"on","_et_pb_old_content":"","_et_gb_content_width":"","inline_featured_image":false,"_monsterinsights_skip_tracking":false,"_monsterinsights_sitenote_active":false,"_monsterinsights_sitenote_note":"","_monsterinsights_sitenote_category":0,"_uf_show_specific_survey":0,"_uf_disable_surveys":false,"footnotes":""},"class_list":["post-5993","page","type-page","status-publish","hentry"],"aioseo_notices":[],"yoast_head":"<!-- This site is optimized with the Yoast SEO plugin v27.5 - https:\/\/yoast.com\/product\/yoast-seo-wordpress\/ -->\n<title>Bedingungen und Konditionen - Pmhouse<\/title>\n<meta name=\"robots\" content=\"index, follow, max-snippet:-1, max-image-preview:large, max-video-preview:-1\" \/>\n<link rel=\"canonical\" href=\"https:\/\/pmhouse.sk\/de\/bedingungen-und-konditionen\/\" \/>\n<meta property=\"og:locale\" content=\"de_DE\" \/>\n<meta property=\"og:type\" content=\"article\" \/>\n<meta property=\"og:title\" content=\"Bedingungen und Konditionen - Pmhouse\" \/>\n<meta property=\"og:description\" content=\"FaqModulares Bauen und insbesondere Wohncontainer stellen eine neue Alternative im Bauwesen dar. Wenn Sie sich entscheiden, dass Sie schnell (in ein paar Wochen) Ihr Haus bauen wollen, aber auch z.B. ein kleines Caf\u00e9, ein Wochenendhaus oder Einrichtungen f\u00fcr Arbeiter, ist ein Wohncontainer die ideale L\u00f6sung.\" \/>\n<meta property=\"og:url\" content=\"https:\/\/pmhouse.sk\/de\/bedingungen-und-konditionen\/\" \/>\n<meta property=\"og:site_name\" content=\"Pmhouse\" \/>\n<meta property=\"article:modified_time\" content=\"2023-01-31T15:24:00+00:00\" \/>\n<meta name=\"twitter:card\" content=\"summary_large_image\" \/>\n<meta name=\"twitter:label1\" content=\"Gesch\u00e4tzte Lesezeit\" \/>\n\t<meta name=\"twitter:data1\" content=\"1\u00a0Minute\" \/>\n<script type=\"application\/ld+json\" class=\"yoast-schema-graph\">{\"@context\":\"https:\\\/\\\/schema.org\",\"@graph\":[{\"@type\":\"WebPage\",\"@id\":\"https:\\\/\\\/pmhouse.sk\\\/de\\\/bedingungen-und-konditionen\\\/\",\"url\":\"https:\\\/\\\/pmhouse.sk\\\/de\\\/bedingungen-und-konditionen\\\/\",\"name\":\"Bedingungen und Konditionen - Pmhouse\",\"isPartOf\":{\"@id\":\"https:\\\/\\\/pmhouse.sk\\\/de\\\/#website\"},\"datePublished\":\"2022-06-02T09:58:59+00:00\",\"dateModified\":\"2023-01-31T15:24:00+00:00\",\"breadcrumb\":{\"@id\":\"https:\\\/\\\/pmhouse.sk\\\/de\\\/bedingungen-und-konditionen\\\/#breadcrumb\"},\"inLanguage\":\"de\",\"potentialAction\":[{\"@type\":\"ReadAction\",\"target\":[\"https:\\\/\\\/pmhouse.sk\\\/de\\\/bedingungen-und-konditionen\\\/\"]}]},{\"@type\":\"BreadcrumbList\",\"@id\":\"https:\\\/\\\/pmhouse.sk\\\/de\\\/bedingungen-und-konditionen\\\/#breadcrumb\",\"itemListElement\":[{\"@type\":\"ListItem\",\"position\":1,\"name\":\"Home\",\"item\":\"https:\\\/\\\/pmhouse.sk\\\/de\\\/\"},{\"@type\":\"ListItem\",\"position\":2,\"name\":\"Bedingungen und Konditionen\"}]},{\"@type\":\"WebSite\",\"@id\":\"https:\\\/\\\/pmhouse.sk\\\/de\\\/#website\",\"url\":\"https:\\\/\\\/pmhouse.sk\\\/de\\\/\",\"name\":\"Pmhouse\",\"description\":\"Modul\u00e1rne domy\",\"potentialAction\":[{\"@type\":\"SearchAction\",\"target\":{\"@type\":\"EntryPoint\",\"urlTemplate\":\"https:\\\/\\\/pmhouse.sk\\\/de\\\/?s={search_term_string}\"},\"query-input\":{\"@type\":\"PropertyValueSpecification\",\"valueRequired\":true,\"valueName\":\"search_term_string\"}}],\"inLanguage\":\"de\"}]}<\/script>\n<!-- \/ Yoast SEO plugin. -->","yoast_head_json":{"title":"Bedingungen und Konditionen - Pmhouse","robots":{"index":"index","follow":"follow","max-snippet":"max-snippet:-1","max-image-preview":"max-image-preview:large","max-video-preview":"max-video-preview:-1"},"canonical":"https:\/\/pmhouse.sk\/de\/bedingungen-und-konditionen\/","og_locale":"de_DE","og_type":"article","og_title":"Bedingungen und Konditionen - Pmhouse","og_description":"FaqModulares Bauen und insbesondere Wohncontainer stellen eine neue Alternative im Bauwesen dar. Wenn Sie sich entscheiden, dass Sie schnell (in ein paar Wochen) Ihr Haus bauen wollen, aber auch z.B. ein kleines Caf\u00e9, ein Wochenendhaus oder Einrichtungen f\u00fcr Arbeiter, ist ein Wohncontainer die ideale L\u00f6sung.","og_url":"https:\/\/pmhouse.sk\/de\/bedingungen-und-konditionen\/","og_site_name":"Pmhouse","article_modified_time":"2023-01-31T15:24:00+00:00","twitter_card":"summary_large_image","twitter_misc":{"Gesch\u00e4tzte Lesezeit":"1\u00a0Minute"},"schema":{"@context":"https:\/\/schema.org","@graph":[{"@type":"WebPage","@id":"https:\/\/pmhouse.sk\/de\/bedingungen-und-konditionen\/","url":"https:\/\/pmhouse.sk\/de\/bedingungen-und-konditionen\/","name":"Bedingungen und Konditionen - Pmhouse","isPartOf":{"@id":"https:\/\/pmhouse.sk\/de\/#website"},"datePublished":"2022-06-02T09:58:59+00:00","dateModified":"2023-01-31T15:24:00+00:00","breadcrumb":{"@id":"https:\/\/pmhouse.sk\/de\/bedingungen-und-konditionen\/#breadcrumb"},"inLanguage":"de","potentialAction":[{"@type":"ReadAction","target":["https:\/\/pmhouse.sk\/de\/bedingungen-und-konditionen\/"]}]},{"@type":"BreadcrumbList","@id":"https:\/\/pmhouse.sk\/de\/bedingungen-und-konditionen\/#breadcrumb","itemListElement":[{"@type":"ListItem","position":1,"name":"Home","item":"https:\/\/pmhouse.sk\/de\/"},{"@type":"ListItem","position":2,"name":"Bedingungen und Konditionen"}]},{"@type":"WebSite","@id":"https:\/\/pmhouse.sk\/de\/#website","url":"https:\/\/pmhouse.sk\/de\/","name":"Pmhouse","description":"Modul\u00e1rne domy","potentialAction":[{"@type":"SearchAction","target":{"@type":"EntryPoint","urlTemplate":"https:\/\/pmhouse.sk\/de\/?s={search_term_string}"},"query-input":{"@type":"PropertyValueSpecification","valueRequired":true,"valueName":"search_term_string"}}],"inLanguage":"de"}]}},"_links":{"self":[{"href":"https:\/\/pmhouse.sk\/de\/wp-json\/wp\/v2\/pages\/5993","targetHints":{"allow":["GET"]}}],"collection":[{"href":"https:\/\/pmhouse.sk\/de\/wp-json\/wp\/v2\/pages"}],"about":[{"href":"https:\/\/pmhouse.sk\/de\/wp-json\/wp\/v2\/types\/page"}],"author":[{"embeddable":true,"href":"https:\/\/pmhouse.sk\/de\/wp-json\/wp\/v2\/users\/1"}],"replies":[{"embeddable":true,"href":"https:\/\/pmhouse.sk\/de\/wp-json\/wp\/v2\/comments?post=5993"}],"version-history":[{"count":7,"href":"https:\/\/pmhouse.sk\/de\/wp-json\/wp\/v2\/pages\/5993\/revisions"}],"predecessor-version":[{"id":10631,"href":"https:\/\/pmhouse.sk\/de\/wp-json\/wp\/v2\/pages\/5993\/revisions\/10631"}],"wp:attachment":[{"href":"https:\/\/pmhouse.sk\/de\/wp-json\/wp\/v2\/media?parent=5993"}],"curies":[{"name":"wp","href":"https:\/\/api.w.org\/{rel}","templated":true}]}}