{"id":5294,"date":"2022-02-22T11:04:18","date_gmt":"2022-02-22T10:04:18","guid":{"rendered":"https:\/\/pmhouse.sk\/ueber-uns\/"},"modified":"2023-01-13T14:04:39","modified_gmt":"2023-01-13T13:04:39","slug":"ueber-uns","status":"publish","type":"page","link":"https:\/\/pmhouse.sk\/de\/ueber-uns\/","title":{"rendered":"\u00dcber uns"},"content":{"rendered":"<p>[et_pb_section fb_built=&#8220;1&#8243; _builder_version=&#8220;4.16&#8243; _module_preset=&#8220;default&#8220; custom_padding=&#8220;20px||14px|||&#8220; global_colors_info=&#8220;{}&#8220;][et_pb_row _builder_version=&#8220;4.16&#8243; _module_preset=&#8220;default&#8220; global_colors_info=&#8220;{}&#8220;][et_pb_column type=&#8220;4_4&#8243; _builder_version=&#8220;4.16&#8243; _module_preset=&#8220;default&#8220; global_colors_info=&#8220;{}&#8220;][et_pb_text _builder_version=&#8220;4.16&#8243; _module_preset=&#8220;default&#8220; text_font=&#8220;ISOCPEUR||||||||&#8220; text_text_color=&#8220;#FFFFFF&#8220; text_font_size=&#8220;20px&#8220; text_letter_spacing=&#8220;4px&#8220; text_line_height=&#8220;1em&#8220; header_font=&#8220;|700|||||||&#8220; background_color=&#8220;#000000&#8243; text_orientation=&#8220;center&#8220; custom_padding=&#8220;30px|56px|30px|56px|true|true&#8220; global_colors_info=&#8220;{}&#8220;]<\/p>\n<p><strong>\u00dcBER UNS<\/strong><\/p>\n<p>[\/et_pb_text][\/et_pb_column][\/et_pb_row][\/et_pb_section][et_pb_section fb_built=&#8220;1&#8243; module_id=&#8220;Infos&#8220; _builder_version=&#8220;4.16&#8243; _module_preset=&#8220;default&#8220; custom_padding=&#8220;0px||18px|||&#8220; global_colors_info=&#8220;{}&#8220;][et_pb_row column_structure=&#8220;1_4,3_4&#8243; _builder_version=&#8220;4.16&#8243; _module_preset=&#8220;default&#8220; custom_padding=&#8220;||40px|||&#8220; global_colors_info=&#8220;{}&#8220;][et_pb_column type=&#8220;1_4&#8243; _builder_version=&#8220;4.16&#8243; _module_preset=&#8220;default&#8220; global_colors_info=&#8220;{}&#8220;][et_pb_image src=&#8220;https:\/\/pmhouse.sk\/wp-content\/uploads\/2022\/05\/1_LOGO.png&#8220; title_text=&#8220;1_LOGO&#8220; _builder_version=&#8220;4.16&#8243; _module_preset=&#8220;default&#8220; width=&#8220;100%&#8220; max_width=&#8220;100%&#8220; custom_padding=&#8220;26px|||45px|false|false&#8220; border_radii=&#8220;on|12px|12px|12px|12px&#8220; global_colors_info=&#8220;{}&#8220;][\/et_pb_image][\/et_pb_column][et_pb_column type=&#8220;3_4&#8243; _builder_version=&#8220;4.16&#8243; _module_preset=&#8220;default&#8220; global_colors_info=&#8220;{}&#8220;][et_pb_text _builder_version=&#8220;4.16&#8243; _module_preset=&#8220;default&#8220; text_font=&#8220;ISOCPEUR||||||||&#8220; text_text_color=&#8220;#000000&#8243; text_font_size=&#8220;18px&#8220; link_text_color=&#8220;#f36515&#8243; header_font=&#8220;ISOCPEUR||||||||&#8220; header_text_color=&#8220;#000000&#8243; header_font_size=&#8220;28px&#8220; header_letter_spacing=&#8220;6px&#8220; header_2_font=&#8220;ISOCPEUR||||||||&#8220; header_3_font=&#8220;ISOCPEUR||||||||&#8220; header_4_font=&#8220;|700|||||||&#8220; header_4_line_height=&#8220;1.9em&#8220; header_5_font=&#8220;ISOCPEUR||||||||&#8220; header_6_font=&#8220;ISOCPEUR||||||||&#8220; global_colors_info=&#8220;{}&#8220;]<\/p>\n<h1><span style=\"font-size: large;\"><strong><\/strong><\/span><\/h1>\n<h1><span style=\"font-size: large;\"><strong><\/strong><\/span><\/h1>\n<h1><span style=\"font-size: large;\"><strong><\/strong><\/span><\/h1>\n<h1><span style=\"font-size: large;\"><strong>PMH &#8211; Herstellung von Modulh\u00e4usern<\/strong><\/span><\/h1>\n<p><span style=\"font-size: large;\"><strong><\/strong><\/span><\/p>\n<p><span style=\"font-size: large;\"><strong><\/strong><\/span><\/p>\n<p><span style=\"font-size: large;\"><strong><\/strong><\/span><\/p>\n<p><span style=\"color: #0a0000;\"><\/span><span><strong>PMHouse<\/strong> konzentriert sich auf ein originelles Wohnkonzept, das die Zukunft des Immobilienmarktes in der Slowakei darstellen k\u00f6nnte.  <\/span><\/p>\n<p>Die Inspiration f\u00fcr das Projekt war ein Kinderbaukasten, den wir alle gut kennen, mit dem man schnell und einfach verschiedene Varianten verschiedener Objekte bauen kann.<\/p>\n<p>[\/et_pb_text][\/et_pb_column][\/et_pb_row][\/et_pb_section][et_pb_section fb_built=&#8220;1&#8243; _builder_version=&#8220;4.16&#8243; _module_preset=&#8220;default&#8220; background_color=&#8220;#FFFFFF&#8220; custom_padding=&#8220;16px||35px|||&#8220; global_colors_info=&#8220;{}&#8220;][et_pb_row _builder_version=&#8220;4.16&#8243; _module_preset=&#8220;default&#8220; custom_padding=&#8220;41px||0px|||&#8220; global_colors_info=&#8220;{}&#8220;][et_pb_column type=&#8220;4_4&#8243; _builder_version=&#8220;4.16&#8243; _module_preset=&#8220;default&#8220; global_colors_info=&#8220;{}&#8220;][et_pb_text _builder_version=&#8220;4.16&#8243; _module_preset=&#8220;default&#8220; text_font=&#8220;ISOCPEUR||||||||&#8220; text_text_color=&#8220;#000000&#8243; text_font_size=&#8220;21px&#8220; text_letter_spacing=&#8220;1px&#8220; text_line_height=&#8220;2em&#8220; header_2_font_size=&#8220;28px&#8220; text_orientation=&#8220;center&#8220; global_colors_info=&#8220;{}&#8220;]<\/p>\n<p><b>GEB\u00c4UDE<\/b><\/p>\n<p>[\/et_pb_text][\/et_pb_column][\/et_pb_row][et_pb_row column_structure=&#8220;1_3,1_3,1_3&#8243; _builder_version=&#8220;4.16&#8243; _module_preset=&#8220;default&#8220; custom_padding=&#8220;23px|||||&#8220; global_colors_info=&#8220;{}&#8220;][et_pb_column type=&#8220;1_3&#8243; _builder_version=&#8220;4.16&#8243; _module_preset=&#8220;default&#8220; global_colors_info=&#8220;{}&#8220;][et_pb_text _builder_version=&#8220;4.16&#8243; _module_preset=&#8220;default&#8220; text_font=&#8220;ISOCPEUR||||||||&#8220; text_text_color=&#8220;#000000&#8243; text_font_size=&#8220;17px&#8220; text_orientation=&#8220;justified&#8220; global_colors_info=&#8220;{}&#8220;]<\/p>\n<p style=\"text-align: center;\"><b><span style=\"color: #000000;\">GRUNDELEMENTE<\/span><\/b><\/p>\n<p><span style=\"font-size: 16px;\">Das modulare Haus kann auf Bodenbolzen, Betonfundamenten oder einer Fundamentplatte gegr\u00fcndet werden. Mit allen drei Optionen k\u00f6nnen wir die erforderlichen W\u00e4rmed\u00e4mmeigenschaften erzielen.<\/span><\/p>\n<p>[\/et_pb_text][\/et_pb_column][et_pb_column type=&#8220;1_3&#8243; _builder_version=&#8220;4.16&#8243; _module_preset=&#8220;default&#8220; global_colors_info=&#8220;{}&#8220;][et_pb_text _builder_version=&#8220;4.16&#8243; _module_preset=&#8220;default&#8220; text_font=&#8220;ISOCPEUR||||||||&#8220; text_text_color=&#8220;#000000&#8243; text_font_size=&#8220;17px&#8220; text_orientation=&#8220;justified&#8220; custom_padding=&#8220;0px|||||&#8220; global_colors_info=&#8220;{}&#8220;]<\/p>\n<p style=\"text-align: center;\"><span style=\"color: #000000;\"><b>TROCKENER PROZESS<\/b><\/span><\/p>\n<p>Unsere modularen H\u00e4user werden in unseren \u00fcberdachten Anlagen hergestellt. So k\u00f6nnen Sie das ganze Jahr \u00fcber und ohne technische Pausen bauen.<\/p>\n<p>[\/et_pb_text][\/et_pb_column][et_pb_column type=&#8220;1_3&#8243; _builder_version=&#8220;4.16&#8243; _module_preset=&#8220;default&#8220; global_colors_info=&#8220;{}&#8220;][et_pb_text _builder_version=&#8220;4.16&#8243; _module_preset=&#8220;default&#8220; text_font=&#8220;ISOCPEUR||||||||&#8220; text_text_color=&#8220;#000000&#8243; text_font_size=&#8220;17px&#8220; text_orientation=&#8220;justified&#8220; global_colors_info=&#8220;{}&#8220;]<\/p>\n<p style=\"text-align: center;\"><span style=\"color: #000000;\"><b>BETRIEBSKOSTEN<\/b><\/span><\/p>\n<p><b><\/b>Aufgrund der hervorragenden W\u00e4rmed\u00e4mmeigenschaften ist es m\u00f6glich, einen sehr hohen Wohnkomfort zu erhalten und gleichzeitig die Betriebs- und Heizkosten des Geb\u00e4udes niedrig zu halten (Energieeffizienzklasse A0). Nat\u00fcrlich k\u00f6nnen wir auch ein Geb\u00e4ude f\u00fcr das saisonale Wohnen herstellen.<\/p>\n<p>[\/et_pb_text][\/et_pb_column][\/et_pb_row][\/et_pb_section][et_pb_section fb_built=&#8220;1&#8243; _builder_version=&#8220;4.16&#8243; _module_preset=&#8220;default&#8220; custom_padding=&#8220;29px||47px|||&#8220; global_colors_info=&#8220;{}&#8220;][et_pb_row column_structure=&#8220;1_2,1_2&#8243; _builder_version=&#8220;4.16&#8243; _module_preset=&#8220;default&#8220; global_colors_info=&#8220;{}&#8220;][et_pb_column type=&#8220;1_2&#8243; _builder_version=&#8220;4.16&#8243; _module_preset=&#8220;default&#8220; global_colors_info=&#8220;{}&#8220;][et_pb_text _builder_version=&#8220;4.16&#8243; _module_preset=&#8220;default&#8220; text_font=&#8220;ISOCPEUR||||||||&#8220; text_text_color=&#8220;#000000&#8243; text_font_size=&#8220;21px&#8220; text_letter_spacing=&#8220;1px&#8220; text_line_height=&#8220;2em&#8220; header_2_font_size=&#8220;28px&#8220; text_orientation=&#8220;center&#8220; custom_margin=&#8220;||16px|||&#8220; global_colors_info=&#8220;{}&#8220;]<\/p>\n<p><strong>ECOLOGIE<\/strong><\/p>\n<p>[\/et_pb_text][et_pb_text _builder_version=&#8220;4.16&#8243; _module_preset=&#8220;default&#8220; text_font=&#8220;ISOCPEUR||||||||&#8220; text_text_color=&#8220;#000000&#8243; text_font_size=&#8220;17px&#8220; link_text_color=&#8220;#f36515&#8243; header_4_font=&#8220;|700|||||||&#8220; header_4_line_height=&#8220;1.9em&#8220; text_orientation=&#8220;justified&#8220; global_colors_info=&#8220;{}&#8220;]<\/p>\n<p>Wir haben uns wegen der Variabilit\u00e4t und der Schnelligkeit des Baus, aber auch aus Gr\u00fcnden des Umweltschutzes f\u00fcr modulare H\u00e4user entschieden. Auch wenn es auf den ersten Blick so aussieht, als seien diese Geb\u00e4ude nicht umweltfreundlich, so ist es auf lange Sicht genau das Gegenteil.<\/p>\n<p>Ihr Haupttragwerk besteht aus einem Stahlger\u00fcst, auf dem die H\u00fclle montiert ist<i>. <\/i>Die inneren Trennw\u00e4nde und Mauern sind nach Wahl des Investors. Es kann sich dabei um traditionelle SDK-Systeme oder um eine Holzkonstruktion handeln, eventuell auch um andere ECO-Materialien. Der \u00e4u\u00dfere Umschlag besteht aus einem Sandwich, auch dies ist mit dem Kunden zu vereinbaren. Es gibt mehrere M\u00f6glichkeiten.<\/p>\n<p>Die gesamte Konstruktion ist so konzipiert, dass sie blockweise auf einen Lkw verladen und als Ganzes zur Baustelle transportiert werden kann. Ihre Umweltfreundlichkeit liegt nicht in den Materialien, aus denen sie hergestellt werden, sondern haupts\u00e4chlich in ihrem Lebenszyklus. Das bedeutet, dass diese Konstruktionen wiederverwertbar sind, aber vor allem, dass sie, wenn sie entfernt werden, keine \u00fcberm\u00e4\u00dfigen Abfallmengen erzeugen, wie es bei herk\u00f6mmlichen Konstruktionen der Fall ist.<\/p>\n<p>Und es gibt noch ein weiteres gro\u00dfes Ph\u00e4nomen, das heute nicht vollst\u00e4ndig funktioniert, n\u00e4mlich dass Teile unseres Hauses von unseren Kunden verkauft oder weiterverkauft werden k\u00f6nnen.<\/p>\n<p>[\/et_pb_text][\/et_pb_column][et_pb_column type=&#8220;1_2&#8243; _builder_version=&#8220;4.16&#8243; _module_preset=&#8220;default&#8220; global_colors_info=&#8220;{}&#8220;][et_pb_image src=&#8220;https:\/\/pmhouse.sk\/wp-content\/uploads\/2022\/02\/miro_2.jpg&#8220; title_text=&#8220;miro_2&#8243; show_in_lightbox=&#8220;on&#8220; use_overlay=&#8220;on&#8220; overlay_icon_color=&#8220;#FFFFFF&#8220; hover_overlay_color=&#8220;rgba(0,0,0,0.25)&#8220; hover_icon=&#8220;&#x55;||divi||400&#8243; _builder_version=&#8220;4.16&#8243; _module_preset=&#8220;default&#8220; min_height=&#8220;398.4px&#8220; custom_margin=&#8220;29px|||||&#8220; global_colors_info=&#8220;{}&#8220;][\/et_pb_image][\/et_pb_column][\/et_pb_row][\/et_pb_section][et_pb_section fb_built=&#8220;1&#8243; _builder_version=&#8220;4.16&#8243; _module_preset=&#8220;default&#8220; background_color=&#8220;#FFFFFF&#8220; custom_padding=&#8220;26px||28px|||&#8220; global_colors_info=&#8220;{}&#8220;][et_pb_row column_structure=&#8220;1_3,1_3,1_3&#8243; use_custom_gutter=&#8220;on&#8220; gutter_width=&#8220;2&#8243; _builder_version=&#8220;4.16&#8243; _module_preset=&#8220;default&#8220; global_colors_info=&#8220;{}&#8220;][et_pb_column type=&#8220;1_3&#8243; _builder_version=&#8220;4.16&#8243; _module_preset=&#8220;default&#8220; global_colors_info=&#8220;{}&#8220;][et_pb_text _builder_version=&#8220;4.16&#8243; _module_preset=&#8220;default&#8220; text_font=&#8220;ISOCPEUR||||||||&#8220; text_text_color=&#8220;#000000&#8243; text_font_size=&#8220;21px&#8220; text_letter_spacing=&#8220;1px&#8220; text_line_height=&#8220;2em&#8220; header_2_font_size=&#8220;28px&#8220; text_orientation=&#8220;center&#8220; global_colors_info=&#8220;{}&#8220;]<\/p>\n<p><b>MODULARIT\u00c4T<\/b><\/p>\n<p>[\/et_pb_text][et_pb_text _builder_version=&#8220;4.16&#8243; _module_preset=&#8220;default&#8220; text_font=&#8220;ISOCPEUR||||||||&#8220; text_text_color=&#8220;#000000&#8243; text_font_size=&#8220;17px&#8220; text_orientation=&#8220;justified&#8220; global_colors_info=&#8220;{}&#8220;]<\/p>\n<p style=\"text-align: justify;\"><span>Die Idee eines Kinderbaukastens, der in eine reale Wohnung umgesetzt wird, ist insofern interessant, als er mit den Bed\u00fcrfnissen der Kunden wachsen, aber auch umgekehrt schrumpfen kann.<\/span><\/p>\n<p>Auf diese Weise k\u00f6nnen die Wohnungen genau nach den W\u00fcnschen der Kunden gestaltet werden, die sich leicht an ihre aktuellen Bed\u00fcrfnisse anpassen lassen.<\/p>\n<p>[\/et_pb_text][\/et_pb_column][et_pb_column type=&#8220;1_3&#8243; _builder_version=&#8220;4.16&#8243; _module_preset=&#8220;default&#8220; global_colors_info=&#8220;{}&#8220;][et_pb_text _builder_version=&#8220;4.16&#8243; _module_preset=&#8220;default&#8220; text_font=&#8220;ISOCPEUR||||||||&#8220; text_text_color=&#8220;#000000&#8243; text_font_size=&#8220;21px&#8220; text_letter_spacing=&#8220;1px&#8220; text_line_height=&#8220;2em&#8220; header_2_font_size=&#8220;28px&#8220; text_orientation=&#8220;center&#8220; global_colors_info=&#8220;{}&#8220;]<\/p>\n<p><b>MODULARIT\u00c4T<\/b><\/p>\n<p>[\/et_pb_text][et_pb_text _builder_version=&#8220;4.16&#8243; _module_preset=&#8220;default&#8220; text_font=&#8220;ISOCPEUR||||||||&#8220; text_text_color=&#8220;#000000&#8243; text_font_size=&#8220;17px&#8220; text_orientation=&#8220;justified&#8220; global_colors_info=&#8220;{}&#8220;]<\/p>\n<p>Modulare H\u00e4user sind so konzipiert, dass die Beschaffung eines einzelnen Moduls nicht die ultimative Gr\u00f6\u00dfenbeschr\u00e4nkung darstellt.<\/p>\n<p>Diese H\u00e4user sind so konzipiert, dass die Nutzfl\u00e4che in der Zukunft durch den Anschluss eines zus\u00e4tzlichen Moduls noch erweitert werden kann.<\/p>\n<p>Ihr Haus kann nach und nach mit Ihrer Familie und deren Anforderungen und Bed\u00fcrfnissen wachsen.<span class=\"Apple-converted-space\"> <\/span><\/p>\n<p>[\/et_pb_text][\/et_pb_column][et_pb_column type=&#8220;1_3&#8243; _builder_version=&#8220;4.16&#8243; _module_preset=&#8220;default&#8220; global_colors_info=&#8220;{}&#8220;][et_pb_text _builder_version=&#8220;4.16&#8243; _module_preset=&#8220;default&#8220; text_font=&#8220;ISOCPEUR||||||||&#8220; text_text_color=&#8220;#000000&#8243; text_font_size=&#8220;21px&#8220; text_letter_spacing=&#8220;1px&#8220; text_line_height=&#8220;2em&#8220; header_2_font_size=&#8220;28px&#8220; text_orientation=&#8220;center&#8220; global_colors_info=&#8220;{}&#8220;]<\/p>\n<p><b>BAUGESCHWINDIGKEIT<\/b><\/p>\n<p>[\/et_pb_text][et_pb_text _builder_version=&#8220;4.16&#8243; _module_preset=&#8220;default&#8220; text_font=&#8220;ISOCPEUR||||||||&#8220; text_text_color=&#8220;#000000&#8243; text_font_size=&#8220;17px&#8220; text_orientation=&#8220;justified&#8220; global_colors_info=&#8220;{}&#8220; text_letter_spacing__hover_enabled=&#8220;on|desktop&#8220;]<\/p>\n<p>Unsere Modulh\u00e4user werden in \u00fcberdachten Hallen hergestellt. Dieses Verfahren erm\u00f6glicht eine pr\u00e4zise Verarbeitung mit allen notwendigen Werkzeugen und ohne die Zw\u00e4nge ung\u00fcnstiger klimatischer Bedingungen.<\/p>\n<p>Dank dieses Produktionssystems werden unsere Geb\u00e4ude sehr schnell gebaut. Nach der Unterzeichnung des Vertrags k\u00f6nnen Sie innerhalb von 3 Monaten (je nach Gr\u00f6\u00dfe und Schwierigkeitsgrad des Geb\u00e4udes) einziehen. So m\u00fcssen Sie nicht unn\u00f6tig Geld ausgeben, z. B. zur Miete oder in Erwartung des langwierigen Baus eines Backsteinhauses und eines Holzhauses.<\/p>\n<p>[\/et_pb_text][\/et_pb_column][\/et_pb_row][et_pb_row use_custom_gutter=&#8220;on&#8220; gutter_width=&#8220;2&#8243; _builder_version=&#8220;4.16&#8243; _module_preset=&#8220;default&#8220; global_colors_info=&#8220;{}&#8220;][et_pb_column type=&#8220;4_4&#8243; _builder_version=&#8220;4.16&#8243; _module_preset=&#8220;default&#8220; global_colors_info=&#8220;{}&#8220;][et_pb_image src=&#8220;https:\/\/pmhouse.sk\/wp-content\/uploads\/2022\/06\/Snimka-obrazovky-2022-06-24-o-15.59.50.png&#8220; title_text=&#8220;Bildschirmfoto 2022-06-24 um 15.59.50&#8243; _builder_version=&#8220;4.16&#8243; _module_preset=&#8220;default&#8220; global_colors_info=&#8220;{}&#8220;][\/et_pb_image][\/et_pb_column][\/et_pb_row][\/et_pb_section][et_pb_section fb_built=&#8220;1&#8243; _builder_version=&#8220;4.16&#8243; _module_preset=&#8220;default&#8220; custom_padding=&#8220;52px||27px|||&#8220; global_colors_info=&#8220;{}&#8220;][et_pb_row column_structure=&#8220;1_4,1_4,1_4,1_4&#8243; use_custom_gutter=&#8220;on&#8220; gutter_width=&#8220;2&#8243; _builder_version=&#8220;4.16&#8243; _module_preset=&#8220;default&#8220; custom_padding=&#8220;0px|||||&#8220; global_colors_info=&#8220;{}&#8220;][et_pb_column type=&#8220;1_4&#8243; _builder_version=&#8220;4.16&#8243; _module_preset=&#8220;default&#8220; global_colors_info=&#8220;{}&#8220;][et_pb_image src=&#8220;https:\/\/pmhouse.sk\/wp-content\/uploads\/2022\/03\/Snimka-obrazovky-2022-03-16-o-21.15.58.png&#8220; title_text=&#8220;Bildschirmfoto 2022-03-16 um 21.15.58&#8243; url=&#8220;https:\/\/rmj.sk&#8220; _builder_version=&#8220;4.16&#8243; _module_preset=&#8220;default&#8220; width=&#8220;38%&#8220; module_alignment=&#8220;center&#8220; global_colors_info=&#8220;{}&#8220;][\/et_pb_image][\/et_pb_column][et_pb_column type=&#8220;1_4&#8243; _builder_version=&#8220;4.16&#8243; _module_preset=&#8220;default&#8220; global_colors_info=&#8220;{}&#8220;][et_pb_image src=&#8220;https:\/\/pmhouse.sk\/wp-content\/uploads\/2022\/11\/logo_totuus_biely_podklad.png&#8220; title_text=&#8220;logo_totuus_weiss_hintergrund&#8220; url=&#8220;https:\/\/www.totuus.sk&#8220; _builder_version=&#8220;4.16&#8243; _module_preset=&#8220;default&#8220; global_colors_info=&#8220;{}&#8220;][\/et_pb_image][\/et_pb_column][et_pb_column type=&#8220;1_4&#8243; _builder_version=&#8220;4.16&#8243; _module_preset=&#8220;default&#8220; global_colors_info=&#8220;{}&#8220;][et_pb_image src=&#8220;https:\/\/pmhouse.sk\/wp-content\/uploads\/2022\/03\/Snimka-obrazovky-2022-03-16-o-21.06.16.png&#8220; title_text=&#8220;Bildschirmfoto 2022-03-16 um 21.06.16&#8243; url=&#8220;https:\/\/www.vamexsro.sk&#8220; _builder_version=&#8220;4.16&#8243; _module_preset=&#8220;default&#8220; width=&#8220;77%&#8220; module_alignment=&#8220;center&#8220; border_radii=&#8220;on|1px|1px|1px|1px&#8220; border_color_all=&#8220;#000000&#8243; global_colors_info=&#8220;{}&#8220;][\/et_pb_image][\/et_pb_column][et_pb_column type=&#8220;1_4&#8243; _builder_version=&#8220;4.16&#8243; _module_preset=&#8220;default&#8220; global_colors_info=&#8220;{}&#8220;][et_pb_image src=&#8220;https:\/\/pmhouse.sk\/wp-content\/uploads\/2022\/03\/imao.png&#8220; title_text=&#8220;imao&#8220; url=&#8220;https:\/\/www.imao.sk&#8220; _builder_version=&#8220;4.16&#8243; _module_preset=&#8220;default&#8220; width=&#8220;84%&#8220; global_colors_info=&#8220;{}&#8220;][\/et_pb_image][\/et_pb_column][\/et_pb_row][\/et_pb_section]<\/p>\n","protected":false},"excerpt":{"rendered":"<p>\u00dcBER UNS PMH &#8211; Herstellung von Modulh\u00e4usern PMHouse konzentriert sich auf ein originelles Wohnkonzept, das die Zukunft des Immobilienmarktes in der Slowakei darstellen k\u00f6nnte. Die Inspiration f\u00fcr das Projekt war ein Kinderbaukasten, den wir alle gut kennen, mit dem man schnell und einfach verschiedene Varianten verschiedener Objekte bauen kann.GEB\u00c4UDEGRUNDELEMENTE Das modulare Haus kann auf Bodenbolzen, [&hellip;]<\/p>\n","protected":false},"author":1,"featured_media":0,"parent":0,"menu_order":0,"comment_status":"closed","ping_status":"closed","template":"","meta":{"_et_pb_use_builder":"on","_et_pb_old_content":"","_et_gb_content_width":"","inline_featured_image":false,"_monsterinsights_skip_tracking":false,"_monsterinsights_sitenote_active":false,"_monsterinsights_sitenote_note":"","_monsterinsights_sitenote_category":0,"_uf_show_specific_survey":0,"_uf_disable_surveys":false,"footnotes":""},"class_list":["post-5294","page","type-page","status-publish","hentry"],"aioseo_notices":[],"yoast_head":"<!-- This site is optimized with the Yoast SEO plugin v27.5 - https:\/\/yoast.com\/product\/yoast-seo-wordpress\/ -->\n<title>\u00dcber uns - Pmhouse<\/title>\n<meta name=\"robots\" content=\"index, follow, max-snippet:-1, max-image-preview:large, max-video-preview:-1\" \/>\n<link rel=\"canonical\" href=\"https:\/\/pmhouse.sk\/de\/ueber-uns\/\" \/>\n<meta property=\"og:locale\" content=\"de_DE\" \/>\n<meta property=\"og:type\" content=\"article\" \/>\n<meta property=\"og:title\" content=\"\u00dcber uns - Pmhouse\" \/>\n<meta property=\"og:description\" content=\"\u00dcBER UNS PMH - Herstellung von Modulh\u00e4usern PMHouse konzentriert sich auf ein originelles Wohnkonzept, das die Zukunft des Immobilienmarktes in der Slowakei darstellen k\u00f6nnte. Die Inspiration f\u00fcr das Projekt war ein Kinderbaukasten, den wir alle gut kennen, mit dem man schnell und einfach verschiedene Varianten verschiedener Objekte bauen kann.GEB\u00c4UDEGRUNDELEMENTE Das modulare Haus kann auf Bodenbolzen, [&hellip;]\" \/>\n<meta property=\"og:url\" content=\"https:\/\/pmhouse.sk\/de\/ueber-uns\/\" \/>\n<meta property=\"og:site_name\" content=\"Pmhouse\" \/>\n<meta property=\"article:modified_time\" content=\"2023-01-13T13:04:39+00:00\" \/>\n<meta name=\"twitter:card\" content=\"summary_large_image\" \/>\n<meta name=\"twitter:label1\" content=\"Gesch\u00e4tzte Lesezeit\" \/>\n\t<meta name=\"twitter:data1\" content=\"9\u00a0Minuten\" \/>\n<script type=\"application\/ld+json\" class=\"yoast-schema-graph\">{\"@context\":\"https:\\\/\\\/schema.org\",\"@graph\":[{\"@type\":\"WebPage\",\"@id\":\"https:\\\/\\\/pmhouse.sk\\\/de\\\/ueber-uns\\\/\",\"url\":\"https:\\\/\\\/pmhouse.sk\\\/de\\\/ueber-uns\\\/\",\"name\":\"\u00dcber uns - Pmhouse\",\"isPartOf\":{\"@id\":\"https:\\\/\\\/pmhouse.sk\\\/de\\\/#website\"},\"datePublished\":\"2022-02-22T10:04:18+00:00\",\"dateModified\":\"2023-01-13T13:04:39+00:00\",\"breadcrumb\":{\"@id\":\"https:\\\/\\\/pmhouse.sk\\\/de\\\/ueber-uns\\\/#breadcrumb\"},\"inLanguage\":\"de\",\"potentialAction\":[{\"@type\":\"ReadAction\",\"target\":[\"https:\\\/\\\/pmhouse.sk\\\/de\\\/ueber-uns\\\/\"]}]},{\"@type\":\"BreadcrumbList\",\"@id\":\"https:\\\/\\\/pmhouse.sk\\\/de\\\/ueber-uns\\\/#breadcrumb\",\"itemListElement\":[{\"@type\":\"ListItem\",\"position\":1,\"name\":\"Home\",\"item\":\"https:\\\/\\\/pmhouse.sk\\\/de\\\/\"},{\"@type\":\"ListItem\",\"position\":2,\"name\":\"\u00dcber uns\"}]},{\"@type\":\"WebSite\",\"@id\":\"https:\\\/\\\/pmhouse.sk\\\/de\\\/#website\",\"url\":\"https:\\\/\\\/pmhouse.sk\\\/de\\\/\",\"name\":\"Pmhouse\",\"description\":\"Modul\u00e1rne domy\",\"potentialAction\":[{\"@type\":\"SearchAction\",\"target\":{\"@type\":\"EntryPoint\",\"urlTemplate\":\"https:\\\/\\\/pmhouse.sk\\\/de\\\/?s={search_term_string}\"},\"query-input\":{\"@type\":\"PropertyValueSpecification\",\"valueRequired\":true,\"valueName\":\"search_term_string\"}}],\"inLanguage\":\"de\"}]}<\/script>\n<!-- \/ Yoast SEO plugin. -->","yoast_head_json":{"title":"\u00dcber uns - Pmhouse","robots":{"index":"index","follow":"follow","max-snippet":"max-snippet:-1","max-image-preview":"max-image-preview:large","max-video-preview":"max-video-preview:-1"},"canonical":"https:\/\/pmhouse.sk\/de\/ueber-uns\/","og_locale":"de_DE","og_type":"article","og_title":"\u00dcber uns - Pmhouse","og_description":"\u00dcBER UNS PMH - Herstellung von Modulh\u00e4usern PMHouse konzentriert sich auf ein originelles Wohnkonzept, das die Zukunft des Immobilienmarktes in der Slowakei darstellen k\u00f6nnte. Die Inspiration f\u00fcr das Projekt war ein Kinderbaukasten, den wir alle gut kennen, mit dem man schnell und einfach verschiedene Varianten verschiedener Objekte bauen kann.GEB\u00c4UDEGRUNDELEMENTE Das modulare Haus kann auf Bodenbolzen, [&hellip;]","og_url":"https:\/\/pmhouse.sk\/de\/ueber-uns\/","og_site_name":"Pmhouse","article_modified_time":"2023-01-13T13:04:39+00:00","twitter_card":"summary_large_image","twitter_misc":{"Gesch\u00e4tzte Lesezeit":"9\u00a0Minuten"},"schema":{"@context":"https:\/\/schema.org","@graph":[{"@type":"WebPage","@id":"https:\/\/pmhouse.sk\/de\/ueber-uns\/","url":"https:\/\/pmhouse.sk\/de\/ueber-uns\/","name":"\u00dcber uns - Pmhouse","isPartOf":{"@id":"https:\/\/pmhouse.sk\/de\/#website"},"datePublished":"2022-02-22T10:04:18+00:00","dateModified":"2023-01-13T13:04:39+00:00","breadcrumb":{"@id":"https:\/\/pmhouse.sk\/de\/ueber-uns\/#breadcrumb"},"inLanguage":"de","potentialAction":[{"@type":"ReadAction","target":["https:\/\/pmhouse.sk\/de\/ueber-uns\/"]}]},{"@type":"BreadcrumbList","@id":"https:\/\/pmhouse.sk\/de\/ueber-uns\/#breadcrumb","itemListElement":[{"@type":"ListItem","position":1,"name":"Home","item":"https:\/\/pmhouse.sk\/de\/"},{"@type":"ListItem","position":2,"name":"\u00dcber uns"}]},{"@type":"WebSite","@id":"https:\/\/pmhouse.sk\/de\/#website","url":"https:\/\/pmhouse.sk\/de\/","name":"Pmhouse","description":"Modul\u00e1rne domy","potentialAction":[{"@type":"SearchAction","target":{"@type":"EntryPoint","urlTemplate":"https:\/\/pmhouse.sk\/de\/?s={search_term_string}"},"query-input":{"@type":"PropertyValueSpecification","valueRequired":true,"valueName":"search_term_string"}}],"inLanguage":"de"}]}},"_links":{"self":[{"href":"https:\/\/pmhouse.sk\/de\/wp-json\/wp\/v2\/pages\/5294","targetHints":{"allow":["GET"]}}],"collection":[{"href":"https:\/\/pmhouse.sk\/de\/wp-json\/wp\/v2\/pages"}],"about":[{"href":"https:\/\/pmhouse.sk\/de\/wp-json\/wp\/v2\/types\/page"}],"author":[{"embeddable":true,"href":"https:\/\/pmhouse.sk\/de\/wp-json\/wp\/v2\/users\/1"}],"replies":[{"embeddable":true,"href":"https:\/\/pmhouse.sk\/de\/wp-json\/wp\/v2\/comments?post=5294"}],"version-history":[{"count":6,"href":"https:\/\/pmhouse.sk\/de\/wp-json\/wp\/v2\/pages\/5294\/revisions"}],"predecessor-version":[{"id":9813,"href":"https:\/\/pmhouse.sk\/de\/wp-json\/wp\/v2\/pages\/5294\/revisions\/9813"}],"wp:attachment":[{"href":"https:\/\/pmhouse.sk\/de\/wp-json\/wp\/v2\/media?parent=5294"}],"curies":[{"name":"wp","href":"https:\/\/api.w.org\/{rel}","templated":true}]}}