{"id":9619,"date":"2022-03-07T14:09:56","date_gmt":"2022-03-07T13:09:56","guid":{"rendered":"https:\/\/pmhouse.sk\/zimni-zahrady\/"},"modified":"2023-03-15T08:29:41","modified_gmt":"2023-03-15T07:29:41","slug":"zimni-zahrady","status":"publish","type":"page","link":"https:\/\/pmhouse.sk\/cs\/zimni-zahrady\/","title":{"rendered":"Zimn\u00ed zahrady"},"content":{"rendered":"<p>[et_pb_section fb_built=&#8220;1&#8243; _builder_version=&#8220;4.16&#8243; _module_preset=&#8220;default&#8220; custom_padding=&#8220;20px||14px|||&#8220; global_colors_info=&#8220;{}&#8220;][et_pb_row column_structure=&#8220;1_6,1_6,1_6,1_6,1_6,1_6&#8243; disabled_on=&#8220;off|off|off&#8220; _builder_version=&#8220;4.16&#8243; _module_preset=&#8220;default&#8220; transform_scale=&#8220;80%|80%&#8220; locked=&#8220;off&#8220; global_colors_info=&#8220;{}&#8220;][et_pb_column type=&#8220;1_6&#8243; _builder_version=&#8220;4.16&#8243; _module_preset=&#8220;default&#8220; animation_style=&#8220;zoom&#8220; box_shadow_style=&#8220;preset2&#8243; global_colors_info=&#8220;{}&#8220;][et_pb_button button_url=&#8220;https:\/\/pmhouse.sk\/cs\/zimni-zahrady\/&#8220; button_text=&#8220;Zimn\u00ed zahrady&#8220; button_alignment=&#8220;center&#8220; _builder_version=&#8220;4.19.1&#8243; _module_preset=&#8220;default&#8220; transform_scale=&#8220;120%|120%&#8220; locked=&#8220;off&#8220; global_colors_info=&#8220;{}&#8220;][\/et_pb_button][\/et_pb_column][et_pb_column type=&#8220;1_6&#8243; _builder_version=&#8220;4.16&#8243; _module_preset=&#8220;default&#8220; animation_style=&#8220;zoom&#8220; box_shadow_style=&#8220;preset2&#8243; global_colors_info=&#8220;{}&#8220;][et_pb_button button_url=&#8220;https:\/\/pmhouse.sk\/cs\/plastova-okna\/&#8220; button_text=&#8220;Plastov\u00e1 okna&#8220; button_alignment=&#8220;center&#8220; _builder_version=&#8220;4.19.1&#8243; _module_preset=&#8220;default&#8220; locked=&#8220;off&#8220; global_colors_info=&#8220;{}&#8220;][\/et_pb_button][\/et_pb_column][et_pb_column type=&#8220;1_6&#8243; _builder_version=&#8220;4.16&#8243; _module_preset=&#8220;default&#8220; animation_style=&#8220;zoom&#8220; box_shadow_style=&#8220;preset2&#8243; global_colors_info=&#8220;{}&#8220;][et_pb_button button_url=&#8220;https:\/\/pmhouse.sk\/cs\/hlinikova-okna\/&#8220; button_text=&#8220;Hlin\u00edkov\u00e1 okna&#8220; button_alignment=&#8220;center&#8220; _builder_version=&#8220;4.19.1&#8243; _module_preset=&#8220;default&#8220; locked=&#8220;off&#8220; global_colors_info=&#8220;{}&#8220;][\/et_pb_button][\/et_pb_column][et_pb_column type=&#8220;1_6&#8243; _builder_version=&#8220;4.16&#8243; _module_preset=&#8220;default&#8220; animation_style=&#8220;zoom&#8220; box_shadow_style=&#8220;preset2&#8243; global_colors_info=&#8220;{}&#8220;][et_pb_button button_url=&#8220;https:\/\/pmhouse.sk\/cs\/vnejsi-dvere\/&#8220; button_text=&#8220;Vn\u011bj\u0161\u00ed dve\u0159e&#8220; button_alignment=&#8220;center&#8220; _builder_version=&#8220;4.19.1&#8243; _module_preset=&#8220;default&#8220; locked=&#8220;off&#8220; global_colors_info=&#8220;{}&#8220;][\/et_pb_button][\/et_pb_column][et_pb_column type=&#8220;1_6&#8243; _builder_version=&#8220;4.16&#8243; _module_preset=&#8220;default&#8220; animation_style=&#8220;zoom&#8220; box_shadow_style=&#8220;preset2&#8243; global_colors_info=&#8220;{}&#8220;][et_pb_button button_url=&#8220;https:\/\/pmhouse.sk\/cs\/garazova-vrata\/&#8220; button_text=&#8220;Gar\u00e1\u017eov\u00e1 vrata&#8220; button_alignment=&#8220;center&#8220; _builder_version=&#8220;4.19.1&#8243; _module_preset=&#8220;default&#8220; locked=&#8220;off&#8220; global_colors_info=&#8220;{}&#8220;][\/et_pb_button][\/et_pb_column][et_pb_column type=&#8220;1_6&#8243; _builder_version=&#8220;4.16&#8243; _module_preset=&#8220;default&#8220; animation_style=&#8220;zoom&#8220; box_shadow_style=&#8220;preset2&#8243; global_colors_info=&#8220;{}&#8220;][et_pb_button button_url=&#8220;https:\/\/pmhouse.sk\/cs\/zaluzie-a-rolety\/&#8220; button_text=&#8220;\u017daluzie a rolety&#8220; button_alignment=&#8220;center&#8220; _builder_version=&#8220;4.19.1&#8243; _module_preset=&#8220;default&#8220; locked=&#8220;off&#8220; global_colors_info=&#8220;{}&#8220;][\/et_pb_button][\/et_pb_column][\/et_pb_row][et_pb_row _builder_version=&#8220;4.16&#8243; _module_preset=&#8220;default&#8220; global_colors_info=&#8220;{}&#8220;][et_pb_column type=&#8220;4_4&#8243; _builder_version=&#8220;4.16&#8243; _module_preset=&#8220;default&#8220; global_colors_info=&#8220;{}&#8220;][et_pb_image src=&#8220;https:\/\/pmhouse.sk\/wp-content\/uploads\/2022\/10\/ZIMNE-ZAHRADY.png&#8220; title_text=&#8220;ZIMN\u00cd ZAHRADY&#8220; _builder_version=&#8220;4.16&#8243; _module_preset=&#8220;default&#8220; global_colors_info=&#8220;{}&#8220;][\/et_pb_image][\/et_pb_column][\/et_pb_row][et_pb_row _builder_version=&#8220;4.16&#8243; _module_preset=&#8220;default&#8220; global_colors_info=&#8220;{}&#8220;][et_pb_column type=&#8220;4_4&#8243; _builder_version=&#8220;4.16&#8243; _module_preset=&#8220;default&#8220; global_colors_info=&#8220;{}&#8220;][et_pb_button button_url=&#8220;https:\/\/pmhouse.sk\/cs\/kontakt\/&#8220; button_text=&#8220;Cenov\u00e1 nab\u00eddka&#8220; button_alignment=&#8220;center&#8220; _builder_version=&#8220;4.19.1&#8243; _module_preset=&#8220;default&#8220; locked=&#8220;off&#8220; global_colors_info=&#8220;{}&#8220;][\/et_pb_button][\/et_pb_column][\/et_pb_row][et_pb_row column_structure=&#8220;1_2,1_2&#8243; _builder_version=&#8220;4.16&#8243; _module_preset=&#8220;default&#8220; global_colors_info=&#8220;{}&#8220;][et_pb_column type=&#8220;1_2&#8243; _builder_version=&#8220;4.16&#8243; _module_preset=&#8220;default&#8220; global_colors_info=&#8220;{}&#8220;][et_pb_text _builder_version=&#8220;4.19.1&#8243; _module_preset=&#8220;default&#8220; text_font=&#8220;ISOCPEUR||||||||&#8220; text_font_size=&#8220;18px&#8220; custom_margin=&#8220;196px|-239px|||false|false&#8220; hover_enabled=&#8220;0&#8243; global_colors_info=&#8220;{}&#8220; sticky_enabled=&#8220;0&#8243;]<\/p>\n<p style=\"text-align: center;\"><strong>ZIMN\u00cd ZAHRADY<\/strong><\/p>\n<p style=\"text-align: center;\"><strong><\/strong><\/p>\n<p style=\"text-align: justify;\"><span>Zimn\u00ed zahrady jsou v Evrop\u011b zn\u00e1m\u00e9 ji\u017e po stalet\u00ed, ale v sou\u010dasn\u00e9 dob\u011b za\u017e\u00edvaj\u00ed v\u00fdznamnou renesanci. D\u016fvodem je jejich atraktivita a rostouc\u00ed dostupnost.<\/span><\/p>\n<p style=\"text-align: justify;\"><span>Dal\u0161\u00edm d\u016fvodem jejich obliby je mo\u017enost zlep\u0161en\u00ed tepeln\u00e9 izolace budovy v souladu se sou\u010dasn\u00fdm trendem energeticky \u00fasporn\u00e9ho stav\u011bn\u00ed. P\u0159ilehl\u00e9 zahrady, jejich\u017e zdi tvo\u0159\u00ed dal\u0161\u00ed vn\u011bj\u0161\u00ed bari\u00e9ru, p\u016fsob\u00ed tak\u00e9 jako podp\u016frn\u00e1 sol\u00e1rn\u00ed bari\u00e9ra.<\/span><\/p>\n<p style=\"text-align: justify;\"><span>Modern\u00ed zimn\u00ed zahrada m\u016f\u017ee plnit n\u011bkolik funkc\u00ed, proto je vhodn\u00e9 p\u0159i zva\u017eov\u00e1n\u00ed v\u00fdb\u011bru konkr\u00e9tn\u00edho \u0159e\u0161en\u00ed rozd\u011blit o\u010dek\u00e1v\u00e1n\u00ed, kter\u00e1 budeme s t\u00edmto efektn\u00edm, ale i praktick\u00fdm interi\u00e9rem spojovat.<\/span><\/p>\n<p>[\/et_pb_text][\/et_pb_column][et_pb_column type=&#8220;1_2&#8243; _builder_version=&#8220;4.16&#8243; _module_preset=&#8220;default&#8220; global_colors_info=&#8220;{}&#8220;][et_pb_image src=&#8220;https:\/\/pmhouse.sk\/wp-content\/uploads\/2022\/10\/Snimka-obrazovky-2022-10-25-o-11.20.48.jpg&#8220; title_text=&#8220;Sn\u00edmek obrazovky 2022-10-25 v 11.20.48&#8243; _builder_version=&#8220;4.16&#8243; _module_preset=&#8220;default&#8220; width=&#8220;54%&#8220; module_alignment=&#8220;right&#8220; global_colors_info=&#8220;{}&#8220;][\/et_pb_image][\/et_pb_column][\/et_pb_row][et_pb_row _builder_version=&#8220;4.16&#8243; _module_preset=&#8220;default&#8220; global_colors_info=&#8220;{}&#8220;][et_pb_column type=&#8220;4_4&#8243; _builder_version=&#8220;4.16&#8243; _module_preset=&#8220;default&#8220; global_colors_info=&#8220;{}&#8220;][et_pb_text _builder_version=&#8220;4.16&#8243; _module_preset=&#8220;default&#8220; text_font=&#8220;ISOCPEUR||||||||&#8220; text_font_size=&#8220;18px&#8220; global_colors_info=&#8220;{}&#8220;]<\/p>\n<p style=\"text-align: center;\"><strong>Nab\u00eddka zimn\u00edch zahrad<\/strong><\/p>\n<p><span>Konstrukce zimn\u00edch zahrad jsou vyrobeny z hlin\u00edku, s tepeln\u00fdm mostem nebo bez n\u011bj, v libovoln\u00e9 barv\u011b RAL, stejn\u011b jako laky nebo lazury. <\/span><span>d\u00fdhy<\/span><span>  podobn\u00fd d\u0159evu. Zahrady jsou vytv\u00e1\u0159eny na z\u00e1klad\u011b standardn\u00ed nab\u00eddky nebo individu\u00e1ln\u00edch projekt\u016f z\u00e1kazn\u00edk\u016f s n\u00e1sleduj\u00edc\u00edmi p\u0159edpoklady:<\/span><\/p>\n<p style=\"text-align: center;\"><span>&#8211; pro libovolnou \u0161\u00ed\u0159ku s hloubkou a\u017e 5500 mm<\/span><\/p>\n<p style=\"text-align: center;\"><span>&#8211; v z\u00e1vislosti na typu st\u0159echy jsou mo\u017en\u00e9 sklony od 5 do 35 stup\u0148\u016f.<\/span><\/p>\n<p style=\"text-align: center;\"><span>&#8211; St\u0159echu a st\u011bny lze vyplnit libovoln\u00fdm sklem a sadami desek o tlou\u0161\u0165ce od 4 mm do 40 mm.<\/span><\/p>\n<p>[\/et_pb_text][\/et_pb_column][\/et_pb_row][et_pb_row _builder_version=&#8220;4.16&#8243; _module_preset=&#8220;default&#8220; global_colors_info=&#8220;{}&#8220;][et_pb_column type=&#8220;4_4&#8243; _builder_version=&#8220;4.16&#8243; _module_preset=&#8220;default&#8220; global_colors_info=&#8220;{}&#8220;][et_pb_text _builder_version=&#8220;4.19.1&#8243; _module_preset=&#8220;default&#8220; text_font=&#8220;ISOCPEUR||||||||&#8220; text_font_size=&#8220;18px&#8220; global_colors_info=&#8220;{}&#8220;]<\/p>\n<p style=\"text-align: center;\"><span>NA ZIMN\u00cd ZAHRADY SE VZTAHUJE P\u011aTILET\u00c1 Z\u00c1RUKA.<\/span><\/p>\n<p style=\"text-align: center;\"><span>V\u0161echny zahrady jsou vypo\u010dteny z hlediska zat\u00ed\u017een\u00ed v\u011btrem a sn\u011bhem pro ka\u017edou klimatickou z\u00f3nu. Objednatel obdr\u017e\u00ed ve v\u00fd\u0161e uveden\u00fdch kalkulac\u00edch podklady pot\u0159ebn\u00e9 pro stavbu.<\/span><\/p>\n<p>[\/et_pb_text][\/et_pb_column][\/et_pb_row][et_pb_row _builder_version=&#8220;4.16&#8243; _module_preset=&#8220;default&#8220; global_colors_info=&#8220;{}&#8220;][et_pb_column type=&#8220;4_4&#8243; _builder_version=&#8220;4.16&#8243; _module_preset=&#8220;default&#8220; global_colors_info=&#8220;{}&#8220;][et_pb_image src=&#8220;https:\/\/pmhouse.sk\/wp-content\/uploads\/2022\/10\/Snimka-obrazovky-2022-10-25-o-11.21.16.jpg&#8220; title_text=&#8220;Sn\u00edmek obrazovky 2022-10-25 v 11.21.16&#8243; _builder_version=&#8220;4.16&#8243; _module_preset=&#8220;default&#8220; global_colors_info=&#8220;{}&#8220;][\/et_pb_image][\/et_pb_column][\/et_pb_row][\/et_pb_section]<\/p>\n","protected":false},"excerpt":{"rendered":"<p>ZIMN\u00cd ZAHRADY Zimn\u00ed zahrady jsou v Evrop\u011b zn\u00e1m\u00e9 ji\u017e po stalet\u00ed, ale v sou\u010dasn\u00e9 dob\u011b za\u017e\u00edvaj\u00ed v\u00fdznamnou renesanci. D\u016fvodem je jejich atraktivita a rostouc\u00ed dostupnost. Dal\u0161\u00edm d\u016fvodem jejich obliby je mo\u017enost zlep\u0161en\u00ed tepeln\u00e9 izolace budovy v souladu se sou\u010dasn\u00fdm trendem energeticky \u00fasporn\u00e9ho stav\u011bn\u00ed. P\u0159ilehl\u00e9 zahrady, jejich\u017e zdi tvo\u0159\u00ed dal\u0161\u00ed vn\u011bj\u0161\u00ed bari\u00e9ru, p\u016fsob\u00ed tak\u00e9 jako podp\u016frn\u00e1 [&hellip;]<\/p>\n","protected":false},"author":1,"featured_media":0,"parent":0,"menu_order":0,"comment_status":"closed","ping_status":"closed","template":"","meta":{"_et_pb_use_builder":"on","_et_pb_old_content":"","_et_gb_content_width":"","inline_featured_image":false,"_monsterinsights_skip_tracking":false,"_monsterinsights_sitenote_active":false,"_monsterinsights_sitenote_note":"","_monsterinsights_sitenote_category":0,"_uf_show_specific_survey":0,"_uf_disable_surveys":false,"footnotes":""},"class_list":["post-9619","page","type-page","status-publish","hentry"],"aioseo_notices":[],"yoast_head":"<!-- This site is optimized with the Yoast SEO plugin v27.5 - https:\/\/yoast.com\/product\/yoast-seo-wordpress\/ -->\n<title>Zimn\u00ed zahrady - Pmhouse<\/title>\n<meta name=\"robots\" content=\"index, follow, max-snippet:-1, max-image-preview:large, max-video-preview:-1\" \/>\n<link rel=\"canonical\" href=\"https:\/\/pmhouse.sk\/cs\/zimni-zahrady\/\" \/>\n<meta property=\"og:locale\" content=\"cs_CZ\" \/>\n<meta property=\"og:type\" content=\"article\" \/>\n<meta property=\"og:title\" content=\"Zimn\u00ed zahrady - Pmhouse\" \/>\n<meta property=\"og:description\" content=\"ZIMN\u00cd ZAHRADY Zimn\u00ed zahrady jsou v Evrop\u011b zn\u00e1m\u00e9 ji\u017e po stalet\u00ed, ale v sou\u010dasn\u00e9 dob\u011b za\u017e\u00edvaj\u00ed v\u00fdznamnou renesanci. D\u016fvodem je jejich atraktivita a rostouc\u00ed dostupnost. Dal\u0161\u00edm d\u016fvodem jejich obliby je mo\u017enost zlep\u0161en\u00ed tepeln\u00e9 izolace budovy v souladu se sou\u010dasn\u00fdm trendem energeticky \u00fasporn\u00e9ho stav\u011bn\u00ed. P\u0159ilehl\u00e9 zahrady, jejich\u017e zdi tvo\u0159\u00ed dal\u0161\u00ed vn\u011bj\u0161\u00ed bari\u00e9ru, p\u016fsob\u00ed tak\u00e9 jako podp\u016frn\u00e1 [&hellip;]\" \/>\n<meta property=\"og:url\" content=\"https:\/\/pmhouse.sk\/cs\/zimni-zahrady\/\" \/>\n<meta property=\"og:site_name\" content=\"Pmhouse\" \/>\n<meta property=\"article:modified_time\" content=\"2023-03-15T07:29:41+00:00\" \/>\n<meta name=\"twitter:card\" content=\"summary_large_image\" \/>\n<meta name=\"twitter:label1\" content=\"Odhadovan\u00e1 doba \u010dten\u00ed\" \/>\n\t<meta name=\"twitter:data1\" content=\"5 minut\" \/>\n<script type=\"application\/ld+json\" class=\"yoast-schema-graph\">{\"@context\":\"https:\\\/\\\/schema.org\",\"@graph\":[{\"@type\":\"WebPage\",\"@id\":\"https:\\\/\\\/pmhouse.sk\\\/cs\\\/zimni-zahrady\\\/\",\"url\":\"https:\\\/\\\/pmhouse.sk\\\/cs\\\/zimni-zahrady\\\/\",\"name\":\"Zimn\u00ed zahrady - Pmhouse\",\"isPartOf\":{\"@id\":\"https:\\\/\\\/pmhouse.sk\\\/cs\\\/#website\"},\"datePublished\":\"2022-03-07T13:09:56+00:00\",\"dateModified\":\"2023-03-15T07:29:41+00:00\",\"breadcrumb\":{\"@id\":\"https:\\\/\\\/pmhouse.sk\\\/cs\\\/zimni-zahrady\\\/#breadcrumb\"},\"inLanguage\":\"cs\",\"potentialAction\":[{\"@type\":\"ReadAction\",\"target\":[\"https:\\\/\\\/pmhouse.sk\\\/cs\\\/zimni-zahrady\\\/\"]}]},{\"@type\":\"BreadcrumbList\",\"@id\":\"https:\\\/\\\/pmhouse.sk\\\/cs\\\/zimni-zahrady\\\/#breadcrumb\",\"itemListElement\":[{\"@type\":\"ListItem\",\"position\":1,\"name\":\"Home\",\"item\":\"https:\\\/\\\/pmhouse.sk\\\/cs\\\/\"},{\"@type\":\"ListItem\",\"position\":2,\"name\":\"Zimn\u00ed zahrady\"}]},{\"@type\":\"WebSite\",\"@id\":\"https:\\\/\\\/pmhouse.sk\\\/cs\\\/#website\",\"url\":\"https:\\\/\\\/pmhouse.sk\\\/cs\\\/\",\"name\":\"Pmhouse\",\"description\":\"Modul\u00e1rne domy\",\"potentialAction\":[{\"@type\":\"SearchAction\",\"target\":{\"@type\":\"EntryPoint\",\"urlTemplate\":\"https:\\\/\\\/pmhouse.sk\\\/cs\\\/?s={search_term_string}\"},\"query-input\":{\"@type\":\"PropertyValueSpecification\",\"valueRequired\":true,\"valueName\":\"search_term_string\"}}],\"inLanguage\":\"cs\"}]}<\/script>\n<!-- \/ Yoast SEO plugin. -->","yoast_head_json":{"title":"Zimn\u00ed zahrady - Pmhouse","robots":{"index":"index","follow":"follow","max-snippet":"max-snippet:-1","max-image-preview":"max-image-preview:large","max-video-preview":"max-video-preview:-1"},"canonical":"https:\/\/pmhouse.sk\/cs\/zimni-zahrady\/","og_locale":"cs_CZ","og_type":"article","og_title":"Zimn\u00ed zahrady - Pmhouse","og_description":"ZIMN\u00cd ZAHRADY Zimn\u00ed zahrady jsou v Evrop\u011b zn\u00e1m\u00e9 ji\u017e po stalet\u00ed, ale v sou\u010dasn\u00e9 dob\u011b za\u017e\u00edvaj\u00ed v\u00fdznamnou renesanci. D\u016fvodem je jejich atraktivita a rostouc\u00ed dostupnost. Dal\u0161\u00edm d\u016fvodem jejich obliby je mo\u017enost zlep\u0161en\u00ed tepeln\u00e9 izolace budovy v souladu se sou\u010dasn\u00fdm trendem energeticky \u00fasporn\u00e9ho stav\u011bn\u00ed. P\u0159ilehl\u00e9 zahrady, jejich\u017e zdi tvo\u0159\u00ed dal\u0161\u00ed vn\u011bj\u0161\u00ed bari\u00e9ru, p\u016fsob\u00ed tak\u00e9 jako podp\u016frn\u00e1 [&hellip;]","og_url":"https:\/\/pmhouse.sk\/cs\/zimni-zahrady\/","og_site_name":"Pmhouse","article_modified_time":"2023-03-15T07:29:41+00:00","twitter_card":"summary_large_image","twitter_misc":{"Odhadovan\u00e1 doba \u010dten\u00ed":"5 minut"},"schema":{"@context":"https:\/\/schema.org","@graph":[{"@type":"WebPage","@id":"https:\/\/pmhouse.sk\/cs\/zimni-zahrady\/","url":"https:\/\/pmhouse.sk\/cs\/zimni-zahrady\/","name":"Zimn\u00ed zahrady - Pmhouse","isPartOf":{"@id":"https:\/\/pmhouse.sk\/cs\/#website"},"datePublished":"2022-03-07T13:09:56+00:00","dateModified":"2023-03-15T07:29:41+00:00","breadcrumb":{"@id":"https:\/\/pmhouse.sk\/cs\/zimni-zahrady\/#breadcrumb"},"inLanguage":"cs","potentialAction":[{"@type":"ReadAction","target":["https:\/\/pmhouse.sk\/cs\/zimni-zahrady\/"]}]},{"@type":"BreadcrumbList","@id":"https:\/\/pmhouse.sk\/cs\/zimni-zahrady\/#breadcrumb","itemListElement":[{"@type":"ListItem","position":1,"name":"Home","item":"https:\/\/pmhouse.sk\/cs\/"},{"@type":"ListItem","position":2,"name":"Zimn\u00ed zahrady"}]},{"@type":"WebSite","@id":"https:\/\/pmhouse.sk\/cs\/#website","url":"https:\/\/pmhouse.sk\/cs\/","name":"Pmhouse","description":"Modul\u00e1rne domy","potentialAction":[{"@type":"SearchAction","target":{"@type":"EntryPoint","urlTemplate":"https:\/\/pmhouse.sk\/cs\/?s={search_term_string}"},"query-input":{"@type":"PropertyValueSpecification","valueRequired":true,"valueName":"search_term_string"}}],"inLanguage":"cs"}]}},"_links":{"self":[{"href":"https:\/\/pmhouse.sk\/cs\/wp-json\/wp\/v2\/pages\/9619","targetHints":{"allow":["GET"]}}],"collection":[{"href":"https:\/\/pmhouse.sk\/cs\/wp-json\/wp\/v2\/pages"}],"about":[{"href":"https:\/\/pmhouse.sk\/cs\/wp-json\/wp\/v2\/types\/page"}],"author":[{"embeddable":true,"href":"https:\/\/pmhouse.sk\/cs\/wp-json\/wp\/v2\/users\/1"}],"replies":[{"embeddable":true,"href":"https:\/\/pmhouse.sk\/cs\/wp-json\/wp\/v2\/comments?post=9619"}],"version-history":[{"count":7,"href":"https:\/\/pmhouse.sk\/cs\/wp-json\/wp\/v2\/pages\/9619\/revisions"}],"predecessor-version":[{"id":11447,"href":"https:\/\/pmhouse.sk\/cs\/wp-json\/wp\/v2\/pages\/9619\/revisions\/11447"}],"wp:attachment":[{"href":"https:\/\/pmhouse.sk\/cs\/wp-json\/wp\/v2\/media?parent=9619"}],"curies":[{"name":"wp","href":"https:\/\/api.w.org\/{rel}","templated":true}]}}