{"id":9611,"date":"2022-03-07T14:09:56","date_gmt":"2022-03-07T13:09:56","guid":{"rendered":"https:\/\/pmhouse.sk\/okna-a-dvere\/"},"modified":"2023-01-27T12:54:04","modified_gmt":"2023-01-27T11:54:04","slug":"okna-a-dvere","status":"publish","type":"page","link":"https:\/\/pmhouse.sk\/cs\/okna-a-dvere\/","title":{"rendered":"Okna a dve\u0159e"},"content":{"rendered":"<p>[et_pb_section fb_built=&#8220;1&#8243; _builder_version=&#8220;4.16&#8243; _module_preset=&#8220;default&#8220; custom_padding=&#8220;20px||14px|||&#8220; global_colors_info=&#8220;{}&#8220;][et_pb_row column_structure=&#8220;1_3,1_3,1_3&#8243; _builder_version=&#8220;4.16&#8243; _module_preset=&#8220;default&#8220; global_colors_info=&#8220;{}&#8220;][et_pb_column type=&#8220;1_3&#8243; _builder_version=&#8220;4.16&#8243; _module_preset=&#8220;default&#8220; global_colors_info=&#8220;{}&#8220;][et_pb_image src=&#8220;https:\/\/pmhouse.sk\/wp-content\/uploads\/2022\/10\/1.png&#8220; title_text=&#8220;1&#8243; _builder_version=&#8220;4.16&#8243; _module_preset=&#8220;default&#8220; width=&#8220;60%&#8220; custom_margin=&#8220;|||288px|false|false&#8220; global_colors_info=&#8220;{}&#8220;][\/et_pb_image][\/et_pb_column][et_pb_column type=&#8220;1_3&#8243; _builder_version=&#8220;4.16&#8243; _module_preset=&#8220;default&#8220; global_colors_info=&#8220;{}&#8220;][et_pb_image src=&#8220;https:\/\/pmhouse.sk\/wp-content\/uploads\/2022\/10\/2.png&#8220; title_text=&#8220;2&#8243; _builder_version=&#8220;4.16&#8243; _module_preset=&#8220;default&#8220; width=&#8220;44%&#8220; custom_margin=&#8220;|||104px|false|false&#8220; global_colors_info=&#8220;{}&#8220;][\/et_pb_image][\/et_pb_column][et_pb_column type=&#8220;1_3&#8243; _builder_version=&#8220;4.16&#8243; _module_preset=&#8220;default&#8220; global_colors_info=&#8220;{}&#8220;][et_pb_image src=&#8220;https:\/\/pmhouse.sk\/wp-content\/uploads\/2022\/10\/3.jpg&#8220; title_text=&#8220;3&#8243; _builder_version=&#8220;4.16&#8243; _module_preset=&#8220;default&#8220; width=&#8220;60%&#8220; custom_margin=&#8220;|||-130px|false|false&#8220; global_colors_info=&#8220;{}&#8220;][\/et_pb_image][\/et_pb_column][\/et_pb_row][et_pb_row column_structure=&#8220;1_6,1_6,1_6,1_6,1_6,1_6&#8243; disabled_on=&#8220;off|off|off&#8220; _builder_version=&#8220;4.16&#8243; _module_preset=&#8220;default&#8220; locked=&#8220;off&#8220; global_colors_info=&#8220;{}&#8220;][et_pb_column type=&#8220;1_6&#8243; _builder_version=&#8220;4.16&#8243; _module_preset=&#8220;default&#8220; animation_style=&#8220;zoom&#8220; box_shadow_style=&#8220;preset2&#8243; global_colors_info=&#8220;{}&#8220;][et_pb_button button_url=&#8220;https:\/\/pmhouse.sk\/cs\/plastova-okna\/&#8220; button_text=&#8220;Plastov\u00e1 okna&#8220; button_alignment=&#8220;center&#8220; _builder_version=&#8220;4.19.1&#8243; _module_preset=&#8220;default&#8220; hover_enabled=&#8220;0&#8243; locked=&#8220;off&#8220; global_colors_info=&#8220;{}&#8220; sticky_enabled=&#8220;0&#8243;][\/et_pb_button][\/et_pb_column][et_pb_column type=&#8220;1_6&#8243; _builder_version=&#8220;4.16&#8243; _module_preset=&#8220;default&#8220; animation_style=&#8220;zoom&#8220; box_shadow_style=&#8220;preset2&#8243; global_colors_info=&#8220;{}&#8220;][et_pb_button button_url=&#8220;https:\/\/pmhouse.sk\/cs\/hlinikova-okna\/&#8220; button_text=&#8220;Hlin\u00edkov\u00e1 okna&#8220; button_alignment=&#8220;center&#8220; _builder_version=&#8220;4.19.1&#8243; _module_preset=&#8220;default&#8220; hover_enabled=&#8220;0&#8243; locked=&#8220;off&#8220; global_colors_info=&#8220;{}&#8220; sticky_enabled=&#8220;0&#8243;][\/et_pb_button][\/et_pb_column][et_pb_column type=&#8220;1_6&#8243; _builder_version=&#8220;4.16&#8243; _module_preset=&#8220;default&#8220; animation_style=&#8220;zoom&#8220; box_shadow_style=&#8220;preset2&#8243; global_colors_info=&#8220;{}&#8220;][et_pb_button button_url=&#8220;https:\/\/pmhouse.sk\/cs\/vnejsi-dvere\/&#8220; button_text=&#8220;Vn\u011bj\u0161\u00ed dve\u0159e&#8220; button_alignment=&#8220;center&#8220; _builder_version=&#8220;4.19.1&#8243; _module_preset=&#8220;default&#8220; hover_enabled=&#8220;0&#8243; locked=&#8220;off&#8220; global_colors_info=&#8220;{}&#8220; sticky_enabled=&#8220;0&#8243;][\/et_pb_button][\/et_pb_column][et_pb_column type=&#8220;1_6&#8243; _builder_version=&#8220;4.16&#8243; _module_preset=&#8220;default&#8220; animation_style=&#8220;zoom&#8220; box_shadow_style=&#8220;preset2&#8243; global_colors_info=&#8220;{}&#8220;][et_pb_button button_url=&#8220;https:\/\/pmhouse.sk\/cs\/garazova-vrata\/&#8220; button_text=&#8220;Gar\u00e1\u017eov\u00e1 vrata&#8220; button_alignment=&#8220;center&#8220; _builder_version=&#8220;4.19.1&#8243; _module_preset=&#8220;default&#8220; hover_enabled=&#8220;0&#8243; locked=&#8220;off&#8220; global_colors_info=&#8220;{}&#8220; sticky_enabled=&#8220;0&#8243;][\/et_pb_button][\/et_pb_column][et_pb_column type=&#8220;1_6&#8243; _builder_version=&#8220;4.16&#8243; _module_preset=&#8220;default&#8220; animation_style=&#8220;zoom&#8220; box_shadow_style=&#8220;preset2&#8243; global_colors_info=&#8220;{}&#8220;][et_pb_button button_url=&#8220;https:\/\/pmhouse.sk\/cs\/zaluzie-a-rolety\/&#8220; button_text=&#8220;\u017daluzie a rolety&#8220; button_alignment=&#8220;center&#8220; _builder_version=&#8220;4.19.1&#8243; _module_preset=&#8220;default&#8220; hover_enabled=&#8220;0&#8243; locked=&#8220;off&#8220; global_colors_info=&#8220;{}&#8220; sticky_enabled=&#8220;0&#8243;][\/et_pb_button][\/et_pb_column][et_pb_column type=&#8220;1_6&#8243; _builder_version=&#8220;4.16&#8243; _module_preset=&#8220;default&#8220; animation_style=&#8220;zoom&#8220; box_shadow_style=&#8220;preset2&#8243; global_colors_info=&#8220;{}&#8220;][et_pb_button button_url=&#8220;https:\/\/pmhouse.sk\/cs\/zimni-zahrady\/&#8220; button_text=&#8220;Zimn\u00ed zahrady&#8220; button_alignment=&#8220;center&#8220; _builder_version=&#8220;4.19.1&#8243; _module_preset=&#8220;default&#8220; hover_enabled=&#8220;0&#8243; locked=&#8220;off&#8220; global_colors_info=&#8220;{}&#8220; sticky_enabled=&#8220;0&#8243;][\/et_pb_button][\/et_pb_column][\/et_pb_row][et_pb_row _builder_version=&#8220;4.16&#8243; _module_preset=&#8220;default&#8220; global_colors_info=&#8220;{}&#8220;][et_pb_column type=&#8220;4_4&#8243; _builder_version=&#8220;4.16&#8243; _module_preset=&#8220;default&#8220; global_colors_info=&#8220;{}&#8220;][et_pb_button button_url=&#8220;https:\/\/pmhouse.sk\/cs\/kontakt\/&#8220; button_text=&#8220;Cenov\u00e1 nab\u00eddka&#8220; button_alignment=&#8220;center&#8220; _builder_version=&#8220;4.19.1&#8243; _module_preset=&#8220;default&#8220; hover_enabled=&#8220;0&#8243; locked=&#8220;off&#8220; global_colors_info=&#8220;{}&#8220; sticky_enabled=&#8220;0&#8243;][\/et_pb_button][\/et_pb_column][\/et_pb_row][\/et_pb_section]<\/p>\n","protected":false},"excerpt":{"rendered":"","protected":false},"author":1,"featured_media":0,"parent":0,"menu_order":0,"comment_status":"closed","ping_status":"closed","template":"","meta":{"_et_pb_use_builder":"on","_et_pb_old_content":"","_et_gb_content_width":"","inline_featured_image":false,"_monsterinsights_skip_tracking":false,"_monsterinsights_sitenote_active":false,"_monsterinsights_sitenote_note":"","_monsterinsights_sitenote_category":0,"_uf_show_specific_survey":0,"_uf_disable_surveys":false,"footnotes":""},"class_list":["post-9611","page","type-page","status-publish","hentry"],"aioseo_notices":[],"yoast_head":"<!-- This site is optimized with the Yoast SEO plugin v27.5 - https:\/\/yoast.com\/product\/yoast-seo-wordpress\/ -->\n<title>Okna a dve\u0159e - Pmhouse<\/title>\n<meta name=\"robots\" content=\"index, follow, max-snippet:-1, max-image-preview:large, max-video-preview:-1\" \/>\n<link rel=\"canonical\" href=\"https:\/\/pmhouse.sk\/cs\/okna-a-dvere\/\" \/>\n<meta property=\"og:locale\" content=\"cs_CZ\" \/>\n<meta property=\"og:type\" content=\"article\" \/>\n<meta property=\"og:title\" content=\"Okna a dve\u0159e - Pmhouse\" \/>\n<meta property=\"og:url\" content=\"https:\/\/pmhouse.sk\/cs\/okna-a-dvere\/\" \/>\n<meta property=\"og:site_name\" content=\"Pmhouse\" \/>\n<meta property=\"article:modified_time\" content=\"2023-01-27T11:54:04+00:00\" \/>\n<meta name=\"twitter:card\" content=\"summary_large_image\" \/>\n<meta name=\"twitter:label1\" content=\"Odhadovan\u00e1 doba \u010dten\u00ed\" \/>\n\t<meta name=\"twitter:data1\" content=\"3 minuty\" \/>\n<script type=\"application\/ld+json\" class=\"yoast-schema-graph\">{\"@context\":\"https:\\\/\\\/schema.org\",\"@graph\":[{\"@type\":\"WebPage\",\"@id\":\"https:\\\/\\\/pmhouse.sk\\\/cs\\\/okna-a-dvere\\\/\",\"url\":\"https:\\\/\\\/pmhouse.sk\\\/cs\\\/okna-a-dvere\\\/\",\"name\":\"Okna a dve\u0159e - Pmhouse\",\"isPartOf\":{\"@id\":\"https:\\\/\\\/pmhouse.sk\\\/cs\\\/#website\"},\"datePublished\":\"2022-03-07T13:09:56+00:00\",\"dateModified\":\"2023-01-27T11:54:04+00:00\",\"breadcrumb\":{\"@id\":\"https:\\\/\\\/pmhouse.sk\\\/cs\\\/okna-a-dvere\\\/#breadcrumb\"},\"inLanguage\":\"cs\",\"potentialAction\":[{\"@type\":\"ReadAction\",\"target\":[\"https:\\\/\\\/pmhouse.sk\\\/cs\\\/okna-a-dvere\\\/\"]}]},{\"@type\":\"BreadcrumbList\",\"@id\":\"https:\\\/\\\/pmhouse.sk\\\/cs\\\/okna-a-dvere\\\/#breadcrumb\",\"itemListElement\":[{\"@type\":\"ListItem\",\"position\":1,\"name\":\"Home\",\"item\":\"https:\\\/\\\/pmhouse.sk\\\/cs\\\/\"},{\"@type\":\"ListItem\",\"position\":2,\"name\":\"Okna a dve\u0159e\"}]},{\"@type\":\"WebSite\",\"@id\":\"https:\\\/\\\/pmhouse.sk\\\/cs\\\/#website\",\"url\":\"https:\\\/\\\/pmhouse.sk\\\/cs\\\/\",\"name\":\"Pmhouse\",\"description\":\"Modul\u00e1rne domy\",\"potentialAction\":[{\"@type\":\"SearchAction\",\"target\":{\"@type\":\"EntryPoint\",\"urlTemplate\":\"https:\\\/\\\/pmhouse.sk\\\/cs\\\/?s={search_term_string}\"},\"query-input\":{\"@type\":\"PropertyValueSpecification\",\"valueRequired\":true,\"valueName\":\"search_term_string\"}}],\"inLanguage\":\"cs\"}]}<\/script>\n<!-- \/ Yoast SEO plugin. -->","yoast_head_json":{"title":"Okna a dve\u0159e - Pmhouse","robots":{"index":"index","follow":"follow","max-snippet":"max-snippet:-1","max-image-preview":"max-image-preview:large","max-video-preview":"max-video-preview:-1"},"canonical":"https:\/\/pmhouse.sk\/cs\/okna-a-dvere\/","og_locale":"cs_CZ","og_type":"article","og_title":"Okna a dve\u0159e - Pmhouse","og_url":"https:\/\/pmhouse.sk\/cs\/okna-a-dvere\/","og_site_name":"Pmhouse","article_modified_time":"2023-01-27T11:54:04+00:00","twitter_card":"summary_large_image","twitter_misc":{"Odhadovan\u00e1 doba \u010dten\u00ed":"3 minuty"},"schema":{"@context":"https:\/\/schema.org","@graph":[{"@type":"WebPage","@id":"https:\/\/pmhouse.sk\/cs\/okna-a-dvere\/","url":"https:\/\/pmhouse.sk\/cs\/okna-a-dvere\/","name":"Okna a dve\u0159e - Pmhouse","isPartOf":{"@id":"https:\/\/pmhouse.sk\/cs\/#website"},"datePublished":"2022-03-07T13:09:56+00:00","dateModified":"2023-01-27T11:54:04+00:00","breadcrumb":{"@id":"https:\/\/pmhouse.sk\/cs\/okna-a-dvere\/#breadcrumb"},"inLanguage":"cs","potentialAction":[{"@type":"ReadAction","target":["https:\/\/pmhouse.sk\/cs\/okna-a-dvere\/"]}]},{"@type":"BreadcrumbList","@id":"https:\/\/pmhouse.sk\/cs\/okna-a-dvere\/#breadcrumb","itemListElement":[{"@type":"ListItem","position":1,"name":"Home","item":"https:\/\/pmhouse.sk\/cs\/"},{"@type":"ListItem","position":2,"name":"Okna a dve\u0159e"}]},{"@type":"WebSite","@id":"https:\/\/pmhouse.sk\/cs\/#website","url":"https:\/\/pmhouse.sk\/cs\/","name":"Pmhouse","description":"Modul\u00e1rne domy","potentialAction":[{"@type":"SearchAction","target":{"@type":"EntryPoint","urlTemplate":"https:\/\/pmhouse.sk\/cs\/?s={search_term_string}"},"query-input":{"@type":"PropertyValueSpecification","valueRequired":true,"valueName":"search_term_string"}}],"inLanguage":"cs"}]}},"_links":{"self":[{"href":"https:\/\/pmhouse.sk\/cs\/wp-json\/wp\/v2\/pages\/9611","targetHints":{"allow":["GET"]}}],"collection":[{"href":"https:\/\/pmhouse.sk\/cs\/wp-json\/wp\/v2\/pages"}],"about":[{"href":"https:\/\/pmhouse.sk\/cs\/wp-json\/wp\/v2\/types\/page"}],"author":[{"embeddable":true,"href":"https:\/\/pmhouse.sk\/cs\/wp-json\/wp\/v2\/users\/1"}],"replies":[{"embeddable":true,"href":"https:\/\/pmhouse.sk\/cs\/wp-json\/wp\/v2\/comments?post=9611"}],"version-history":[{"count":4,"href":"https:\/\/pmhouse.sk\/cs\/wp-json\/wp\/v2\/pages\/9611\/revisions"}],"predecessor-version":[{"id":10319,"href":"https:\/\/pmhouse.sk\/cs\/wp-json\/wp\/v2\/pages\/9611\/revisions\/10319"}],"wp:attachment":[{"href":"https:\/\/pmhouse.sk\/cs\/wp-json\/wp\/v2\/media?parent=9611"}],"curies":[{"name":"wp","href":"https:\/\/api.w.org\/{rel}","templated":true}]}}