{"id":9574,"date":"2022-02-22T11:04:18","date_gmt":"2022-02-22T10:04:18","guid":{"rendered":"https:\/\/pmhouse.sk\/casto-kladene-otazky\/"},"modified":"2023-01-13T14:07:26","modified_gmt":"2023-01-13T13:07:26","slug":"casto-kladene-otazky","status":"publish","type":"page","link":"https:\/\/pmhouse.sk\/cs\/casto-kladene-otazky\/","title":{"rendered":"\u010casto kladen\u00e9 ot\u00e1zky"},"content":{"rendered":"<p>[et_pb_section fb_built=&#8220;1&#8243; _builder_version=&#8220;4.16&#8243; _module_preset=&#8220;default&#8220; custom_padding=&#8220;20px||14px|||&#8220; global_colors_info=&#8220;{}&#8220;][et_pb_row _builder_version=&#8220;4.16&#8243; _module_preset=&#8220;default&#8220; background_color=&#8220;#FFFFFF&#8220; global_colors_info=&#8220;{}&#8220;][et_pb_column type=&#8220;4_4&#8243; _builder_version=&#8220;4.16&#8243; _module_preset=&#8220;default&#8220; global_colors_info=&#8220;{}&#8220;][et_pb_text _builder_version=&#8220;4.19.1&#8243; _module_preset=&#8220;default&#8220; text_font=&#8220;ISOCPEUR||||||||&#8220; text_text_color=&#8220;#FFFFFF&#8220; text_font_size=&#8220;20px&#8220; text_letter_spacing=&#8220;4px&#8220; text_line_height=&#8220;1em&#8220; header_font=&#8220;|700|||||||&#8220; background_color=&#8220;#000000&#8243; custom_padding=&#8220;30px|56px|30px|56px|true|true&#8220; global_colors_info=&#8220;{}&#8220;]<\/p>\n<p style=\"text-align: center;\"><strong>\u010casto kladen\u00e9 ot\u00e1zky<\/strong><\/p>\n<p>[\/et_pb_text][et_pb_text _builder_version=&#8220;4.16&#8243; _module_preset=&#8220;default&#8220; text_font=&#8220;ISOCPEUR||||||||&#8220; text_font_size=&#8220;18px&#8220; header_font=&#8220;|700|||||||&#8220; background_color=&#8220;#FFFFFF&#8220; custom_padding=&#8220;46px|0px|46px|0px|true|true&#8220; border_radii=&#8220;on|16px|16px|16px|16px&#8220; global_colors_info=&#8220;{}&#8220;]<\/p>\n<p><span>MODUL\u00c1RN\u00cd V\u00ddSTAVBA A ZEJM\u00c9NA OBYTN\u00c9 KONTEJNERY P\u0158EDSTAVUJ\u00cd NOVOU ALTERNATIVU VE STAVEBNICTV\u00cd. POKUD SE ROZHODNETE, \u017dE CHCETE RYCHLE (B\u011aHEM N\u011aKOLIKA T\u00ddDN\u016e) VYBUDOVAT SV\u00c9 BYDLEN\u00cd, ALE TAK\u00c9 NAP\u0158\u00cdKLAD MALOU KAV\u00c1RNU, V\u00cdKENDOVOU REZIDENCI NEBO Z\u00c1ZEM\u00cd PRO PRACOVN\u00cdKY, JE OBYTN\u00dd KONTEJNER IDE\u00c1LN\u00cdM \u0158E\u0160EN\u00cdM.<\/span><\/p>\n<p>[\/et_pb_text][\/et_pb_column][\/et_pb_row][\/et_pb_section][et_pb_section fb_built=&#8220;1&#8243; module_id=&#8220;informace&#8220; _builder_version=&#8220;4.16&#8243; _module_preset=&#8220;default&#8220; custom_padding=&#8220;0px||1px|||&#8220; global_colors_info=&#8220;{}&#8220;][et_pb_row column_structure=&#8220;1_2,1_2&#8243; use_custom_gutter=&#8220;on&#8220; gutter_width=&#8220;2&#8243; _builder_version=&#8220;4.16&#8243; _module_preset=&#8220;default&#8220; custom_padding=&#8220;10px||46px|||&#8220; global_colors_info=&#8220;{}&#8220;][et_pb_column type=&#8220;1_2&#8243; _builder_version=&#8220;4.16&#8243; _module_preset=&#8220;default&#8220; global_colors_info=&#8220;{}&#8220;][et_pb_text _builder_version=&#8220;4.16&#8243; _module_preset=&#8220;default&#8220; text_font=&#8220;ISOCPEUR||||||||&#8220; text_text_color=&#8220;#FFFFFF&#8220; text_letter_spacing=&#8220;4px&#8220; text_line_height=&#8220;1em&#8220; header_3_font=&#8220;|600|||||||&#8220; header_3_text_color=&#8220;#000000&#8243; header_3_font_size=&#8220;24px&#8220; background_color=&#8220;#000000&#8243; custom_margin=&#8220;||19px|||&#8220; locked=&#8220;off&#8220; global_colors_info=&#8220;{}&#8220;]<\/p>\n<p style=\"text-align: center;\"><strong>JAK SE STAV\u00cd MODUL\u00c1RN\u00cd DOMY<\/strong><\/p>\n<p>[\/et_pb_text][et_pb_accordion toggle_icon=&#8220;&#x33;||divi||400&#8243; icon_color=&#8220;#000000&#8243; use_icon_font_size=&#8220;on&#8220; icon_font_size=&#8220;37px&#8220; _builder_version=&#8220;4.16&#8243; _module_preset=&#8220;default&#8220; body_text_color=&#8220;#747990&#8243; custom_padding=&#8220;||||false|true&#8220; border_radii=&#8220;on|34px|34px|34px|34px&#8220; global_colors_info=&#8220;{}&#8220;][et_pb_accordion_item title=&#8220;PRVN\u00cd POHLED&#8220; open=&#8220;on&#8220; open_toggle_text_color=&#8220;#000000&#8243; toggle_icon=&#8220;&#x33;||divi||400&#8243; _builder_version=&#8220;4.16&#8243; _module_preset=&#8220;default&#8220; body_font=&#8220;ISOCPEUR||||||||&#8220; body_text_color=&#8220;#000000&#8243; background_color=&#8220;#FFFFFF&#8220; background_enable_color=&#8220;on&#8220; custom_padding=&#8220;29px|35px|29px|35px|true|true&#8220; border_radii=&#8220;on|14px|14px|14px|14px&#8220; border_width_all=&#8220;0px&#8220; global_colors_info=&#8220;{}&#8220; toggle_font=&#8220;ISOCPEUR|700|||||||&#8220; toggle_font_size=&#8220;16px&#8220; toggle_letter_spacing=&#8220;4px&#8220; toggle_line_height=&#8220;1em&#8220; closed_toggle_font=&#8220;ISOCPEUR||||||||&#8220;]<\/p>\n<p>Na prvn\u00ed pohled je to skute\u010dn\u011b<span> <\/span><strong>T\u011b\u017eko rozeznat<span> <\/span><\/strong>kontejnerov\u00fd d\u016fm od zd\u011bn\u00e9ho. Jsou t\u00e9m\u011b\u0159 toto\u017en\u00e9. Prvn\u00ed rozd\u00edly pozn\u00e1te, jakmile vstoup\u00edte dovnit\u0159. Pokud jde tedy o<span> <\/span><strong>vn\u011bj\u0161\u00ed fas\u00e1da<\/strong>, kter\u00e1 m\u016f\u017ee b\u00fdt vyrobena z t\u00e9m\u011b\u0159 jak\u00e9hokoli dostupn\u00e9ho materi\u00e1lu.<\/p>\n<p>[\/et_pb_accordion_item][et_pb_accordion_item title=&#8220;VHODN\u00dd POZEMEK, ROZPRACOVAN\u00dd PROJEKT&#8220; _builder_version=&#8220;4.16&#8243; _module_preset=&#8220;default&#8220; body_font=&#8220;ISOCPEUR||||||||&#8220; body_text_color=&#8220;#000000&#8243; background_color=&#8220;#FFFFFF&#8220; background_enable_color=&#8220;on&#8220; custom_padding=&#8220;29px|35px|29px|35px|true|true&#8220; border_radii=&#8220;on|14px|14px|14px|14px&#8220; border_width_all=&#8220;0px&#8220; global_colors_info=&#8220;{}&#8220; toggle_text_color=&#8220;#000000&#8243; toggle_font=&#8220;ISOCPEUR|700|||||||&#8220; toggle_font_size=&#8220;16px&#8220; toggle_letter_spacing=&#8220;4px&#8220; toggle_line_height=&#8220;1em&#8220; open=&#8220;off&#8220;]<\/p>\n<ul>\n<li><strong>Prvn\u00edm krokem<span> <\/span><\/strong>po rozhodnut\u00ed pro bydlen\u00ed v kontejnerech je naj\u00edt<span> <\/span><strong>vhodn\u00e9 pozemky<\/strong>. M\u011bla by b\u00fdt p\u0159edev\u0161\u00edm p\u0159\u00edstupn\u00e1<span> <\/span><strong>pro je\u0159\u00e1b a n\u00e1kladn\u00ed auto<\/strong>, kter\u00e9 k n\u011bmu kontejner p\u0159iveze.<span> <\/span><strong>Druh\u00fdm krokem,<\/strong> stejn\u011b jako v p\u0159\u00edpad\u011b klasick\u00fdch zd\u011bn\u00fdch dom\u016f, je v tomto p\u0159\u00edpad\u011b pot\u0159eba m\u00edt p\u0159ed vlastn\u00ed realizac\u00ed<span> <\/span><strong>projekt<span> <\/span><\/strong>podle va\u0161eho p\u0159\u00e1n\u00ed. Podle n\u011bj se vyr\u00e1b\u011bj\u00ed moduly vhodn\u00e9 pro v\u00fdrobu konkr\u00e9tn\u00ed budovy. M\u016f\u017eete si vybrat<span> <\/span><strong>kontejnerov\u00e9 domy na kl\u00ed\u010d<span> <\/span><\/strong>nebo jako<span> <\/span><strong>holodom<\/strong>, nebo na z\u00e1klad\u011b dohody.<\/li>\n<\/ul>\n<p>[\/et_pb_accordion_item][et_pb_accordion_item title=&#8220;OCELOV\u00c1 KONSTRUKCE, ELEKT\u0158INA, PLYN, VODA&#8220; _builder_version=&#8220;4.16&#8243; _module_preset=&#8220;default&#8220; body_font=&#8220;ISOCPEUR||||||||&#8220; body_text_color=&#8220;#000000&#8243; background_color=&#8220;#FFFFFF&#8220; background_enable_color=&#8220;on&#8220; custom_padding=&#8220;29px|35px|29px|35px|true|true&#8220; border_radii=&#8220;on|14px|14px|14px|14px&#8220; border_width_all=&#8220;0px&#8220; global_colors_info=&#8220;{}&#8220; toggle_text_color=&#8220;#000000&#8243; toggle_font=&#8220;ISOCPEUR|700|||||||&#8220; toggle_font_size=&#8220;16px&#8220; toggle_letter_spacing=&#8220;4px&#8220; toggle_line_height=&#8220;1em&#8220; open=&#8220;off&#8220;]<\/p>\n<ul>\n<li>Po zhotoven\u00ed ocelov\u00e9 konstrukce se p\u0159iprav\u00ed n\u00e1sleduj\u00edc\u00ed prvky<span> <\/span><strong>jednotliv\u00e9 moduly<span> <\/span><\/strong>podle projektov\u00e9 dokumentace pro vnit\u0159n\u00ed a vn\u011bj\u0161\u00ed opl\u00e1\u0161t\u011bn\u00ed. Vzhledem k tomu, \u017ee ka\u017ed\u00fd modul je sou\u010d\u00e1st\u00ed jin\u00e9 \u010d\u00e1sti kontejnerov\u00e9ho domu nebo kontejnerov\u00e9 stavby, mus\u00ed b\u00fdt samoz\u0159ejm\u011b p\u0159ipraven tak, aby byl pouze<span> <\/span><strong>spojit v jeden celek<\/strong>. Proto jsou moduly vyr\u00e1b\u011bny d\u016fsledn\u011b i<span> <\/span><strong>s elekt\u0159inou, plynem, vodou<\/strong> nebo jin\u00fdmi pot\u0159ebn\u00fdmi komponenty p\u0159\u00edmo ve v\u00fdrobn\u00edm z\u00e1vod\u011b.<\/li>\n<\/ul>\n<p>[\/et_pb_accordion_item][et_pb_accordion_item title=&#8220;KONE\u010cN\u00c1 F\u00c1ZE&#8220; _builder_version=&#8220;4.16&#8243; _module_preset=&#8220;default&#8220; body_font=&#8220;ISOCPEUR||||||||&#8220; body_text_color=&#8220;#000000&#8243; background_color=&#8220;#FFFFFF&#8220; background_enable_color=&#8220;on&#8220; custom_padding=&#8220;29px|35px|29px|35px|true|true&#8220; border_radii=&#8220;on|14px|14px|14px|14px&#8220; border_width_all=&#8220;0px&#8220; global_colors_info=&#8220;{}&#8220; toggle_text_color=&#8220;#000000&#8243; toggle_font=&#8220;ISOCPEUR|700|||||||&#8220; toggle_font_size=&#8220;16px&#8220; toggle_letter_spacing=&#8220;4px&#8220; toggle_line_height=&#8220;1em&#8220; open=&#8220;off&#8220;]<\/p>\n<ul>\n<li><strong>Z\u00e1v\u011bre\u010dn\u00e1 f\u00e1ze<span> <\/span><\/strong>spo\u010d\u00edv\u00e1 v tom, \u017ee se na pozemku s p\u0159edem p\u0159ipraven\u00fdm z\u00e1kladem postav\u00ed stavba.<span> <\/span>je\u0159\u00e1bem <strong>um\u00edstit jednotliv\u00e9 moduly<span> <\/span> do<\/strong>jednoho celku. Ka\u017ed\u00fd modul se p\u0159ipojuje<span> <\/span><strong>speci\u00e1ln\u00ed \u00fachyty, kter\u00e9<\/strong> tvo\u0159\u00ed jednu souvislou budovu. Jednotliv\u00e9 moduly se skl\u00e1daj\u00ed vedle sebe nebo nad sebou, pokud se jedn\u00e1 o v\u00edcepodla\u017en\u00ed budovu.<\/li>\n<\/ul>\n<p>[\/et_pb_accordion_item][\/et_pb_accordion][\/et_pb_column][et_pb_column type=&#8220;1_2&#8243; _builder_version=&#8220;4.16&#8243; _module_preset=&#8220;default&#8220; global_colors_info=&#8220;{}&#8220;][et_pb_text _builder_version=&#8220;4.16&#8243; _module_preset=&#8220;default&#8220; text_font=&#8220;ISOCPEUR||||||||&#8220; text_text_color=&#8220;#FFFFFF&#8220; text_letter_spacing=&#8220;4px&#8220; text_line_height=&#8220;1em&#8220; header_3_font=&#8220;|600|||||||&#8220; header_3_text_color=&#8220;#000000&#8243; header_3_font_size=&#8220;24px&#8220; background_color=&#8220;#000000&#8243; custom_margin=&#8220;||19px|||&#8220; locked=&#8220;off&#8220; global_colors_info=&#8220;{}&#8220;]<\/p>\n<p style=\"text-align: center;\"><strong>POU\u017dIT\u00cd SAMOTN\u00ddCH KONTEJNER\u016e<\/strong><\/p>\n<p>[\/et_pb_text][et_pb_accordion toggle_icon=&#8220;&#x33;||divi||400&#8243; icon_color=&#8220;#000000&#8243; use_icon_font_size=&#8220;on&#8220; icon_font_size=&#8220;37px&#8220; _builder_version=&#8220;4.16&#8243; _module_preset=&#8220;default&#8220; body_text_color=&#8220;#747990&#8243; custom_padding=&#8220;||||false|true&#8220; border_radii=&#8220;on|34px|34px|34px|34px&#8220; global_colors_info=&#8220;{}&#8220;][et_pb_accordion_item title=&#8220;NOV\u00c1 ALTERNATIVA VE STAVEBNICTV\u00cd&#8220; open=&#8220;on&#8220; open_toggle_text_color=&#8220;#000000&#8243; toggle_icon=&#8220;&#x33;||divi||400&#8243; _builder_version=&#8220;4.16&#8243; _module_preset=&#8220;default&#8220; body_font=&#8220;ISOCPEUR||||||||&#8220; body_text_color=&#8220;#000000&#8243; background_color=&#8220;#FFFFFF&#8220; background_enable_color=&#8220;on&#8220; custom_padding=&#8220;29px|35px|29px|35px|true|true&#8220; border_radii=&#8220;on|14px|14px|14px|14px&#8220; border_width_all=&#8220;0px&#8220; global_colors_info=&#8220;{}&#8220; toggle_font=&#8220;ISOCPEUR|700|||||||&#8220; toggle_font_size=&#8220;16px&#8220; toggle_letter_spacing=&#8220;4px&#8220; toggle_line_height=&#8220;1em&#8220;]<\/p>\n<p><span>V\u00fdstavba obytn\u00fdch kontejner\u016f p\u0159edstavuje <\/span><strong>nov\u00e1 alternativa ve stavebnictv\u00ed<\/strong><span>. Nicm\u00e9n\u011b  <\/span><strong>ekonomick\u00e9<\/strong><span>, <\/span><strong>levn\u00e9<\/strong><span>ale krom\u011b toho <\/span><strong>\u0161etrn\u00e9 k \u017eivotn\u00edmu prost\u0159ed\u00ed<\/strong><span>. \u0160irokou \u0161k\u00e1lu modern\u00edch modul\u00e1rn\u00edch staveb lze pou\u017e\u00edt pro  <\/span><strong>jak\u00e9koliv \u00fa\u010dely<\/strong><span>:<\/span><\/p>\n<p><span><\/span><\/p>\n<p>[\/et_pb_accordion_item][et_pb_accordion_item title=&#8220;K \u010cEMU LZE MODUL KONTEJNERU POU\u017d\u00cdT?&#8220; open_toggle_text_color=&#8220;#000000&#8243; _builder_version=&#8220;4.16&#8243; _module_preset=&#8220;default&#8220; body_font=&#8220;ISOCPEUR||||||||&#8220; body_text_color=&#8220;#000000&#8243; background_color=&#8220;#FFFFFF&#8220; background_enable_color=&#8220;on&#8220; custom_padding=&#8220;29px|35px|29px|35px|true|true&#8220; border_radii=&#8220;on|14px|14px|14px|14px&#8220; border_width_all=&#8220;0px&#8220; global_colors_info=&#8220;{}&#8220; toggle_text_color=&#8220;#000000&#8243; toggle_font=&#8220;ISOCPEUR|600|||||||&#8220; toggle_font_size=&#8220;16px&#8220; toggle_letter_spacing=&#8220;4px&#8220; toggle_line_height=&#8220;1em&#8220; open=&#8220;off&#8220;]<\/p>\n<ul>\n<li>prodejn\u00ed st\u00e1nky, obchody, kiosky, bufety.<\/li>\n<li>terasy, showroomy, gar\u00e1\u017ee<\/li>\n<li>toalety<\/li>\n<li>obchodn\u00ed, kancel\u00e1\u0159sk\u00e9, restaura\u010dn\u00ed a komer\u010dn\u00ed prostory<\/li>\n<li>kontejnery a sestavy kontejner\u016f<\/li>\n<li>alt\u00e1ny, autobusov\u00e9 zast\u00e1vky<\/li>\n<li>prodejn\u00ed moduly vhodn\u00e9 pro prostory \u010derpac\u00edch stanic<\/li>\n<li>modern\u00ed unimoboxy z kombinovan\u00fdch materi\u00e1l\u016f<\/li>\n<li>\u017eiv\u00e9 bu\u0148ky, skladovac\u00ed a sanit\u00e1rn\u00ed moduly<\/li>\n<li>chaty, bytov\u00e9 komplexy, bytov\u00e9 domy, sm\u011bn\u00e1rny a dal\u0161\u00ed obchodn\u00ed prostory resp. obytn\u00e9 budovy.<\/li>\n<\/ul>\n<p>[\/et_pb_accordion_item][\/et_pb_accordion][\/et_pb_column][\/et_pb_row][et_pb_row _builder_version=&#8220;4.16&#8243; _module_preset=&#8220;default&#8220; global_colors_info=&#8220;{}&#8220;][et_pb_column type=&#8220;4_4&#8243; _builder_version=&#8220;4.16&#8243; _module_preset=&#8220;default&#8220; global_colors_info=&#8220;{}&#8220;][et_pb_text _builder_version=&#8220;4.16&#8243; _module_preset=&#8220;default&#8220; text_font=&#8220;ISOCPEUR||||||||&#8220; text_text_color=&#8220;#FFFFFF&#8220; text_letter_spacing=&#8220;4px&#8220; text_line_height=&#8220;1em&#8220; header_3_font=&#8220;|600|||||||&#8220; header_3_text_color=&#8220;#000000&#8243; header_3_font_size=&#8220;24px&#8220; background_color=&#8220;#000000&#8243; custom_margin=&#8220;||19px|||&#8220; locked=&#8220;off&#8220; global_colors_info=&#8220;{}&#8220;]<\/p>\n<p style=\"text-align: center;\"><strong>V\u00ddHODY KONTEJNEROV\u00ddCH DOM\u016e<\/strong><\/p>\n<p>[\/et_pb_text][et_pb_accordion toggle_icon=&#8220;&#x33;||divi||400&#8243; icon_color=&#8220;#000000&#8243; use_icon_font_size=&#8220;on&#8220; icon_font_size=&#8220;37px&#8220; _builder_version=&#8220;4.16&#8243; _module_preset=&#8220;default&#8220; body_text_color=&#8220;#747990&#8243; background_color=&#8220;#FFFFFF&#8220; custom_padding=&#8220;||||false|true&#8220; border_radii=&#8220;on|34px|34px|34px|34px&#8220; global_colors_info=&#8220;{}&#8220;][et_pb_accordion_item title=&#8220;SHRNUT\u00cd V\u00ddHOD&#8220; open=&#8220;on&#8220; open_toggle_text_color=&#8220;#000000&#8243; toggle_icon=&#8220;&#x33;||divi||400&#8243; _builder_version=&#8220;4.16&#8243; _module_preset=&#8220;default&#8220; body_font=&#8220;ISOCPEUR||||||||&#8220; body_text_color=&#8220;#000000&#8243; background_color=&#8220;#FFFFFF&#8220; background_enable_color=&#8220;on&#8220; custom_padding=&#8220;29px|35px|29px|35px|true|true&#8220; border_radii=&#8220;on|14px|14px|14px|14px&#8220; border_width_all=&#8220;0px&#8220; global_colors_info=&#8220;{}&#8220; toggle_text_color=&#8220;#000000&#8243; toggle_font=&#8220;ISOCPEUR|700|||||||&#8220; toggle_font_size=&#8220;16px&#8220; toggle_letter_spacing=&#8220;4px&#8220; toggle_line_height=&#8220;1em&#8220;]<\/p>\n<ul>\n<li>Rychl\u00e1<strong> v\u00fdstavba modul\u00e1rn\u00edho<\/strong>domu, \u0159\u00e1dov\u011b<span> <\/span><strong>n\u011bkolik t\u00fddn\u016f<span> <\/span><\/strong>od podpisu smlouvy a\u017e po dod\u00e1n\u00ed a nast\u011bhov\u00e1n\u00ed.<\/li>\n<li>Modul\u00e1rn\u00ed d\u016fm je vhodn\u00fd pro<strong>alergiky<\/strong><span> <\/span><strong>.<\/strong><\/li>\n<li><strong>Odoln\u00e1<\/strong> konstrukce <strong><span> <\/span> (kvalita)<\/strong><\/li>\n<li><strong>Mobilita<span> <\/span><\/strong>domu mus\u00ed b\u00fdt zohledn\u011bna v n\u00e1vrhu a projektu.<\/li>\n<li><strong>Pr\u016fmyslov\u00fd design<span> <\/span><\/strong>interi\u00e9r, (p\u0159\u00edpadn\u011b i exteri\u00e9r)<\/li>\n<li>Ohledy na \u017eivotn\u00ed prost\u0159ed\u00ed &#8211;<span> <\/span><strong>90%<span> <\/span><\/strong>materi\u00e1l\u016f pou\u017eit\u00fdch v dom\u011b jsou<span> <\/span><strong>recyklovateln\u00e9<\/strong>.<\/li>\n<li>P\u0159i podpisu smlouvy zn\u00e1te<span> <\/span><strong>p\u0159esn\u00e9 n\u00e1klady<span> <\/span> na<\/strong>stavbu a dod\u00e1n\u00ed domu, \u017e\u00e1dn\u00e9 dal\u0161\u00ed n\u00e1klady v\u00e1m nevzniknou, ani se z\u00e1zra\u010dn\u011b neobjev\u00ed jako u jin\u00fdch typ\u016f staveb.<\/li>\n<li>Po dod\u00e1n\u00ed domu<strong>se<\/strong>sta\u010d\u00ed na<span> <\/span><strong>nast\u011bhovat a m\u016f\u017eete ihned bydlet,<span> <\/span> a<\/strong>u\u017e\u00edvat si d\u016fm naplno.<\/li>\n<li>Modul\u00e1rn\u00ed ob\u00fdvac\u00ed<span> <\/span><strong>\u0161et\u0159\u00ed va\u0161i energii,<span> <\/span><\/strong>d\u00edky kvalitn\u00edm izolac\u00edm a pou\u017eit\u00fdm materi\u00e1l\u016fm je proto<span> <\/span><strong>velmi n\u00edzkoenergetick\u00fd<\/strong>.<\/li>\n<li><strong>Snadn\u00e1 zm\u011bna dispozice<span> <\/span> &#8211;<\/strong>modul\u00e1rn\u00ed domy jsou velmi flexibiln\u00ed a jednotliv\u00e9 moduly lze podle pot\u0159eby kdykoli p\u0159idat, roz\u0161\u00ed\u0159it nebo odebrat b\u011bhem n\u011bkolika dn\u00ed.<\/li>\n<li>Stavebn\u00ed pr\u00e1ce jsou mo\u017en\u00e9 i v<strong>zimn\u00edch m\u011bs\u00edc\u00edch<\/strong><span> <\/span><strong>.<\/strong><\/li>\n<li>Mo\u017enost<span> <\/span><strong>origin\u00e1ln\u00ed architektonick\u00e9 tvary<\/strong><\/li>\n<li><strong>Zaj\u00edmav\u00e9 vyu\u017eit\u00ed<span> <\/span><\/strong>pro podnik\u00e1n\u00ed, rekreaci, obchod atd.<\/li>\n<li><strong>Such\u00fd v\u00fdrobn\u00ed proces<\/strong>, jedin\u00fd mokr\u00fd proces je p\u0159i stavb\u011b z\u00e1kladov\u00e9 desky, pokud v\u0161ak zvol\u00edte zemn\u00ed vrty, cel\u00e1 stavba se realizuje such\u00fdm procesem.<\/li>\n<li>V\u00fdhodou je mo\u017enost<span> <\/span><strong>demont\u00e1\u017ee a op\u011btovn\u00e9 mont\u00e1\u017ee<span> <\/span><\/strong>cel\u00e9 budovy na nov\u00e9m m\u00edst\u011b.<\/li>\n<\/ul>\n<p>[\/et_pb_accordion_item][\/et_pb_accordion][\/et_pb_column][\/et_pb_row][\/et_pb_section]<\/p>\n","protected":false},"excerpt":{"rendered":"<p>\u010casto kladen\u00e9 ot\u00e1zkyMODUL\u00c1RN\u00cd V\u00ddSTAVBA A ZEJM\u00c9NA OBYTN\u00c9 KONTEJNERY P\u0158EDSTAVUJ\u00cd NOVOU ALTERNATIVU VE STAVEBNICTV\u00cd. POKUD SE ROZHODNETE, \u017dE CHCETE RYCHLE (B\u011aHEM N\u011aKOLIKA T\u00ddDN\u016e) VYBUDOVAT SV\u00c9 BYDLEN\u00cd, ALE TAK\u00c9 NAP\u0158\u00cdKLAD MALOU KAV\u00c1RNU, V\u00cdKENDOVOU REZIDENCI NEBO Z\u00c1ZEM\u00cd PRO PRACOVN\u00cdKY, JE OBYTN\u00dd KONTEJNER IDE\u00c1LN\u00cdM \u0158E\u0160EN\u00cdM.JAK SE STAV\u00cd MODUL\u00c1RN\u00cd DOMYNa prvn\u00ed pohled je to skute\u010dn\u011b T\u011b\u017eko rozeznat kontejnerov\u00fd d\u016fm od [&hellip;]<\/p>\n","protected":false},"author":1,"featured_media":0,"parent":0,"menu_order":0,"comment_status":"closed","ping_status":"closed","template":"","meta":{"_et_pb_use_builder":"on","_et_pb_old_content":"","_et_gb_content_width":"","inline_featured_image":false,"_monsterinsights_skip_tracking":false,"_monsterinsights_sitenote_active":false,"_monsterinsights_sitenote_note":"","_monsterinsights_sitenote_category":0,"_uf_show_specific_survey":0,"_uf_disable_surveys":false,"footnotes":""},"class_list":["post-9574","page","type-page","status-publish","hentry"],"aioseo_notices":[],"yoast_head":"<!-- This site is optimized with the Yoast SEO plugin v26.8 - https:\/\/yoast.com\/product\/yoast-seo-wordpress\/ -->\n<title>\u010casto kladen\u00e9 ot\u00e1zky - Pmhouse<\/title>\n<meta name=\"robots\" content=\"index, follow, max-snippet:-1, max-image-preview:large, max-video-preview:-1\" \/>\n<link rel=\"canonical\" href=\"https:\/\/pmhouse.sk\/cs\/casto-kladene-otazky\/\" \/>\n<meta property=\"og:locale\" content=\"cs_CZ\" \/>\n<meta property=\"og:type\" content=\"article\" \/>\n<meta property=\"og:title\" content=\"\u010casto kladen\u00e9 ot\u00e1zky - Pmhouse\" \/>\n<meta property=\"og:description\" content=\"\u010casto kladen\u00e9 ot\u00e1zkyMODUL\u00c1RN\u00cd V\u00ddSTAVBA A ZEJM\u00c9NA OBYTN\u00c9 KONTEJNERY P\u0158EDSTAVUJ\u00cd NOVOU ALTERNATIVU VE STAVEBNICTV\u00cd. POKUD SE ROZHODNETE, \u017dE CHCETE RYCHLE (B\u011aHEM N\u011aKOLIKA T\u00ddDN\u016e) VYBUDOVAT SV\u00c9 BYDLEN\u00cd, ALE TAK\u00c9 NAP\u0158\u00cdKLAD MALOU KAV\u00c1RNU, V\u00cdKENDOVOU REZIDENCI NEBO Z\u00c1ZEM\u00cd PRO PRACOVN\u00cdKY, JE OBYTN\u00dd KONTEJNER IDE\u00c1LN\u00cdM \u0158E\u0160EN\u00cdM.JAK SE STAV\u00cd MODUL\u00c1RN\u00cd DOMYNa prvn\u00ed pohled je to skute\u010dn\u011b T\u011b\u017eko rozeznat kontejnerov\u00fd d\u016fm od [&hellip;]\" \/>\n<meta property=\"og:url\" content=\"https:\/\/pmhouse.sk\/cs\/casto-kladene-otazky\/\" \/>\n<meta property=\"og:site_name\" content=\"Pmhouse\" \/>\n<meta property=\"article:modified_time\" content=\"2023-01-13T13:07:26+00:00\" \/>\n<meta name=\"twitter:card\" content=\"summary_large_image\" \/>\n<meta name=\"twitter:label1\" content=\"Odhadovan\u00e1 doba \u010dten\u00ed\" \/>\n\t<meta name=\"twitter:data1\" content=\"9 minut\" \/>\n<script type=\"application\/ld+json\" class=\"yoast-schema-graph\">{\"@context\":\"https:\/\/schema.org\",\"@graph\":[{\"@type\":\"WebPage\",\"@id\":\"https:\/\/pmhouse.sk\/cs\/casto-kladene-otazky\/\",\"url\":\"https:\/\/pmhouse.sk\/cs\/casto-kladene-otazky\/\",\"name\":\"\u010casto kladen\u00e9 ot\u00e1zky - Pmhouse\",\"isPartOf\":{\"@id\":\"https:\/\/pmhouse.sk\/cs\/#website\"},\"datePublished\":\"2022-02-22T10:04:18+00:00\",\"dateModified\":\"2023-01-13T13:07:26+00:00\",\"breadcrumb\":{\"@id\":\"https:\/\/pmhouse.sk\/cs\/casto-kladene-otazky\/#breadcrumb\"},\"inLanguage\":\"cs\",\"potentialAction\":[{\"@type\":\"ReadAction\",\"target\":[\"https:\/\/pmhouse.sk\/cs\/casto-kladene-otazky\/\"]}]},{\"@type\":\"BreadcrumbList\",\"@id\":\"https:\/\/pmhouse.sk\/cs\/casto-kladene-otazky\/#breadcrumb\",\"itemListElement\":[{\"@type\":\"ListItem\",\"position\":1,\"name\":\"Home\",\"item\":\"https:\/\/pmhouse.sk\/cs\/\"},{\"@type\":\"ListItem\",\"position\":2,\"name\":\"\u010casto kladen\u00e9 ot\u00e1zky\"}]},{\"@type\":\"WebSite\",\"@id\":\"https:\/\/pmhouse.sk\/cs\/#website\",\"url\":\"https:\/\/pmhouse.sk\/cs\/\",\"name\":\"Pmhouse\",\"description\":\"Modul\u00e1rne domy\",\"potentialAction\":[{\"@type\":\"SearchAction\",\"target\":{\"@type\":\"EntryPoint\",\"urlTemplate\":\"https:\/\/pmhouse.sk\/cs\/?s={search_term_string}\"},\"query-input\":{\"@type\":\"PropertyValueSpecification\",\"valueRequired\":true,\"valueName\":\"search_term_string\"}}],\"inLanguage\":\"cs\"}]}<\/script>\n<!-- \/ Yoast SEO plugin. -->","yoast_head_json":{"title":"\u010casto kladen\u00e9 ot\u00e1zky - Pmhouse","robots":{"index":"index","follow":"follow","max-snippet":"max-snippet:-1","max-image-preview":"max-image-preview:large","max-video-preview":"max-video-preview:-1"},"canonical":"https:\/\/pmhouse.sk\/cs\/casto-kladene-otazky\/","og_locale":"cs_CZ","og_type":"article","og_title":"\u010casto kladen\u00e9 ot\u00e1zky - Pmhouse","og_description":"\u010casto kladen\u00e9 ot\u00e1zkyMODUL\u00c1RN\u00cd V\u00ddSTAVBA A ZEJM\u00c9NA OBYTN\u00c9 KONTEJNERY P\u0158EDSTAVUJ\u00cd NOVOU ALTERNATIVU VE STAVEBNICTV\u00cd. POKUD SE ROZHODNETE, \u017dE CHCETE RYCHLE (B\u011aHEM N\u011aKOLIKA T\u00ddDN\u016e) VYBUDOVAT SV\u00c9 BYDLEN\u00cd, ALE TAK\u00c9 NAP\u0158\u00cdKLAD MALOU KAV\u00c1RNU, V\u00cdKENDOVOU REZIDENCI NEBO Z\u00c1ZEM\u00cd PRO PRACOVN\u00cdKY, JE OBYTN\u00dd KONTEJNER IDE\u00c1LN\u00cdM \u0158E\u0160EN\u00cdM.JAK SE STAV\u00cd MODUL\u00c1RN\u00cd DOMYNa prvn\u00ed pohled je to skute\u010dn\u011b T\u011b\u017eko rozeznat kontejnerov\u00fd d\u016fm od [&hellip;]","og_url":"https:\/\/pmhouse.sk\/cs\/casto-kladene-otazky\/","og_site_name":"Pmhouse","article_modified_time":"2023-01-13T13:07:26+00:00","twitter_card":"summary_large_image","twitter_misc":{"Odhadovan\u00e1 doba \u010dten\u00ed":"9 minut"},"schema":{"@context":"https:\/\/schema.org","@graph":[{"@type":"WebPage","@id":"https:\/\/pmhouse.sk\/cs\/casto-kladene-otazky\/","url":"https:\/\/pmhouse.sk\/cs\/casto-kladene-otazky\/","name":"\u010casto kladen\u00e9 ot\u00e1zky - Pmhouse","isPartOf":{"@id":"https:\/\/pmhouse.sk\/cs\/#website"},"datePublished":"2022-02-22T10:04:18+00:00","dateModified":"2023-01-13T13:07:26+00:00","breadcrumb":{"@id":"https:\/\/pmhouse.sk\/cs\/casto-kladene-otazky\/#breadcrumb"},"inLanguage":"cs","potentialAction":[{"@type":"ReadAction","target":["https:\/\/pmhouse.sk\/cs\/casto-kladene-otazky\/"]}]},{"@type":"BreadcrumbList","@id":"https:\/\/pmhouse.sk\/cs\/casto-kladene-otazky\/#breadcrumb","itemListElement":[{"@type":"ListItem","position":1,"name":"Home","item":"https:\/\/pmhouse.sk\/cs\/"},{"@type":"ListItem","position":2,"name":"\u010casto kladen\u00e9 ot\u00e1zky"}]},{"@type":"WebSite","@id":"https:\/\/pmhouse.sk\/cs\/#website","url":"https:\/\/pmhouse.sk\/cs\/","name":"Pmhouse","description":"Modul\u00e1rne domy","potentialAction":[{"@type":"SearchAction","target":{"@type":"EntryPoint","urlTemplate":"https:\/\/pmhouse.sk\/cs\/?s={search_term_string}"},"query-input":{"@type":"PropertyValueSpecification","valueRequired":true,"valueName":"search_term_string"}}],"inLanguage":"cs"}]}},"_links":{"self":[{"href":"https:\/\/pmhouse.sk\/cs\/wp-json\/wp\/v2\/pages\/9574","targetHints":{"allow":["GET"]}}],"collection":[{"href":"https:\/\/pmhouse.sk\/cs\/wp-json\/wp\/v2\/pages"}],"about":[{"href":"https:\/\/pmhouse.sk\/cs\/wp-json\/wp\/v2\/types\/page"}],"author":[{"embeddable":true,"href":"https:\/\/pmhouse.sk\/cs\/wp-json\/wp\/v2\/users\/1"}],"replies":[{"embeddable":true,"href":"https:\/\/pmhouse.sk\/cs\/wp-json\/wp\/v2\/comments?post=9574"}],"version-history":[{"count":5,"href":"https:\/\/pmhouse.sk\/cs\/wp-json\/wp\/v2\/pages\/9574\/revisions"}],"predecessor-version":[{"id":9818,"href":"https:\/\/pmhouse.sk\/cs\/wp-json\/wp\/v2\/pages\/9574\/revisions\/9818"}],"wp:attachment":[{"href":"https:\/\/pmhouse.sk\/cs\/wp-json\/wp\/v2\/media?parent=9574"}],"curies":[{"name":"wp","href":"https:\/\/api.w.org\/{rel}","templated":true}]}}