{"id":9540,"date":"2022-03-07T14:09:56","date_gmt":"2022-03-07T13:09:56","guid":{"rendered":"https:\/\/pmhouse.sk\/garazova-vrata\/"},"modified":"2023-01-27T12:53:46","modified_gmt":"2023-01-27T11:53:46","slug":"garazova-vrata","status":"publish","type":"page","link":"https:\/\/pmhouse.sk\/cs\/garazova-vrata\/","title":{"rendered":"Gar\u00e1\u017eov\u00e1 vrata"},"content":{"rendered":"<p>[et_pb_section fb_built=&#8220;1&#8243; _builder_version=&#8220;4.16&#8243; _module_preset=&#8220;default&#8220; custom_padding=&#8220;20px||14px|||&#8220; global_colors_info=&#8220;{}&#8220;][et_pb_row column_structure=&#8220;1_6,1_6,1_6,1_6,1_6,1_6&#8243; disabled_on=&#8220;off|off|off&#8220; _builder_version=&#8220;4.16&#8243; _module_preset=&#8220;default&#8220; transform_scale=&#8220;80%|80%&#8220; locked=&#8220;off&#8220; global_colors_info=&#8220;{}&#8220;][et_pb_column type=&#8220;1_6&#8243; _builder_version=&#8220;4.16&#8243; _module_preset=&#8220;default&#8220; animation_style=&#8220;zoom&#8220; box_shadow_style=&#8220;preset2&#8243; global_colors_info=&#8220;{}&#8220;][et_pb_button button_url=&#8220;https:\/\/pmhouse.sk\/cs\/garazova-vrata\/&#8220; button_text=&#8220;Gar\u00e1\u017eov\u00e1 vrata&#8220; button_alignment=&#8220;center&#8220; _builder_version=&#8220;4.19.1&#8243; _module_preset=&#8220;default&#8220; transform_scale=&#8220;120%|120%&#8220; hover_enabled=&#8220;0&#8243; locked=&#8220;off&#8220; global_colors_info=&#8220;{}&#8220; sticky_enabled=&#8220;0&#8243;][\/et_pb_button][\/et_pb_column][et_pb_column type=&#8220;1_6&#8243; _builder_version=&#8220;4.16&#8243; _module_preset=&#8220;default&#8220; animation_style=&#8220;zoom&#8220; box_shadow_style=&#8220;preset2&#8243; global_colors_info=&#8220;{}&#8220;][et_pb_button button_url=&#8220;https:\/\/pmhouse.sk\/cs\/zaluzie-a-rolety\/&#8220; button_text=&#8220;\u017daluzie a rolety&#8220; button_alignment=&#8220;center&#8220; _builder_version=&#8220;4.19.1&#8243; _module_preset=&#8220;default&#8220; hover_enabled=&#8220;0&#8243; locked=&#8220;off&#8220; global_colors_info=&#8220;{}&#8220; sticky_enabled=&#8220;0&#8243;][\/et_pb_button][\/et_pb_column][et_pb_column type=&#8220;1_6&#8243; _builder_version=&#8220;4.16&#8243; _module_preset=&#8220;default&#8220; animation_style=&#8220;zoom&#8220; box_shadow_style=&#8220;preset2&#8243; global_colors_info=&#8220;{}&#8220;][et_pb_button button_url=&#8220;https:\/\/pmhouse.sk\/cs\/zimni-zahrady\/&#8220; button_text=&#8220;Zimn\u00ed zahrady&#8220; button_alignment=&#8220;center&#8220; _builder_version=&#8220;4.19.1&#8243; _module_preset=&#8220;default&#8220; hover_enabled=&#8220;0&#8243; locked=&#8220;off&#8220; global_colors_info=&#8220;{}&#8220; sticky_enabled=&#8220;0&#8243;][\/et_pb_button][\/et_pb_column][et_pb_column type=&#8220;1_6&#8243; _builder_version=&#8220;4.16&#8243; _module_preset=&#8220;default&#8220; animation_style=&#8220;zoom&#8220; box_shadow_style=&#8220;preset2&#8243; global_colors_info=&#8220;{}&#8220;][et_pb_button button_url=&#8220;https:\/\/pmhouse.sk\/cs\/plastova-okna\/&#8220; button_text=&#8220;Plastov\u00e1 okna&#8220; button_alignment=&#8220;center&#8220; _builder_version=&#8220;4.19.1&#8243; _module_preset=&#8220;default&#8220; hover_enabled=&#8220;0&#8243; locked=&#8220;off&#8220; global_colors_info=&#8220;{}&#8220; sticky_enabled=&#8220;0&#8243;][\/et_pb_button][\/et_pb_column][et_pb_column type=&#8220;1_6&#8243; _builder_version=&#8220;4.16&#8243; _module_preset=&#8220;default&#8220; animation_style=&#8220;zoom&#8220; box_shadow_style=&#8220;preset2&#8243; global_colors_info=&#8220;{}&#8220;][et_pb_button button_url=&#8220;https:\/\/pmhouse.sk\/cs\/hlinikova-okna\/&#8220; button_text=&#8220;Hlin\u00edkov\u00e1 okna&#8220; button_alignment=&#8220;center&#8220; _builder_version=&#8220;4.19.1&#8243; _module_preset=&#8220;default&#8220; hover_enabled=&#8220;0&#8243; locked=&#8220;off&#8220; global_colors_info=&#8220;{}&#8220; sticky_enabled=&#8220;0&#8243;][\/et_pb_button][\/et_pb_column][et_pb_column type=&#8220;1_6&#8243; _builder_version=&#8220;4.16&#8243; _module_preset=&#8220;default&#8220; animation_style=&#8220;zoom&#8220; box_shadow_style=&#8220;preset2&#8243; global_colors_info=&#8220;{}&#8220;][et_pb_button button_url=&#8220;https:\/\/pmhouse.sk\/cs\/vnejsi-dvere\/&#8220; button_text=&#8220;Vn\u011bj\u0161\u00ed dve\u0159e&#8220; button_alignment=&#8220;center&#8220; _builder_version=&#8220;4.19.1&#8243; _module_preset=&#8220;default&#8220; hover_enabled=&#8220;0&#8243; locked=&#8220;off&#8220; global_colors_info=&#8220;{}&#8220; sticky_enabled=&#8220;0&#8243;][\/et_pb_button][\/et_pb_column][\/et_pb_row][et_pb_row _builder_version=&#8220;4.16&#8243; _module_preset=&#8220;default&#8220; global_colors_info=&#8220;{}&#8220;][et_pb_column type=&#8220;4_4&#8243; _builder_version=&#8220;4.16&#8243; _module_preset=&#8220;default&#8220; global_colors_info=&#8220;{}&#8220;][et_pb_image src=&#8220;https:\/\/pmhouse.sk\/wp-content\/uploads\/2022\/10\/GARAZOVE-BRANY.png&#8220; title_text=&#8220;GAR\u00c1\u017dOV\u00c9 BR\u00c1NY&#8220; _builder_version=&#8220;4.16&#8243; _module_preset=&#8220;default&#8220; global_colors_info=&#8220;{}&#8220;][\/et_pb_image][\/et_pb_column][\/et_pb_row][et_pb_row _builder_version=&#8220;4.16&#8243; _module_preset=&#8220;default&#8220; global_colors_info=&#8220;{}&#8220;][et_pb_column type=&#8220;4_4&#8243; _builder_version=&#8220;4.16&#8243; _module_preset=&#8220;default&#8220; global_colors_info=&#8220;{}&#8220;][et_pb_button button_url=&#8220;https:\/\/pmhouse.sk\/cs\/kontakt\/&#8220; button_text=&#8220;Cenov\u00e1 nab\u00eddka&#8220; button_alignment=&#8220;center&#8220; _builder_version=&#8220;4.19.1&#8243; _module_preset=&#8220;default&#8220; hover_enabled=&#8220;0&#8243; locked=&#8220;off&#8220; global_colors_info=&#8220;{}&#8220; sticky_enabled=&#8220;0&#8243;][\/et_pb_button][\/et_pb_column][\/et_pb_row][et_pb_row column_structure=&#8220;1_2,1_2&#8243; _builder_version=&#8220;4.16&#8243; _module_preset=&#8220;default&#8220; global_colors_info=&#8220;{}&#8220;][et_pb_column type=&#8220;1_2&#8243; _builder_version=&#8220;4.16&#8243; _module_preset=&#8220;default&#8220; global_colors_info=&#8220;{}&#8220;][et_pb_image src=&#8220;https:\/\/pmhouse.sk\/wp-content\/uploads\/2022\/10\/Snimka-obrazovky-2022-10-25-o-11.12.12.jpg&#8220; title_text=&#8220;Sn\u00edmek obrazovky 2022-10-25 o 11.12.12&#8243; _builder_version=&#8220;4.16&#8243; _module_preset=&#8220;default&#8220; width=&#8220;84%&#8220; global_colors_info=&#8220;{}&#8220;][\/et_pb_image][\/et_pb_column][et_pb_column type=&#8220;1_2&#8243; _builder_version=&#8220;4.16&#8243; _module_preset=&#8220;default&#8220; global_colors_info=&#8220;{}&#8220;][et_pb_text _builder_version=&#8220;4.16&#8243; _module_preset=&#8220;default&#8220; text_font=&#8220;ISOCPEUR||||||||&#8220; text_font_size=&#8220;18px&#8220; global_colors_info=&#8220;{}&#8220;]<\/p>\n<p style=\"text-align: center;\"><strong><\/strong><\/p>\n<p style=\"text-align: center;\"><strong><\/strong><\/p>\n<p style=\"text-align: center;\"><strong><\/strong><\/p>\n<p style=\"text-align: center;\"><strong><\/strong><\/p>\n<p style=\"text-align: right;\"><strong><\/strong><\/p>\n<p style=\"text-align: right;\"><strong><\/strong><\/p>\n<p style=\"text-align: right;\"><strong>PRODUKTY PRO INDIVIDU\u00c1LN\u00cd Z\u00c1KAZN\u00cdKY<\/strong><\/p>\n<p style=\"text-align: center;\"><strong><\/strong><\/p>\n<p style=\"text-align: right;\"><span>&#8211; v\u00fdklopn\u00e1, sek\u010dn\u00ed a rolovac\u00ed gar\u00e1\u017eov\u00e1 vrata<\/span><\/p>\n<p style=\"text-align: right;\"><span>&#8211; dve\u0159e &#8211; venkovn\u00ed, vnit\u0159n\u00ed, technick\u00e9 m\u00edstnosti (sklep, gar\u00e1\u017e, kotelna)<\/span><\/p>\n<p style=\"text-align: right;\"><span>&#8211; pohony a ovl\u00e1d\u00e1n\u00ed &#8211; gar\u00e1\u017eov\u00e1 vrata, domovn\u00ed vrata<\/span><\/p>\n<p>[\/et_pb_text][\/et_pb_column][\/et_pb_row][et_pb_row column_structure=&#8220;1_2,1_2&#8243; _builder_version=&#8220;4.16&#8243; _module_preset=&#8220;default&#8220; min_height=&#8220;606px&#8220; custom_margin=&#8220;58px||||false|false&#8220; global_colors_info=&#8220;{}&#8220;][et_pb_column type=&#8220;1_2&#8243; _builder_version=&#8220;4.16&#8243; _module_preset=&#8220;default&#8220; global_colors_info=&#8220;{}&#8220;][et_pb_text _builder_version=&#8220;4.16&#8243; _module_preset=&#8220;default&#8220; text_font=&#8220;ISOCPEUR||||||||&#8220; text_font_size=&#8220;18px&#8220; global_colors_info=&#8220;{}&#8220;]<\/p>\n<p style=\"text-align: center;\"><strong><\/strong><\/p>\n<p style=\"text-align: center;\"><strong><\/strong><\/p>\n<p style=\"text-align: center;\"><strong><\/strong><\/p>\n<p style=\"text-align: center;\"><strong><\/strong><\/p>\n<p style=\"text-align: center;\"><strong><\/strong><\/p>\n<p style=\"text-align: center;\"><strong><\/strong><\/p>\n<p style=\"text-align: left;\"><strong>PRODUKTY PRO PR\u016eMYSL A INSTITUCE<\/strong><\/p>\n<p style=\"text-align: center;\"><strong><\/strong><\/p>\n<p style=\"text-align: center;\"><strong><\/strong><\/p>\n<p><span>&#8211; r\u00e1my &#8211; segmentov\u00e9, v\u00e1lcovan\u00e9, posuvn\u00e9<\/span><\/p>\n<p><span>&#8211; logistick\u00e1 \u0159e\u0161en\u00ed &#8211; rampy, t\u011bsn\u011bn\u00ed<\/span><\/p>\n<p><span>&#8211; specializovan\u00e1 vrata &#8211; protipo\u017e\u00e1rn\u00ed dve\u0159e, <\/span><span>rychl\u00e9 v\u00e1lcov\u00e1n\u00ed<\/span><span>, hromadn\u00e9 gar\u00e1\u017ee<\/span><\/p>\n<p><span>&#8211; protipo\u017e\u00e1rn\u00ed dve\u0159e a uz\u00e1v\u011bry<\/span><\/p>\n<p><span>&#8211; technick\u00e9 a speci\u00e1ln\u00ed dve\u0159e<\/span><\/p>\n<p><span>&#8211; automatizace vrat a dve\u0159\u00ed<\/span><\/p>\n<p>[\/et_pb_text][\/et_pb_column][et_pb_column type=&#8220;1_2&#8243; _builder_version=&#8220;4.16&#8243; _module_preset=&#8220;default&#8220; global_colors_info=&#8220;{}&#8220;][et_pb_image src=&#8220;https:\/\/pmhouse.sk\/wp-content\/uploads\/2022\/10\/Snimka-obrazovky-2022-10-25-o-11.12.31-2.jpg&#8220; title_text=&#8220;Snimka-obrazovky-2022-10-25-o-11.12.31&#8243; _builder_version=&#8220;4.16&#8243; _module_preset=&#8220;default&#8220; global_colors_info=&#8220;{}&#8220;][\/et_pb_image][\/et_pb_column][\/et_pb_row][et_pb_row _builder_version=&#8220;4.16&#8243; _module_preset=&#8220;default&#8220; global_colors_info=&#8220;{}&#8220;][et_pb_column type=&#8220;4_4&#8243; _builder_version=&#8220;4.16&#8243; _module_preset=&#8220;default&#8220; global_colors_info=&#8220;{}&#8220;][et_pb_divider _builder_version=&#8220;4.16&#8243; _module_preset=&#8220;default&#8220; global_colors_info=&#8220;{}&#8220;][\/et_pb_divider][\/et_pb_column][\/et_pb_row][\/et_pb_section]<\/p>\n","protected":false},"excerpt":{"rendered":"<p>PRODUKTY PRO INDIVIDU\u00c1LN\u00cd Z\u00c1KAZN\u00cdKY &#8211; v\u00fdklopn\u00e1, sek\u010dn\u00ed a rolovac\u00ed gar\u00e1\u017eov\u00e1 vrata &#8211; dve\u0159e &#8211; venkovn\u00ed, vnit\u0159n\u00ed, technick\u00e9 m\u00edstnosti (sklep, gar\u00e1\u017e, kotelna) &#8211; pohony a ovl\u00e1d\u00e1n\u00ed &#8211; gar\u00e1\u017eov\u00e1 vrata, domovn\u00ed vrata PRODUKTY PRO PR\u016eMYSL A INSTITUCE &#8211; r\u00e1my &#8211; segmentov\u00e9, v\u00e1lcovan\u00e9, posuvn\u00e9 &#8211; logistick\u00e1 \u0159e\u0161en\u00ed &#8211; rampy, t\u011bsn\u011bn\u00ed &#8211; specializovan\u00e1 vrata &#8211; protipo\u017e\u00e1rn\u00ed dve\u0159e, rychl\u00e9 v\u00e1lcov\u00e1n\u00ed, [&hellip;]<\/p>\n","protected":false},"author":1,"featured_media":0,"parent":0,"menu_order":0,"comment_status":"closed","ping_status":"closed","template":"","meta":{"_et_pb_use_builder":"on","_et_pb_old_content":"","_et_gb_content_width":"","inline_featured_image":false,"_monsterinsights_skip_tracking":false,"_monsterinsights_sitenote_active":false,"_monsterinsights_sitenote_note":"","_monsterinsights_sitenote_category":0,"_uf_show_specific_survey":0,"_uf_disable_surveys":false,"footnotes":""},"class_list":["post-9540","page","type-page","status-publish","hentry"],"aioseo_notices":[],"yoast_head":"<!-- This site is optimized with the Yoast SEO plugin v26.8 - https:\/\/yoast.com\/product\/yoast-seo-wordpress\/ -->\n<title>Gar\u00e1\u017eov\u00e1 vrata - Pmhouse<\/title>\n<meta name=\"robots\" content=\"index, follow, max-snippet:-1, max-image-preview:large, max-video-preview:-1\" \/>\n<link rel=\"canonical\" href=\"https:\/\/pmhouse.sk\/cs\/garazova-vrata\/\" \/>\n<meta property=\"og:locale\" content=\"cs_CZ\" \/>\n<meta property=\"og:type\" content=\"article\" \/>\n<meta property=\"og:title\" content=\"Gar\u00e1\u017eov\u00e1 vrata - Pmhouse\" \/>\n<meta property=\"og:description\" content=\"PRODUKTY PRO INDIVIDU\u00c1LN\u00cd Z\u00c1KAZN\u00cdKY - v\u00fdklopn\u00e1, sek\u010dn\u00ed a rolovac\u00ed gar\u00e1\u017eov\u00e1 vrata - dve\u0159e - venkovn\u00ed, vnit\u0159n\u00ed, technick\u00e9 m\u00edstnosti (sklep, gar\u00e1\u017e, kotelna) - pohony a ovl\u00e1d\u00e1n\u00ed - gar\u00e1\u017eov\u00e1 vrata, domovn\u00ed vrata PRODUKTY PRO PR\u016eMYSL A INSTITUCE - r\u00e1my - segmentov\u00e9, v\u00e1lcovan\u00e9, posuvn\u00e9 - logistick\u00e1 \u0159e\u0161en\u00ed - rampy, t\u011bsn\u011bn\u00ed - specializovan\u00e1 vrata - protipo\u017e\u00e1rn\u00ed dve\u0159e, rychl\u00e9 v\u00e1lcov\u00e1n\u00ed, [&hellip;]\" \/>\n<meta property=\"og:url\" content=\"https:\/\/pmhouse.sk\/cs\/garazova-vrata\/\" \/>\n<meta property=\"og:site_name\" content=\"Pmhouse\" \/>\n<meta property=\"article:modified_time\" content=\"2023-01-27T11:53:46+00:00\" \/>\n<meta name=\"twitter:card\" content=\"summary_large_image\" \/>\n<meta name=\"twitter:label1\" content=\"Odhadovan\u00e1 doba \u010dten\u00ed\" \/>\n\t<meta name=\"twitter:data1\" content=\"4 minuty\" \/>\n<script type=\"application\/ld+json\" class=\"yoast-schema-graph\">{\"@context\":\"https:\/\/schema.org\",\"@graph\":[{\"@type\":\"WebPage\",\"@id\":\"https:\/\/pmhouse.sk\/cs\/garazova-vrata\/\",\"url\":\"https:\/\/pmhouse.sk\/cs\/garazova-vrata\/\",\"name\":\"Gar\u00e1\u017eov\u00e1 vrata - Pmhouse\",\"isPartOf\":{\"@id\":\"https:\/\/pmhouse.sk\/cs\/#website\"},\"datePublished\":\"2022-03-07T13:09:56+00:00\",\"dateModified\":\"2023-01-27T11:53:46+00:00\",\"breadcrumb\":{\"@id\":\"https:\/\/pmhouse.sk\/cs\/garazova-vrata\/#breadcrumb\"},\"inLanguage\":\"cs\",\"potentialAction\":[{\"@type\":\"ReadAction\",\"target\":[\"https:\/\/pmhouse.sk\/cs\/garazova-vrata\/\"]}]},{\"@type\":\"BreadcrumbList\",\"@id\":\"https:\/\/pmhouse.sk\/cs\/garazova-vrata\/#breadcrumb\",\"itemListElement\":[{\"@type\":\"ListItem\",\"position\":1,\"name\":\"Home\",\"item\":\"https:\/\/pmhouse.sk\/cs\/\"},{\"@type\":\"ListItem\",\"position\":2,\"name\":\"Gar\u00e1\u017eov\u00e1 vrata\"}]},{\"@type\":\"WebSite\",\"@id\":\"https:\/\/pmhouse.sk\/cs\/#website\",\"url\":\"https:\/\/pmhouse.sk\/cs\/\",\"name\":\"Pmhouse\",\"description\":\"Modul\u00e1rne domy\",\"potentialAction\":[{\"@type\":\"SearchAction\",\"target\":{\"@type\":\"EntryPoint\",\"urlTemplate\":\"https:\/\/pmhouse.sk\/cs\/?s={search_term_string}\"},\"query-input\":{\"@type\":\"PropertyValueSpecification\",\"valueRequired\":true,\"valueName\":\"search_term_string\"}}],\"inLanguage\":\"cs\"}]}<\/script>\n<!-- \/ Yoast SEO plugin. -->","yoast_head_json":{"title":"Gar\u00e1\u017eov\u00e1 vrata - Pmhouse","robots":{"index":"index","follow":"follow","max-snippet":"max-snippet:-1","max-image-preview":"max-image-preview:large","max-video-preview":"max-video-preview:-1"},"canonical":"https:\/\/pmhouse.sk\/cs\/garazova-vrata\/","og_locale":"cs_CZ","og_type":"article","og_title":"Gar\u00e1\u017eov\u00e1 vrata - Pmhouse","og_description":"PRODUKTY PRO INDIVIDU\u00c1LN\u00cd Z\u00c1KAZN\u00cdKY - v\u00fdklopn\u00e1, sek\u010dn\u00ed a rolovac\u00ed gar\u00e1\u017eov\u00e1 vrata - dve\u0159e - venkovn\u00ed, vnit\u0159n\u00ed, technick\u00e9 m\u00edstnosti (sklep, gar\u00e1\u017e, kotelna) - pohony a ovl\u00e1d\u00e1n\u00ed - gar\u00e1\u017eov\u00e1 vrata, domovn\u00ed vrata PRODUKTY PRO PR\u016eMYSL A INSTITUCE - r\u00e1my - segmentov\u00e9, v\u00e1lcovan\u00e9, posuvn\u00e9 - logistick\u00e1 \u0159e\u0161en\u00ed - rampy, t\u011bsn\u011bn\u00ed - specializovan\u00e1 vrata - protipo\u017e\u00e1rn\u00ed dve\u0159e, rychl\u00e9 v\u00e1lcov\u00e1n\u00ed, [&hellip;]","og_url":"https:\/\/pmhouse.sk\/cs\/garazova-vrata\/","og_site_name":"Pmhouse","article_modified_time":"2023-01-27T11:53:46+00:00","twitter_card":"summary_large_image","twitter_misc":{"Odhadovan\u00e1 doba \u010dten\u00ed":"4 minuty"},"schema":{"@context":"https:\/\/schema.org","@graph":[{"@type":"WebPage","@id":"https:\/\/pmhouse.sk\/cs\/garazova-vrata\/","url":"https:\/\/pmhouse.sk\/cs\/garazova-vrata\/","name":"Gar\u00e1\u017eov\u00e1 vrata - Pmhouse","isPartOf":{"@id":"https:\/\/pmhouse.sk\/cs\/#website"},"datePublished":"2022-03-07T13:09:56+00:00","dateModified":"2023-01-27T11:53:46+00:00","breadcrumb":{"@id":"https:\/\/pmhouse.sk\/cs\/garazova-vrata\/#breadcrumb"},"inLanguage":"cs","potentialAction":[{"@type":"ReadAction","target":["https:\/\/pmhouse.sk\/cs\/garazova-vrata\/"]}]},{"@type":"BreadcrumbList","@id":"https:\/\/pmhouse.sk\/cs\/garazova-vrata\/#breadcrumb","itemListElement":[{"@type":"ListItem","position":1,"name":"Home","item":"https:\/\/pmhouse.sk\/cs\/"},{"@type":"ListItem","position":2,"name":"Gar\u00e1\u017eov\u00e1 vrata"}]},{"@type":"WebSite","@id":"https:\/\/pmhouse.sk\/cs\/#website","url":"https:\/\/pmhouse.sk\/cs\/","name":"Pmhouse","description":"Modul\u00e1rne domy","potentialAction":[{"@type":"SearchAction","target":{"@type":"EntryPoint","urlTemplate":"https:\/\/pmhouse.sk\/cs\/?s={search_term_string}"},"query-input":{"@type":"PropertyValueSpecification","valueRequired":true,"valueName":"search_term_string"}}],"inLanguage":"cs"}]}},"_links":{"self":[{"href":"https:\/\/pmhouse.sk\/cs\/wp-json\/wp\/v2\/pages\/9540","targetHints":{"allow":["GET"]}}],"collection":[{"href":"https:\/\/pmhouse.sk\/cs\/wp-json\/wp\/v2\/pages"}],"about":[{"href":"https:\/\/pmhouse.sk\/cs\/wp-json\/wp\/v2\/types\/page"}],"author":[{"embeddable":true,"href":"https:\/\/pmhouse.sk\/cs\/wp-json\/wp\/v2\/users\/1"}],"replies":[{"embeddable":true,"href":"https:\/\/pmhouse.sk\/cs\/wp-json\/wp\/v2\/comments?post=9540"}],"version-history":[{"count":3,"href":"https:\/\/pmhouse.sk\/cs\/wp-json\/wp\/v2\/pages\/9540\/revisions"}],"predecessor-version":[{"id":10328,"href":"https:\/\/pmhouse.sk\/cs\/wp-json\/wp\/v2\/pages\/9540\/revisions\/10328"}],"wp:attachment":[{"href":"https:\/\/pmhouse.sk\/cs\/wp-json\/wp\/v2\/media?parent=9540"}],"curies":[{"name":"wp","href":"https:\/\/api.w.org\/{rel}","templated":true}]}}