{"id":9456,"date":"2022-06-02T11:58:59","date_gmt":"2022-06-02T09:58:59","guid":{"rendered":"https:\/\/pmhouse.sk\/podminky-a-pravidla\/"},"modified":"2023-01-31T11:14:07","modified_gmt":"2023-01-31T10:14:07","slug":"podminky-a-pravidla","status":"publish","type":"page","link":"https:\/\/pmhouse.sk\/cs\/podminky-a-pravidla\/","title":{"rendered":"Podm\u00ednky a pravidla"},"content":{"rendered":"<p>[et_pb_section fb_built=&#8220;1&#8243; _builder_version=&#8220;4.16&#8243; _module_preset=&#8220;default&#8220; custom_padding=&#8220;20px||14px|||&#8220; global_colors_info=&#8220;{}&#8220;][et_pb_row _builder_version=&#8220;4.16&#8243; _module_preset=&#8220;default&#8220; global_colors_info=&#8220;{}&#8220;][et_pb_column type=&#8220;4_4&#8243; _builder_version=&#8220;4.16&#8243; _module_preset=&#8220;default&#8220; global_colors_info=&#8220;{}&#8220;][et_pb_text _builder_version=&#8220;4.16&#8243; _module_preset=&#8220;default&#8220; header_font=&#8220;|700|||||||&#8220; background_color=&#8220;#f6f7fc&#8220; custom_padding=&#8220;46px|56px|46px|56px|true|true&#8220; border_radii=&#8220;on|16px|16px|16px|16px&#8220; global_colors_info=&#8220;{}&#8220;]<\/p>\n<h1>Faq<\/h1>\n<p>[\/et_pb_text][et_pb_text _builder_version=&#8220;4.16&#8243; _module_preset=&#8220;default&#8220; header_font=&#8220;|700|||||||&#8220; background_color=&#8220;#f6f7fc&#8220; custom_padding=&#8220;46px|56px|46px|56px|true|true&#8220; border_radii=&#8220;on|16px|16px|16px|16px&#8220; global_colors_info=&#8220;{}&#8220;]<\/p>\n<p><span>Modul\u00e1rn\u00ed v\u00fdstavba a zejm\u00e9na obytn\u00e9 kontejnery p\u0159edstavuj\u00ed novou alternativu ve stavebnictv\u00ed. Pokud se rozhodnete, \u017ee chcete rychle (b\u011bhem n\u011bkolika t\u00fddn\u016f) postavit nejen sv\u016fj domov, ale tak\u00e9 nap\u0159\u00edklad malou kav\u00e1rnu, v\u00edkendov\u00e9 s\u00eddlo nebo z\u00e1zem\u00ed pro d\u011bln\u00edky, je obytn\u00fd kontejner ide\u00e1ln\u00edm \u0159e\u0161en\u00edm.<\/span><\/p>\n<p>[\/et_pb_text][\/et_pb_column][\/et_pb_row][\/et_pb_section]<\/p>\n","protected":false},"excerpt":{"rendered":"<p>FaqModul\u00e1rn\u00ed v\u00fdstavba a zejm\u00e9na obytn\u00e9 kontejnery p\u0159edstavuj\u00ed novou alternativu ve stavebnictv\u00ed. Pokud se rozhodnete, \u017ee chcete rychle (b\u011bhem n\u011bkolika t\u00fddn\u016f) postavit nejen sv\u016fj domov, ale tak\u00e9 nap\u0159\u00edklad malou kav\u00e1rnu, v\u00edkendov\u00e9 s\u00eddlo nebo z\u00e1zem\u00ed pro d\u011bln\u00edky, je obytn\u00fd kontejner ide\u00e1ln\u00edm \u0159e\u0161en\u00edm.<\/p>\n","protected":false},"author":1,"featured_media":0,"parent":0,"menu_order":0,"comment_status":"closed","ping_status":"closed","template":"","meta":{"_et_pb_use_builder":"on","_et_pb_old_content":"","_et_gb_content_width":"","inline_featured_image":false,"_monsterinsights_skip_tracking":false,"_monsterinsights_sitenote_active":false,"_monsterinsights_sitenote_note":"","_monsterinsights_sitenote_category":0,"_uf_show_specific_survey":0,"_uf_disable_surveys":false,"footnotes":""},"class_list":["post-9456","page","type-page","status-publish","hentry"],"aioseo_notices":[],"yoast_head":"<!-- This site is optimized with the Yoast SEO plugin v27.5 - https:\/\/yoast.com\/product\/yoast-seo-wordpress\/ -->\n<title>Podm\u00ednky a pravidla - Pmhouse<\/title>\n<meta name=\"robots\" content=\"index, follow, max-snippet:-1, max-image-preview:large, max-video-preview:-1\" \/>\n<link rel=\"canonical\" href=\"https:\/\/pmhouse.sk\/cs\/podminky-a-pravidla\/\" \/>\n<meta property=\"og:locale\" content=\"cs_CZ\" \/>\n<meta property=\"og:type\" content=\"article\" \/>\n<meta property=\"og:title\" content=\"Podm\u00ednky a pravidla - Pmhouse\" \/>\n<meta property=\"og:description\" content=\"FaqModul\u00e1rn\u00ed v\u00fdstavba a zejm\u00e9na obytn\u00e9 kontejnery p\u0159edstavuj\u00ed novou alternativu ve stavebnictv\u00ed. Pokud se rozhodnete, \u017ee chcete rychle (b\u011bhem n\u011bkolika t\u00fddn\u016f) postavit nejen sv\u016fj domov, ale tak\u00e9 nap\u0159\u00edklad malou kav\u00e1rnu, v\u00edkendov\u00e9 s\u00eddlo nebo z\u00e1zem\u00ed pro d\u011bln\u00edky, je obytn\u00fd kontejner ide\u00e1ln\u00edm \u0159e\u0161en\u00edm.\" \/>\n<meta property=\"og:url\" content=\"https:\/\/pmhouse.sk\/cs\/podminky-a-pravidla\/\" \/>\n<meta property=\"og:site_name\" content=\"Pmhouse\" \/>\n<meta property=\"article:modified_time\" content=\"2023-01-31T10:14:07+00:00\" \/>\n<meta name=\"twitter:card\" content=\"summary_large_image\" \/>\n<meta name=\"twitter:label1\" content=\"Odhadovan\u00e1 doba \u010dten\u00ed\" \/>\n\t<meta name=\"twitter:data1\" content=\"1 minuta\" \/>\n<script type=\"application\/ld+json\" class=\"yoast-schema-graph\">{\"@context\":\"https:\\\/\\\/schema.org\",\"@graph\":[{\"@type\":\"WebPage\",\"@id\":\"https:\\\/\\\/pmhouse.sk\\\/cs\\\/podminky-a-pravidla\\\/\",\"url\":\"https:\\\/\\\/pmhouse.sk\\\/cs\\\/podminky-a-pravidla\\\/\",\"name\":\"Podm\u00ednky a pravidla - Pmhouse\",\"isPartOf\":{\"@id\":\"https:\\\/\\\/pmhouse.sk\\\/cs\\\/#website\"},\"datePublished\":\"2022-06-02T09:58:59+00:00\",\"dateModified\":\"2023-01-31T10:14:07+00:00\",\"breadcrumb\":{\"@id\":\"https:\\\/\\\/pmhouse.sk\\\/cs\\\/podminky-a-pravidla\\\/#breadcrumb\"},\"inLanguage\":\"cs\",\"potentialAction\":[{\"@type\":\"ReadAction\",\"target\":[\"https:\\\/\\\/pmhouse.sk\\\/cs\\\/podminky-a-pravidla\\\/\"]}]},{\"@type\":\"BreadcrumbList\",\"@id\":\"https:\\\/\\\/pmhouse.sk\\\/cs\\\/podminky-a-pravidla\\\/#breadcrumb\",\"itemListElement\":[{\"@type\":\"ListItem\",\"position\":1,\"name\":\"Home\",\"item\":\"https:\\\/\\\/pmhouse.sk\\\/cs\\\/\"},{\"@type\":\"ListItem\",\"position\":2,\"name\":\"Podm\u00ednky a pravidla\"}]},{\"@type\":\"WebSite\",\"@id\":\"https:\\\/\\\/pmhouse.sk\\\/cs\\\/#website\",\"url\":\"https:\\\/\\\/pmhouse.sk\\\/cs\\\/\",\"name\":\"Pmhouse\",\"description\":\"Modul\u00e1rne domy\",\"potentialAction\":[{\"@type\":\"SearchAction\",\"target\":{\"@type\":\"EntryPoint\",\"urlTemplate\":\"https:\\\/\\\/pmhouse.sk\\\/cs\\\/?s={search_term_string}\"},\"query-input\":{\"@type\":\"PropertyValueSpecification\",\"valueRequired\":true,\"valueName\":\"search_term_string\"}}],\"inLanguage\":\"cs\"}]}<\/script>\n<!-- \/ Yoast SEO plugin. -->","yoast_head_json":{"title":"Podm\u00ednky a pravidla - Pmhouse","robots":{"index":"index","follow":"follow","max-snippet":"max-snippet:-1","max-image-preview":"max-image-preview:large","max-video-preview":"max-video-preview:-1"},"canonical":"https:\/\/pmhouse.sk\/cs\/podminky-a-pravidla\/","og_locale":"cs_CZ","og_type":"article","og_title":"Podm\u00ednky a pravidla - Pmhouse","og_description":"FaqModul\u00e1rn\u00ed v\u00fdstavba a zejm\u00e9na obytn\u00e9 kontejnery p\u0159edstavuj\u00ed novou alternativu ve stavebnictv\u00ed. Pokud se rozhodnete, \u017ee chcete rychle (b\u011bhem n\u011bkolika t\u00fddn\u016f) postavit nejen sv\u016fj domov, ale tak\u00e9 nap\u0159\u00edklad malou kav\u00e1rnu, v\u00edkendov\u00e9 s\u00eddlo nebo z\u00e1zem\u00ed pro d\u011bln\u00edky, je obytn\u00fd kontejner ide\u00e1ln\u00edm \u0159e\u0161en\u00edm.","og_url":"https:\/\/pmhouse.sk\/cs\/podminky-a-pravidla\/","og_site_name":"Pmhouse","article_modified_time":"2023-01-31T10:14:07+00:00","twitter_card":"summary_large_image","twitter_misc":{"Odhadovan\u00e1 doba \u010dten\u00ed":"1 minuta"},"schema":{"@context":"https:\/\/schema.org","@graph":[{"@type":"WebPage","@id":"https:\/\/pmhouse.sk\/cs\/podminky-a-pravidla\/","url":"https:\/\/pmhouse.sk\/cs\/podminky-a-pravidla\/","name":"Podm\u00ednky a pravidla - Pmhouse","isPartOf":{"@id":"https:\/\/pmhouse.sk\/cs\/#website"},"datePublished":"2022-06-02T09:58:59+00:00","dateModified":"2023-01-31T10:14:07+00:00","breadcrumb":{"@id":"https:\/\/pmhouse.sk\/cs\/podminky-a-pravidla\/#breadcrumb"},"inLanguage":"cs","potentialAction":[{"@type":"ReadAction","target":["https:\/\/pmhouse.sk\/cs\/podminky-a-pravidla\/"]}]},{"@type":"BreadcrumbList","@id":"https:\/\/pmhouse.sk\/cs\/podminky-a-pravidla\/#breadcrumb","itemListElement":[{"@type":"ListItem","position":1,"name":"Home","item":"https:\/\/pmhouse.sk\/cs\/"},{"@type":"ListItem","position":2,"name":"Podm\u00ednky a pravidla"}]},{"@type":"WebSite","@id":"https:\/\/pmhouse.sk\/cs\/#website","url":"https:\/\/pmhouse.sk\/cs\/","name":"Pmhouse","description":"Modul\u00e1rne domy","potentialAction":[{"@type":"SearchAction","target":{"@type":"EntryPoint","urlTemplate":"https:\/\/pmhouse.sk\/cs\/?s={search_term_string}"},"query-input":{"@type":"PropertyValueSpecification","valueRequired":true,"valueName":"search_term_string"}}],"inLanguage":"cs"}]}},"_links":{"self":[{"href":"https:\/\/pmhouse.sk\/cs\/wp-json\/wp\/v2\/pages\/9456","targetHints":{"allow":["GET"]}}],"collection":[{"href":"https:\/\/pmhouse.sk\/cs\/wp-json\/wp\/v2\/pages"}],"about":[{"href":"https:\/\/pmhouse.sk\/cs\/wp-json\/wp\/v2\/types\/page"}],"author":[{"embeddable":true,"href":"https:\/\/pmhouse.sk\/cs\/wp-json\/wp\/v2\/users\/1"}],"replies":[{"embeddable":true,"href":"https:\/\/pmhouse.sk\/cs\/wp-json\/wp\/v2\/comments?post=9456"}],"version-history":[{"count":2,"href":"https:\/\/pmhouse.sk\/cs\/wp-json\/wp\/v2\/pages\/9456\/revisions"}],"predecessor-version":[{"id":10409,"href":"https:\/\/pmhouse.sk\/cs\/wp-json\/wp\/v2\/pages\/9456\/revisions\/10409"}],"wp:attachment":[{"href":"https:\/\/pmhouse.sk\/cs\/wp-json\/wp\/v2\/media?parent=9456"}],"curies":[{"name":"wp","href":"https:\/\/api.w.org\/{rel}","templated":true}]}}